{"id":11285,"date":"2025-06-23T15:12:59","date_gmt":"2025-06-23T13:12:59","guid":{"rendered":"https:\/\/hdo-gmbh.com\/elementor\/?page_id=11285"},"modified":"2025-07-03T07:18:06","modified_gmt":"2025-07-03T05:18:06","slug":"hdo-innovationen","status":"publish","type":"page","link":"https:\/\/hdo-gmbh.com\/de\/hdo-innovationen\/","title":{"rendered":"HDO Innovationen"},"content":{"rendered":"\t\t<div data-elementor-type=\"wp-page\" data-elementor-id=\"11285\" class=\"elementor elementor-11285\" data-elementor-post-type=\"page\">\n\t\t\t\t<div class=\"elementor-element elementor-element-b19a85a e-con-full e-flex e-con e-parent\" data-id=\"b19a85a\" data-element_type=\"container\" data-e-type=\"container\" data-settings=\"{&quot;jet_parallax_layout_list&quot;:[]}\">\n\t\t<div class=\"elementor-element elementor-element-e513310 e-con-full e-flex e-con e-child\" data-id=\"e513310\" data-element_type=\"container\" data-e-type=\"container\" data-settings=\"{&quot;background_background&quot;:&quot;classic&quot;,&quot;jet_parallax_layout_list&quot;:[]}\">\n\t\t\t\t<div class=\"elementor-element elementor-element-ae6be16 elementor-widget__width-auto heading-strich-dunkel elementor-widget elementor-widget-heading\" data-id=\"ae6be16\" data-element_type=\"widget\" data-e-type=\"widget\" data-widget_type=\"heading.default\">\n\t\t\t\t<div class=\"elementor-widget-container\">\n\t\t\t\t\t<h1 class=\"elementor-heading-title elementor-size-default\">HDO Innovationen<\/h1>\t\t\t\t<\/div>\n\t\t\t\t<\/div>\n\t\t\t\t<div class=\"elementor-element elementor-element-42a7b21 elementor-widget__width-auto elementor-widget elementor-widget-heading\" data-id=\"42a7b21\" data-element_type=\"widget\" data-e-type=\"widget\" data-widget_type=\"heading.default\">\n\t\t\t\t<div class=\"elementor-widget-container\">\n\t\t\t\t\t<h2 class=\"elementor-heading-title elementor-size-default\">Mehrwert f\u00fcr morgen<\/h2>\t\t\t\t<\/div>\n\t\t\t\t<\/div>\n\t\t\t\t<div class=\"elementor-element elementor-element-3392e17 elementor-widget elementor-widget-text-editor\" data-id=\"3392e17\" data-element_type=\"widget\" data-e-type=\"widget\" data-widget_type=\"text-editor.default\">\n\t\t\t\t<div class=\"elementor-widget-container\">\n\t\t\t\t\t\t\t\t\t<p>Wir sind Technologief\u00fchrer im Bereich Metalldruckguss mit dekorativen Oberfl\u00e4chen \u2013 und das wollen wir auch bleiben. Mit diesem Ziel pflegen wir ein aktives Innovationsmanagement, das uns die Herausforderungen der Zukunft erkennen und die passenden L\u00f6sungen entwickeln l\u00e4sst. Das Ergebnis sind Mehrwerte, die unsere Kunden begeistern. Heute und morgen.<\/p><p>Erlebbare Oberfl\u00e4chen durch Strukturen und Brandings, beleuchtete Symbolik sowie komplett neue Technologien f\u00fcr die Wasserf\u00fchrung von Trinkwasser in Armaturen sind nur einige unserer herausragenden Neuerungen aus Zinkdruckguss.<\/p>\t\t\t\t\t\t\t\t<\/div>\n\t\t\t\t<\/div>\n\t\t\t\t<\/div>\n\t\t\t\t<\/div>\n\t\t<div class=\"elementor-element elementor-element-17641dd e-flex e-con-boxed e-con e-parent\" data-id=\"17641dd\" data-element_type=\"container\" data-e-type=\"container\" data-settings=\"{&quot;background_background&quot;:&quot;classic&quot;,&quot;jet_parallax_layout_list&quot;:[],&quot;sticky&quot;:&quot;top&quot;,&quot;sticky_offset&quot;:100,&quot;sticky_on&quot;:[&quot;desktop&quot;,&quot;tablet&quot;,&quot;mobile&quot;],&quot;sticky_effects_offset&quot;:0,&quot;sticky_anchor_link_offset&quot;:0}\">\n\t\t\t\t\t<div class=\"e-con-inner\">\n\t\t\t\t<div class=\"elementor-element elementor-element-754335e elementor-nav-menu__align-center elementor-nav-menu--dropdown-none elementor-widget elementor-widget-nav-menu\" data-id=\"754335e\" data-element_type=\"widget\" data-e-type=\"widget\" data-settings=\"{&quot;layout&quot;:&quot;horizontal&quot;,&quot;submenu_icon&quot;:{&quot;value&quot;:&quot;&lt;i class=\\&quot;fas fa-caret-down\\&quot; aria-hidden=\\&quot;true\\&quot;&gt;&lt;\\\/i&gt;&quot;,&quot;library&quot;:&quot;fa-solid&quot;}}\" data-widget_type=\"nav-menu.default\">\n\t\t\t\t<div class=\"elementor-widget-container\">\n\t\t\t\t\t\t\t\t<nav aria-label=\"Men\u00fc\" class=\"elementor-nav-menu--main elementor-nav-menu__container elementor-nav-menu--layout-horizontal e--pointer-none\">\n\t\t\t\t<ul id=\"menu-1-754335e\" class=\"elementor-nav-menu\"><li class=\"menu-item menu-item-type-custom menu-item-object-custom menu-item-11299\"><a href=\"#hdo-future-technologie\" class=\"elementor-item elementor-item-anchor\">HDO-Future Technologie<\/a><\/li>\n<li class=\"menu-item menu-item-type-custom menu-item-object-custom menu-item-11300\"><a href=\"#pha-add-on\" class=\"elementor-item elementor-item-anchor\">PHA Add-on<\/a><\/li>\n<li class=\"menu-item menu-item-type-custom menu-item-object-custom menu-item-11301\"><a href=\"#strukturen-und-brandings\" class=\"elementor-item elementor-item-anchor\">Strukturen &#038; Brandings<\/a><\/li>\n<li class=\"menu-item menu-item-type-custom menu-item-object-custom menu-item-11302\"><a href=\"#sonderfarben\" class=\"elementor-item elementor-item-anchor\">Sonderfarben<\/a><\/li>\n<\/ul>\t\t\t<\/nav>\n\t\t\t\t\t\t<nav class=\"elementor-nav-menu--dropdown elementor-nav-menu__container\" aria-hidden=\"true\">\n\t\t\t\t<ul id=\"menu-2-754335e\" class=\"elementor-nav-menu\"><li class=\"menu-item menu-item-type-custom menu-item-object-custom menu-item-11299\"><a href=\"#hdo-future-technologie\" class=\"elementor-item elementor-item-anchor\" tabindex=\"-1\">HDO-Future Technologie<\/a><\/li>\n<li class=\"menu-item menu-item-type-custom menu-item-object-custom menu-item-11300\"><a href=\"#pha-add-on\" class=\"elementor-item elementor-item-anchor\" tabindex=\"-1\">PHA Add-on<\/a><\/li>\n<li class=\"menu-item menu-item-type-custom menu-item-object-custom menu-item-11301\"><a href=\"#strukturen-und-brandings\" class=\"elementor-item elementor-item-anchor\" tabindex=\"-1\">Strukturen &#038; Brandings<\/a><\/li>\n<li class=\"menu-item menu-item-type-custom menu-item-object-custom menu-item-11302\"><a href=\"#sonderfarben\" class=\"elementor-item elementor-item-anchor\" tabindex=\"-1\">Sonderfarben<\/a><\/li>\n<\/ul>\t\t\t<\/nav>\n\t\t\t\t\t\t<\/div>\n\t\t\t\t<\/div>\n\t\t\t\t\t<\/div>\n\t\t\t\t<\/div>\n\t\t<div class=\"elementor-element elementor-element-3f910c7 elementor-hidden-mobile e-flex e-con-boxed e-con e-parent\" data-id=\"3f910c7\" data-element_type=\"container\" data-e-type=\"container\" data-settings=\"{&quot;background_background&quot;:&quot;classic&quot;,&quot;jet_parallax_layout_list&quot;:[]}\">\n\t\t\t\t\t<div class=\"e-con-inner\">\n\t\t\t\t<div class=\"elementor-element elementor-element-9f8fda2 elementor-widget elementor-widget-spacer\" data-id=\"9f8fda2\" data-element_type=\"widget\" data-e-type=\"widget\" data-widget_type=\"spacer.default\">\n\t\t\t\t<div class=\"elementor-widget-container\">\n\t\t\t\t\t\t\t<div class=\"elementor-spacer\">\n\t\t\t<div class=\"elementor-spacer-inner\"><\/div>\n\t\t<\/div>\n\t\t\t\t\t\t<\/div>\n\t\t\t\t<\/div>\n\t\t\t\t\t<\/div>\n\t\t\t\t<\/div>\n\t\t<div class=\"elementor-element elementor-element-3ca729c e-con-full e-flex e-con e-parent\" data-id=\"3ca729c\" data-element_type=\"container\" data-e-type=\"container\" data-settings=\"{&quot;jet_parallax_layout_list&quot;:[]}\">\n\t\t<div class=\"elementor-element elementor-element-788a393 e-con-full e-flex e-con e-child\" data-id=\"788a393\" data-element_type=\"container\" data-e-type=\"container\" data-settings=\"{&quot;background_background&quot;:&quot;classic&quot;,&quot;jet_parallax_layout_list&quot;:[]}\">\n\t\t\t\t<\/div>\n\t\t<div class=\"elementor-element elementor-element-7a7b5a7 e-con-full e-flex e-con e-child\" data-id=\"7a7b5a7\" data-element_type=\"container\" data-e-type=\"container\" data-settings=\"{&quot;background_background&quot;:&quot;classic&quot;,&quot;jet_parallax_layout_list&quot;:[]}\">\n\t\t\t\t<\/div>\n\t\t<div class=\"elementor-element elementor-element-d7ab6fa e-con-full elementor-hidden-mobile e-flex e-con e-child\" data-id=\"d7ab6fa\" data-element_type=\"container\" data-e-type=\"container\" data-settings=\"{&quot;background_background&quot;:&quot;classic&quot;,&quot;jet_parallax_layout_list&quot;:[]}\">\n\t\t\t\t<\/div>\n\t\t\t\t<\/div>\n\t\t<div class=\"elementor-element elementor-element-ea77792 e-con-full e-flex e-con e-parent\" data-id=\"ea77792\" data-element_type=\"container\" data-e-type=\"container\" data-settings=\"{&quot;jet_parallax_layout_list&quot;:[]}\">\n\t\t<div class=\"elementor-element elementor-element-5af93d0 e-con-full e-flex e-con e-child\" data-id=\"5af93d0\" data-element_type=\"container\" data-e-type=\"container\" data-settings=\"{&quot;background_background&quot;:&quot;classic&quot;,&quot;jet_parallax_layout_list&quot;:[]}\">\n\t\t\t\t<\/div>\n\t\t\t\t<\/div>\n\t\t<div class=\"elementor-element elementor-element-6c97121 e-con-full e-flex e-con e-parent\" data-id=\"6c97121\" data-element_type=\"container\" data-e-type=\"container\" id=\"hdo-future-technologie\" data-settings=\"{&quot;jet_parallax_layout_list&quot;:[],&quot;background_background&quot;:&quot;classic&quot;}\">\n\t\t<div class=\"elementor-element elementor-element-4cbb2b1 e-con-full e-flex e-con e-child\" data-id=\"4cbb2b1\" data-element_type=\"container\" data-e-type=\"container\" data-settings=\"{&quot;background_background&quot;:&quot;classic&quot;,&quot;jet_parallax_layout_list&quot;:[]}\">\n\t\t\t\t<div class=\"elementor-element elementor-element-03755c4 elementor-widget__width-auto heading-strich-dunkel elementor-widget elementor-widget-heading\" data-id=\"03755c4\" data-element_type=\"widget\" data-e-type=\"widget\" data-widget_type=\"heading.default\">\n\t\t\t\t<div class=\"elementor-widget-container\">\n\t\t\t\t\t<h2 class=\"elementor-heading-title elementor-size-default\">DIE INNOVATION IM TRINKWASSER&shy;BEREICH<\/h2>\t\t\t\t<\/div>\n\t\t\t\t<\/div>\n\t\t\t\t<div class=\"elementor-element elementor-element-9d3b992 elementor-widget elementor-widget-text-editor\" data-id=\"9d3b992\" data-element_type=\"widget\" data-e-type=\"widget\" data-widget_type=\"text-editor.default\">\n\t\t\t\t<div class=\"elementor-widget-container\">\n\t\t\t\t\t\t\t\t\t<p>Trinkwasser ist und bleibt unser Elixier des Lebens. Es muss rund um die Uhr zur Verf\u00fcgung stehen und das in reiner Qualit\u00e4t. Die entsprechend strengen Regelungen und Auflagen werden vom Deutschen Verein des Gas- und Wasserfaches e.V.\u00a0(DVGW) erlassen und in der deutschen Trinkwasserverordnung (TrinkwV) festgehalten. Die Auflage einer \u201emetallfreien Wasserf\u00fchrung\u201c wird zuk\u00fcnftig unumg\u00e4nglich sein. HDO hat die passende L\u00f6sung f\u00fcr dieses wichtige Zukunftsthema bereits entwickelt: die HDO-Future-Technologie.<\/p><h3>Hochwertige Echtmetall-Armaturen mit metallfreier Wasserf\u00fchrung<\/h3><p>Die patentierte HDO-Future-Technologie ersetzt den bisher eingesetzten Werkstoff Messing durch eine intelligente Kunststoff-Metalldruckguss-Kombination. Dabei wird ein Bauteil aus temperaturbest\u00e4ndigem Kunststoff in die Druckgussform eingelegt und mit Zink umgossen. Das Ergebnis ist eine leichtere Armatur, die innen eine garantiert metallfreie Wasserf\u00fchrung gew\u00e4hrt, au\u00dfen hingegen mit einer hochwertigen metallischen Haptik in unterschiedlichsten Geometrien und Designs \u00fcberzeugt. F\u00fcr reines Wasser aus stilvollen Echtmetall-Armaturen.<\/p><p>Alle wichtigen Informationen zur HDO-Future Technologie finden Sie in unserem Flyer:<\/p><p><a href=\"https:\/\/hdo-gmbh.com\/wp-content\/uploads\/WEB_HDO_FLYER_FUTURE_de.pdf\" target=\"_blank\" rel=\"noopener\">Flyer HDO-Future Technologie<\/a><\/p>\t\t\t\t\t\t\t\t<\/div>\n\t\t\t\t<\/div>\n\t\t\t\t<\/div>\n\t\t\t\t<\/div>\n\t\t<div class=\"elementor-element elementor-element-c27ea0a e-con-full e-flex e-con e-parent\" data-id=\"c27ea0a\" data-element_type=\"container\" data-e-type=\"container\" data-settings=\"{&quot;jet_parallax_layout_list&quot;:[]}\">\n\t\t<div class=\"elementor-element elementor-element-a193404 e-con-full e-flex e-con e-child\" data-id=\"a193404\" data-element_type=\"container\" data-e-type=\"container\" data-settings=\"{&quot;background_background&quot;:&quot;classic&quot;,&quot;jet_parallax_layout_list&quot;:[]}\">\n\t\t\t\t<\/div>\n\t\t\t\t<\/div>\n\t\t<div class=\"elementor-element elementor-element-c8f923d e-con-full e-flex e-con e-parent\" data-id=\"c8f923d\" data-element_type=\"container\" data-e-type=\"container\" id=\"pha-add-on\" data-settings=\"{&quot;jet_parallax_layout_list&quot;:[],&quot;background_background&quot;:&quot;classic&quot;}\">\n\t\t<div class=\"elementor-element elementor-element-2c79195 e-con-full e-flex e-con e-child\" data-id=\"2c79195\" data-element_type=\"container\" data-e-type=\"container\" data-settings=\"{&quot;background_background&quot;:&quot;classic&quot;,&quot;jet_parallax_layout_list&quot;:[]}\">\n\t\t\t\t<div class=\"elementor-element elementor-element-d9d4b67 elementor-widget__width-auto heading-strich-hell elementor-widget elementor-widget-heading\" data-id=\"d9d4b67\" data-element_type=\"widget\" data-e-type=\"widget\" data-widget_type=\"heading.default\">\n\t\t\t\t<div class=\"elementor-widget-container\">\n\t\t\t\t\t<h2 class=\"elementor-heading-title elementor-size-default\">HDO PHA ADD-ON<\/h2>\t\t\t\t<\/div>\n\t\t\t\t<\/div>\n\t\t\t\t<div class=\"elementor-element elementor-element-4316e56 elementor-widget__width-auto elementor-widget elementor-widget-heading\" data-id=\"4316e56\" data-element_type=\"widget\" data-e-type=\"widget\" data-widget_type=\"heading.default\">\n\t\t\t\t<div class=\"elementor-widget-container\">\n\t\t\t\t\t<h3 class=\"elementor-heading-title elementor-size-default\">Sauberes Trinkwasser aus keimfreien Armaturen<\/h3>\t\t\t\t<\/div>\n\t\t\t\t<\/div>\n\t\t\t\t<div class=\"elementor-element elementor-element-318b155 elementor-widget elementor-widget-text-editor\" data-id=\"318b155\" data-element_type=\"widget\" data-e-type=\"widget\" data-widget_type=\"text-editor.default\">\n\t\t\t\t<div class=\"elementor-widget-container\">\n\t\t\t\t\t\t\t\t\t<p>Reines Trinkwasser muss laut Gesetz keimfrei sein. Eine Auflage, die insbesondere bei l\u00e4ngeren Standzeiten zur echten Herausforderung wird. Denn innerhalb k\u00fcrzester Zeit siedeln sich auf den Oberfl\u00e4chen der Wasserf\u00fchrung von Trinkwasserinstallationen Keime aller Art an. Die von HDO entwickelte L\u00f6sung entzieht diesem Problem im wahrsten Sinne den N\u00e4hrboden.<\/p><h3>Sauberes Add-on: Die Permanent Hygienische Applikation (PHA)<\/h3><p>Die neu entwickelte PHA Technologie setzt genau dort an, wo Keime empfindlich sind: am pH-Wert. Die Aufbringung\/Einarbeitung des HDO PHA Add-ons bewirkt eine permanente Ver\u00e4nderung des pH-Wertes der betreffenden Oberfl\u00e4che. In diesem ver\u00e4nderten Milieu k\u00f6nnen Keime nicht \u00fcberleben. Bakterien (inkl. MRSA und VRE), Legionellen und Salmonellen, Viren (inkl. Influenza, Hepatitis B, H1N1 und H1N5), Pilze und Algen werden sofort zerst\u00f6rt, die Oberfl\u00e4che bleibt dauerhaft keimfrei. Wichtig zu wissen: Dieses innovative Verfahren ist nicht-toxisch und garantiert somit eine dauerhafte Wirkung.<\/p><p>Wir haben f\u00fcr Sie alle wichtigen Informationen zum PHA Add-on auch noch einmal in unserem Flyer zusammengefasst:<\/p><div class=\"underline text-underline\"><p><a href=\"https:\/\/hdo-gmbh.com\/wp-content\/uploads\/WEB_HDO_FLYER_PHA_de.pdf\" target=\"_blank\" rel=\"noopener\">Flyer HDO PHA Add-on<\/a><\/p><\/div>\t\t\t\t\t\t\t\t<\/div>\n\t\t\t\t<\/div>\n\t\t\t\t<\/div>\n\t\t\t\t<\/div>\n\t\t<div class=\"elementor-element elementor-element-533e874 e-con-full e-flex e-con e-parent\" data-id=\"533e874\" data-element_type=\"container\" data-e-type=\"container\" data-settings=\"{&quot;jet_parallax_layout_list&quot;:[]}\">\n\t\t<div class=\"elementor-element elementor-element-58fe176 e-con-full e-flex e-con e-child\" data-id=\"58fe176\" data-element_type=\"container\" data-e-type=\"container\" data-settings=\"{&quot;background_background&quot;:&quot;classic&quot;,&quot;jet_parallax_layout_list&quot;:[]}\">\n\t\t\t\t<\/div>\n\t\t\t\t<\/div>\n\t\t<div class=\"elementor-element elementor-element-8893571 e-con-full e-flex e-con e-parent\" data-id=\"8893571\" data-element_type=\"container\" data-e-type=\"container\" id=\"strukturen-und-brandings\" data-settings=\"{&quot;jet_parallax_layout_list&quot;:[],&quot;background_background&quot;:&quot;classic&quot;}\">\n\t\t<div class=\"elementor-element elementor-element-a1b33dd e-con-full e-flex e-con e-child\" data-id=\"a1b33dd\" data-element_type=\"container\" data-e-type=\"container\" data-settings=\"{&quot;background_background&quot;:&quot;classic&quot;,&quot;jet_parallax_layout_list&quot;:[]}\">\n\t\t\t\t<div class=\"elementor-element elementor-element-df7a97e elementor-widget__width-auto heading-strich-dunkel elementor-widget elementor-widget-heading\" data-id=\"df7a97e\" data-element_type=\"widget\" data-e-type=\"widget\" data-widget_type=\"heading.default\">\n\t\t\t\t<div class=\"elementor-widget-container\">\n\t\t\t\t\t<h2 class=\"elementor-heading-title elementor-size-default\">STRUKTUREN &amp; BRANDINGS<\/h2>\t\t\t\t<\/div>\n\t\t\t\t<\/div>\n\t\t\t\t<div class=\"elementor-element elementor-element-30f4929 elementor-widget__width-auto elementor-widget elementor-widget-heading\" data-id=\"30f4929\" data-element_type=\"widget\" data-e-type=\"widget\" data-widget_type=\"heading.default\">\n\t\t\t\t<div class=\"elementor-widget-container\">\n\t\t\t\t\t<h3 class=\"elementor-heading-title elementor-size-default\">Wir machen Metalldruckgussteile nicht nur besonders, sondern einzigartig<\/h3>\t\t\t\t<\/div>\n\t\t\t\t<\/div>\n\t\t\t\t<div class=\"elementor-element elementor-element-d1dbe07 elementor-widget elementor-widget-text-editor\" data-id=\"d1dbe07\" data-element_type=\"widget\" data-e-type=\"widget\" data-widget_type=\"text-editor.default\">\n\t\t\t\t<div class=\"elementor-widget-container\">\n\t\t\t\t\t\t\t\t\t<p>Der Erfolg eines hochwertigen Produktes wird neben der Funktionalit\u00e4t ma\u00dfgeblich von den beiden wichtigsten Erlebnisdimensionen bestimmt: Optik und Haptik. Sich hier auf angemessene, ansprechende Weise vom Wettbewerb abzuheben ist eine gro\u00dfe Herausforderung. Diese zu meistern erfordert viel Innovationskraft, fachliches Knowhow sowie die entsprechenden technologischen M\u00f6glichkeiten.\u00a0<strong>Kurz: HDO<\/strong>.<\/p><h3>Strukturierte Oberfl\u00e4chen machen Metalle erlebbar<\/h3><p>Die Oberfl\u00e4chenstruktur erweitert Form, Material und Farbe um eine vierte Gestaltungsdimension. Geb\u00fcrstete, gestrahlte oder mechanisch bearbeitete Oberfl\u00e4chen er\u00f6ffnen eine Vielzahl neuer, au\u00dfergew\u00f6hnlicher Designm\u00f6glichkeiten. Und damit noch mehr M\u00f6glichkeiten zur Individualisierung mit deutlich gesteigertem Wiedererkennungseffekt. Wirtschaftlich besonders interessant sind werkzeugfallende Strukturen, bei denen die nachtr\u00e4gliche Oberfl\u00e4chenbearbeitung entf\u00e4llt.<\/p><h3>Ihr Produkt \u2013 mit Ihrem guten Namen<\/h3><p>Individuell gestaltete Brandings machen ein Produkt unverkennbar einzigartig. Wir bieten nahezu unbegrenzte M\u00f6glichkeiten, Ihr Produkt auf individuelle Weise mit Ihrem Logo oder einen Schriftzug zu versehen. Ein im wahrsten Sinne des Wortes echtes Highlight stellen hierbei illuminierte Symbole und Logos dar.<\/p><p>Alle Infos zu unseren Veredelungsm\u00f6glichkeiten mit Strukturen &amp; Brandings finden Sie auch noch einmal in nachfolgendem Flyer:<\/p><p><a href=\"https:\/\/hdo-gmbh.com\/wp-content\/uploads\/WEB_HDO_Flyer_STRUKTUREN_D.pdf\" target=\"_blank\" rel=\"noopener\">HDO_Flyer_Strukturen_Brandings_D<\/a><\/p>\t\t\t\t\t\t\t\t<\/div>\n\t\t\t\t<\/div>\n\t\t\t\t<\/div>\n\t\t\t\t<\/div>\n\t\t<div class=\"elementor-element elementor-element-54793a7 e-con-full e-flex e-con e-parent\" data-id=\"54793a7\" data-element_type=\"container\" data-e-type=\"container\" id=\"sonderfarben\" data-settings=\"{&quot;jet_parallax_layout_list&quot;:[],&quot;background_background&quot;:&quot;classic&quot;}\">\n\t\t<div class=\"elementor-element elementor-element-53fb944 e-con-full e-flex e-con e-child\" data-id=\"53fb944\" data-element_type=\"container\" data-e-type=\"container\" data-settings=\"{&quot;background_background&quot;:&quot;classic&quot;,&quot;jet_parallax_layout_list&quot;:[]}\">\n\t\t\t\t<div class=\"elementor-element elementor-element-1c6fc4b elementor-widget elementor-widget-image\" data-id=\"1c6fc4b\" data-element_type=\"widget\" data-e-type=\"widget\" data-widget_type=\"image.default\">\n\t\t\t\t<div class=\"elementor-widget-container\">\n\t\t\t\t\t\t\t\t\t\t\t\t\t\t\t<img fetchpriority=\"high\" decoding=\"async\" width=\"1325\" height=\"557\" src=\"https:\/\/hdo-gmbh.com\/wp-content\/uploads\/img-oberflaeche.png\" class=\"attachment-full size-full wp-image-1358\" alt=\"Verschiedene metallische Komponenten und Teile auf wei\u00dfem Hintergrund, unter anderem ein rundes Teil mit Loch in der Mitte, ein kegelf\u00f6rmiges Teil, ein l\u00e4ngliches Teil mit strukturiertem Muster, ein rechteckiger Rahmen, ein ringf\u00f6rmiges Teil und ein l\u00e4ngliches Schild mit der Aufschrift &#039;Hybrid&#039;, erg\u00e4nzt durch den Schriftzug &#039;HDO&#039; integriert in das Bild.\" srcset=\"https:\/\/hdo-gmbh.com\/wp-content\/uploads\/img-oberflaeche.png 1325w, https:\/\/hdo-gmbh.com\/wp-content\/uploads\/img-oberflaeche-300x126.png 300w, https:\/\/hdo-gmbh.com\/wp-content\/uploads\/img-oberflaeche-768x323.png 768w, https:\/\/hdo-gmbh.com\/wp-content\/uploads\/img-oberflaeche-1024x430.png 1024w\" sizes=\"(max-width: 1325px) 100vw, 1325px\" \/>\t\t\t\t\t\t\t\t\t\t\t\t\t\t\t<\/div>\n\t\t\t\t<\/div>\n\t\t\t\t<div class=\"elementor-element elementor-element-070cb40 elementor-widget__width-auto heading-strich-dunkel elementor-widget elementor-widget-heading\" data-id=\"070cb40\" data-element_type=\"widget\" data-e-type=\"widget\" data-widget_type=\"heading.default\">\n\t\t\t\t<div class=\"elementor-widget-container\">\n\t\t\t\t\t<h2 class=\"elementor-heading-title elementor-size-default\">SONDERFARBEN<\/h2>\t\t\t\t<\/div>\n\t\t\t\t<\/div>\n\t\t\t\t<div class=\"elementor-element elementor-element-ee27cb7 elementor-widget__width-auto elementor-widget elementor-widget-heading\" data-id=\"ee27cb7\" data-element_type=\"widget\" data-e-type=\"widget\" data-widget_type=\"heading.default\">\n\t\t\t\t<div class=\"elementor-widget-container\">\n\t\t\t\t\t<h3 class=\"elementor-heading-title elementor-size-default\">Wir bringen Metall zum Leuchten<\/h3>\t\t\t\t<\/div>\n\t\t\t\t<\/div>\n\t\t\t\t<div class=\"elementor-element elementor-element-b7431cb elementor-widget elementor-widget-text-editor\" data-id=\"b7431cb\" data-element_type=\"widget\" data-e-type=\"widget\" data-widget_type=\"text-editor.default\">\n\t\t\t\t<div class=\"elementor-widget-container\">\n\t\t\t\t\t\t\t\t\t<p>Farbe macht ein Produkt in einer weiteren Dimension erlebbar, bringt Emotionen und Ausdruck, Leben und Leuchten auf Oberfl\u00e4chen und rundet das Produkterlebnis damit optimal ab. Die wichtigsten Anforderungen an die Veredelung durch Farbe sind eine hohe Best\u00e4ndigkeit sowie gute Designeigenschaften. Bei uns eine Selbstverst\u00e4ndlichkeit.<\/p><h3>Vielfalt ist der Schl\u00fcssel<\/h3><p>Wir bieten unseren Kunden die verschiedensten Beschichtungsverfahren f\u00fcr au\u00dfergew\u00f6hnliche Oberfl\u00e4chenfarbt\u00f6ne: Von PVD-Beschichtung \u00fcber Nasslack und Pulverlack bis hin zum neu entwickelten Coloured Chrome Verfahren. Damit werden wir dem immer st\u00e4rker werdenden Trend Richtung individueller und ausgefallener Farben mit metallischer Haptik gerecht<\/p><h3>Mehr Farbfreiheit: Coloured Chrome<\/h3><p>Wir haben die Farbfreiheit f\u00fcr Chromoberfl\u00e4chen deutlich erweitert. Mit dem neu entwickelten Coloured Chrome Verfahren wird eine freie farbliche Gestaltung von Chromoberfl\u00e4chen m\u00f6glich. Das war bisher nur unter Verwendung von Lacksystemen machbar. Das Besondere am Coloured Chrome Verfahren: Der einzigartige brillante Tiefenglanz und die metallische Haptik bleiben erhalten \u2013 f\u00fcr eine besondere Farbbrillanz Ihrer Bauteile.<\/p>\t\t\t\t\t\t\t\t<\/div>\n\t\t\t\t<\/div>\n\t\t\t\t<\/div>\n\t\t\t\t<\/div>\n\t\t<div class=\"elementor-element elementor-element-b62e3ef e-con-full e-flex e-con e-parent\" data-id=\"b62e3ef\" data-element_type=\"container\" data-e-type=\"container\" data-settings=\"{&quot;jet_parallax_layout_list&quot;:[]}\">\n\t\t<div class=\"elementor-element elementor-element-70dde94 e-con-full e-flex e-con e-child\" data-id=\"70dde94\" data-element_type=\"container\" data-e-type=\"container\" data-settings=\"{&quot;background_background&quot;:&quot;classic&quot;,&quot;jet_parallax_layout_list&quot;:[]}\">\n\t\t\t\t<\/div>\n\t\t\t\t<\/div>\n\t\t\t\t<\/div>\n\t\t","protected":false},"excerpt":{"rendered":"<p>HDO Innovationen Mehrwert f\u00fcr morgen Wir sind Technologief\u00fchrer im Bereich Metalldruckguss mit dekorativen Oberfl\u00e4chen \u2013 und das wollen wir auch bleiben. Mit diesem Ziel pflegen wir ein aktives Innovationsmanagement, das uns die Herausforderungen der Zukunft erkennen und die passenden L\u00f6sungen entwickeln l\u00e4sst. Das Ergebnis sind Mehrwerte, die unsere Kunden begeistern. Heute und morgen. Erlebbare Oberfl\u00e4chen [&hellip;]<\/p>\n","protected":false},"author":17,"featured_media":0,"parent":0,"menu_order":0,"comment_status":"closed","ping_status":"closed","template":"elementor_header_footer","meta":{"footnotes":""},"template-eng":[],"class_list":["post-11285","page","type-page","status-publish","hentry"],"_links":{"self":[{"href":"https:\/\/hdo-gmbh.com\/de\/wp-json\/wp\/v2\/pages\/11285","targetHints":{"allow":["GET"]}}],"collection":[{"href":"https:\/\/hdo-gmbh.com\/de\/wp-json\/wp\/v2\/pages"}],"about":[{"href":"https:\/\/hdo-gmbh.com\/de\/wp-json\/wp\/v2\/types\/page"}],"author":[{"embeddable":true,"href":"https:\/\/hdo-gmbh.com\/de\/wp-json\/wp\/v2\/users\/17"}],"replies":[{"embeddable":true,"href":"https:\/\/hdo-gmbh.com\/de\/wp-json\/wp\/v2\/comments?post=11285"}],"version-history":[{"count":0,"href":"https:\/\/hdo-gmbh.com\/de\/wp-json\/wp\/v2\/pages\/11285\/revisions"}],"wp:attachment":[{"href":"https:\/\/hdo-gmbh.com\/de\/wp-json\/wp\/v2\/media?parent=11285"}],"wp:term":[{"taxonomy":"template-eng","embeddable":true,"href":"https:\/\/hdo-gmbh.com\/de\/wp-json\/wp\/v2\/template-eng?post=11285"}],"curies":[{"name":"wp","href":"https:\/\/api.w.org\/{rel}","templated":true}]}}