{"id":11411,"date":"2025-06-24T08:40:58","date_gmt":"2025-06-24T06:40:58","guid":{"rendered":"https:\/\/hdo-gmbh.com\/elementor\/?page_id=11411"},"modified":"2025-08-06T09:04:58","modified_gmt":"2025-08-06T07:04:58","slug":"nachhaltigkeit-bei-hdo","status":"publish","type":"page","link":"https:\/\/hdo-gmbh.com\/de\/nachhaltigkeit-bei-hdo\/","title":{"rendered":"Nachhaltigkeit"},"content":{"rendered":"\t\t<div data-elementor-type=\"wp-page\" data-elementor-id=\"11411\" class=\"elementor elementor-11411\" data-elementor-post-type=\"page\">\n\t\t\t\t<div class=\"elementor-element elementor-element-b19a85a e-con-full e-flex e-con e-parent\" data-id=\"b19a85a\" data-element_type=\"container\" data-e-type=\"container\" data-settings=\"{&quot;jet_parallax_layout_list&quot;:[]}\">\n\t\t<div class=\"elementor-element elementor-element-e513310 e-con-full e-flex e-con e-child\" data-id=\"e513310\" data-element_type=\"container\" data-e-type=\"container\" data-settings=\"{&quot;background_background&quot;:&quot;classic&quot;,&quot;jet_parallax_layout_list&quot;:[]}\">\n\t\t\t\t<div class=\"elementor-element elementor-element-ae6be16 elementor-widget__width-auto heading-strich-dunkel elementor-widget elementor-widget-heading\" data-id=\"ae6be16\" data-element_type=\"widget\" data-e-type=\"widget\" data-widget_type=\"heading.default\">\n\t\t\t\t<div class=\"elementor-widget-container\">\n\t\t\t\t\t<h1 class=\"elementor-heading-title elementor-size-default\">NACHHALTIGKEIT BEI HDO<\/h1>\t\t\t\t<\/div>\n\t\t\t\t<\/div>\n\t\t\t\t<div class=\"elementor-element elementor-element-3392e17 elementor-widget elementor-widget-text-editor\" data-id=\"3392e17\" data-element_type=\"widget\" data-e-type=\"widget\" data-widget_type=\"text-editor.default\">\n\t\t\t\t<div class=\"elementor-widget-container\">\n\t\t\t\t\t\t\t\t\t<p>Als produzierendes Unternehmen mit einem hohen Energiebedarf ist Nachhaltigkeit f\u00fcr uns eines der zentralen Elemente f\u00fcr zuk\u00fcnftigen Erfolg. Unser Ziel ist daher die Herstellung qualitativ hochwertiger umwelt- und gesundheitsvertr\u00e4glicher Produkte bei gleichzeitiger Schonung von Ressourcen.<\/p>\t\t\t\t\t\t\t\t<\/div>\n\t\t\t\t<\/div>\n\t\t\t\t<\/div>\n\t\t\t\t<\/div>\n\t\t<div class=\"elementor-element elementor-element-17641dd e-flex e-con-boxed e-con e-parent\" data-id=\"17641dd\" data-element_type=\"container\" data-e-type=\"container\" data-settings=\"{&quot;background_background&quot;:&quot;classic&quot;,&quot;jet_parallax_layout_list&quot;:[],&quot;sticky&quot;:&quot;top&quot;,&quot;sticky_offset&quot;:100,&quot;sticky_on&quot;:[&quot;desktop&quot;,&quot;tablet&quot;,&quot;mobile&quot;],&quot;sticky_effects_offset&quot;:0,&quot;sticky_anchor_link_offset&quot;:0}\">\n\t\t\t\t\t<div class=\"e-con-inner\">\n\t\t\t\t<div class=\"elementor-element elementor-element-d7e576d elementor-icon-list--layout-inline elementor-tablet-align-center elementor-mobile-align-center elementor-align-center elementor-list-item-link-full_width elementor-widget elementor-widget-icon-list\" data-id=\"d7e576d\" data-element_type=\"widget\" data-e-type=\"widget\" data-widget_type=\"icon-list.default\">\n\t\t\t\t<div class=\"elementor-widget-container\">\n\t\t\t\t\t\t\t<ul class=\"elementor-icon-list-items elementor-inline-items\">\n\t\t\t\t\t\t\t<li class=\"elementor-icon-list-item elementor-inline-item\">\n\t\t\t\t\t\t\t\t\t\t\t<a href=\"#nachhaltigkeitsziele\">\n\n\t\t\t\t\t\t\t\t\t\t\t<span class=\"elementor-icon-list-text\">HDO Nachhaltigkeitsziele<\/span>\n\t\t\t\t\t\t\t\t\t\t\t<\/a>\n\t\t\t\t\t\t\t\t\t<\/li>\n\t\t\t\t\t\t\t\t<li class=\"elementor-icon-list-item elementor-inline-item\">\n\t\t\t\t\t\t\t\t\t\t\t<a href=\"#vorteile-von-zinkdruckguss\">\n\n\t\t\t\t\t\t\t\t\t\t\t<span class=\"elementor-icon-list-text\">Vorteile von Zinkdruckguss<\/span>\n\t\t\t\t\t\t\t\t\t\t\t<\/a>\n\t\t\t\t\t\t\t\t\t<\/li>\n\t\t\t\t\t\t\t\t<li class=\"elementor-icon-list-item elementor-inline-item\">\n\t\t\t\t\t\t\t\t\t\t\t<a href=\"#vorteile-galvanisch-metallischer-oberflaechenbeschichtungen\">\n\n\t\t\t\t\t\t\t\t\t\t\t<span class=\"elementor-icon-list-text\">Vorteile galvanisch metallischer Oberfl\u00e4chenbeschichtungen<\/span>\n\t\t\t\t\t\t\t\t\t\t\t<\/a>\n\t\t\t\t\t\t\t\t\t<\/li>\n\t\t\t\t\t\t<\/ul>\n\t\t\t\t\t\t<\/div>\n\t\t\t\t<\/div>\n\t\t\t\t\t<\/div>\n\t\t\t\t<\/div>\n\t\t<div class=\"elementor-element elementor-element-3f910c7 elementor-hidden-mobile e-flex e-con-boxed e-con e-parent\" data-id=\"3f910c7\" data-element_type=\"container\" data-e-type=\"container\" data-settings=\"{&quot;background_background&quot;:&quot;classic&quot;,&quot;jet_parallax_layout_list&quot;:[]}\">\n\t\t\t\t\t<div class=\"e-con-inner\">\n\t\t\t\t<div class=\"elementor-element elementor-element-9f8fda2 elementor-widget elementor-widget-spacer\" data-id=\"9f8fda2\" data-element_type=\"widget\" data-e-type=\"widget\" data-widget_type=\"spacer.default\">\n\t\t\t\t<div class=\"elementor-widget-container\">\n\t\t\t\t\t\t\t<div class=\"elementor-spacer\">\n\t\t\t<div class=\"elementor-spacer-inner\"><\/div>\n\t\t<\/div>\n\t\t\t\t\t\t<\/div>\n\t\t\t\t<\/div>\n\t\t\t\t\t<\/div>\n\t\t\t\t<\/div>\n\t\t<div class=\"elementor-element elementor-element-d2dfdcf e-con-full e-flex e-con e-parent\" data-id=\"d2dfdcf\" data-element_type=\"container\" data-e-type=\"container\" data-settings=\"{&quot;jet_parallax_layout_list&quot;:[]}\">\n\t\t<div class=\"elementor-element elementor-element-0307300 e-con-full e-flex e-con e-child\" data-id=\"0307300\" data-element_type=\"container\" data-e-type=\"container\" data-settings=\"{&quot;background_background&quot;:&quot;classic&quot;,&quot;jet_parallax_layout_list&quot;:[]}\">\n\t\t\t\t<\/div>\n\t\t<div class=\"elementor-element elementor-element-d245ad2 e-con-full e-flex e-con e-child\" data-id=\"d245ad2\" data-element_type=\"container\" data-e-type=\"container\" data-settings=\"{&quot;background_background&quot;:&quot;classic&quot;,&quot;jet_parallax_layout_list&quot;:[]}\">\n\t\t\t\t<\/div>\n\t\t<div class=\"elementor-element elementor-element-b9c1d4d e-con-full elementor-hidden-mobile e-flex e-con e-child\" data-id=\"b9c1d4d\" data-element_type=\"container\" data-e-type=\"container\" data-settings=\"{&quot;background_background&quot;:&quot;classic&quot;,&quot;jet_parallax_layout_list&quot;:[]}\">\n\t\t\t\t<\/div>\n\t\t\t\t<\/div>\n\t\t<div class=\"elementor-element elementor-element-6c97121 e-con-full e-flex e-con e-parent\" data-id=\"6c97121\" data-element_type=\"container\" data-e-type=\"container\" id=\"nachhaltigkeitsziele\" data-settings=\"{&quot;jet_parallax_layout_list&quot;:[],&quot;background_background&quot;:&quot;classic&quot;}\">\n\t\t<div class=\"elementor-element elementor-element-4cbb2b1 e-con-full e-flex e-con e-child\" data-id=\"4cbb2b1\" data-element_type=\"container\" data-e-type=\"container\" data-settings=\"{&quot;background_background&quot;:&quot;classic&quot;,&quot;jet_parallax_layout_list&quot;:[]}\">\n\t\t\t\t<div class=\"elementor-element elementor-element-03755c4 elementor-widget__width-auto heading-strich-dunkel elementor-widget elementor-widget-heading\" data-id=\"03755c4\" data-element_type=\"widget\" data-e-type=\"widget\" data-widget_type=\"heading.default\">\n\t\t\t\t<div class=\"elementor-widget-container\">\n\t\t\t\t\t<h2 class=\"elementor-heading-title elementor-size-default\">Die HDO Nachhaltigkeitsziele<\/h2>\t\t\t\t<\/div>\n\t\t\t\t<\/div>\n\t\t\t\t<div class=\"elementor-element elementor-element-9d3b992 elementor-widget elementor-widget-text-editor\" data-id=\"9d3b992\" data-element_type=\"widget\" data-e-type=\"widget\" data-widget_type=\"text-editor.default\">\n\t\t\t\t<div class=\"elementor-widget-container\">\n\t\t\t\t\t\t\t\t\t<p>Der Begriff Nachhaltigkeit st\u00fctzt sich bei uns auf die 3 S\u00e4ulen \u00d6kologie, \u00d6konomie und Soziales. Nur im Einklang mit der Umwelt und unseren Mitarbeitenden k\u00f6nnen wir langfristig erfolgreich sein. Hinter allen drei Bereichen stecken unterschiedliche Ziele und Ma\u00dfnahmen, an deren Fortschritt wir kontinuierlich arbeiten.<\/p><p>Unsere wichtigsten Nachhaltigkeitsziele sind:<\/p><ul><li>Reduzierung der CO2-Emissionen bis hin zur Klimaneutralit\u00e4t (Scope 1,2,3)<\/li><li>Vermeidung von Energieverbr\u00e4uchen (Strom, Gas, W\u00e4rme)<\/li><li>Reduzierung des Wasserverbrauches<\/li><li>Substituierung des Energietr\u00e4gers Erdgas<\/li><li>Optimierung der Wiederverwertung von Rohstoffen bis hin zur Kreislaufwirtschaft<\/li><li>Stetiger Ausbau des Energie- und Umweltmonitorings<\/li><li>Sicherstellen einer bedarfsgerechten Ausbildung \u00fcber alle Fachbereiche<\/li><li>F\u00f6rderung von Vielfalt und Offenheit im Unternehmen<\/li><li>Verantwortungsvolle Lieferketten: Einbeziehung der Lieferanten<\/li><li>Einrichtung und Pflege strategischer Partnerschaften<\/li><\/ul>\t\t\t\t\t\t\t\t<\/div>\n\t\t\t\t<\/div>\n\t\t\t\t<\/div>\n\t\t\t\t<\/div>\n\t\t<div class=\"elementor-element elementor-element-c08824c e-con-full e-flex e-con e-parent\" data-id=\"c08824c\" data-element_type=\"container\" data-e-type=\"container\" data-settings=\"{&quot;jet_parallax_layout_list&quot;:[]}\">\n\t\t<div class=\"elementor-element elementor-element-d486c6c e-con-full elementor-hidden-mobile e-flex e-con e-child\" data-id=\"d486c6c\" data-element_type=\"container\" data-e-type=\"container\" data-settings=\"{&quot;background_background&quot;:&quot;classic&quot;,&quot;jet_parallax_layout_list&quot;:[]}\">\n\t\t\t\t<\/div>\n\t\t<div class=\"elementor-element elementor-element-c135dce e-con-full e-flex e-con e-child\" data-id=\"c135dce\" data-element_type=\"container\" data-e-type=\"container\" data-settings=\"{&quot;background_background&quot;:&quot;classic&quot;,&quot;jet_parallax_layout_list&quot;:[]}\">\n\t\t\t\t<\/div>\n\t\t<div class=\"elementor-element elementor-element-724e895 e-con-full e-flex e-con e-child\" data-id=\"724e895\" data-element_type=\"container\" data-e-type=\"container\" data-settings=\"{&quot;background_background&quot;:&quot;classic&quot;,&quot;jet_parallax_layout_list&quot;:[]}\">\n\t\t\t\t<\/div>\n\t\t\t\t<\/div>\n\t\t<div class=\"elementor-element elementor-element-1f16cdb e-con-full e-flex e-con e-parent\" data-id=\"1f16cdb\" data-element_type=\"container\" data-e-type=\"container\" id=\"vorteile-von-zinkdruckguss\" data-settings=\"{&quot;jet_parallax_layout_list&quot;:[],&quot;background_background&quot;:&quot;classic&quot;}\">\n\t\t<div class=\"elementor-element elementor-element-d1fb9cc e-con-full e-flex e-con e-child\" data-id=\"d1fb9cc\" data-element_type=\"container\" data-e-type=\"container\" data-settings=\"{&quot;background_background&quot;:&quot;classic&quot;,&quot;jet_parallax_layout_list&quot;:[]}\">\n\t\t\t\t<div class=\"elementor-element elementor-element-f5d4327 elementor-widget__width-auto heading-strich-hell elementor-widget elementor-widget-heading\" data-id=\"f5d4327\" data-element_type=\"widget\" data-e-type=\"widget\" data-widget_type=\"heading.default\">\n\t\t\t\t<div class=\"elementor-widget-container\">\n\t\t\t\t\t<h2 class=\"elementor-heading-title elementor-size-default\">Vorteile von Zinkdruckguss<\/h2>\t\t\t\t<\/div>\n\t\t\t\t<\/div>\n\t\t\t\t<div class=\"elementor-element elementor-element-a735330 elementor-widget__width-auto elementor-widget elementor-widget-heading\" data-id=\"a735330\" data-element_type=\"widget\" data-e-type=\"widget\" data-widget_type=\"heading.default\">\n\t\t\t\t<div class=\"elementor-widget-container\">\n\t\t\t\t\t<h3 class=\"elementor-heading-title elementor-size-default\">Nachhaltig, Langlebig, Wirtschaftlich<\/h3>\t\t\t\t<\/div>\n\t\t\t\t<\/div>\n\t\t\t\t<div class=\"elementor-element elementor-element-bf760fd elementor-widget elementor-widget-text-editor\" data-id=\"bf760fd\" data-element_type=\"widget\" data-e-type=\"widget\" data-widget_type=\"text-editor.default\">\n\t\t\t\t<div class=\"elementor-widget-container\">\n\t\t\t\t\t\t\t\t\t<ul><li>Zink ist ein nat\u00fcrlich vorkommender Rohstoff, kann beliebig oft ohne Qualit\u00e4tseinbu\u00dfen wiederverwertet werden und in der Abfallaufbereitung ohne gro\u00dfen Aufwand aussortiert und der Kreislaufwirtschaft zugef\u00fchrt werden.<\/li><li>Zinkdruckgusswerkzeuge haben eine hohe Standzeit und k\u00f6nnen nach Ende der Lebensdauer komplett verwertet werden.<\/li><li>Sehr pr\u00e4zises Gie\u00dfen reduziert Aufw\u00e4nde bei der mechanischen Bearbeitung<\/li><li>D\u00fcnnwandige Teile realisierbar &gt; wenig Materialeinsatz f\u00fchrt zu geringem Gewicht<\/li><li>Gute Zug- und Dehnungsfestigkeit, gute Schlagz\u00e4higkeit sowie Korrosionsbest\u00e4ndigkeit &gt; lange Lebensdauer von Produkten.<\/li><li>Funktionsintegration kann zum Entfall von Einzelkomponenten f\u00fchren oder zus\u00e4tzlich ben\u00f6tigte Arbeitsschritte obsolet machen (z.B. durch Realisierung von Nietdomen oder Schraubdome f\u00fcr selbstschneidende Schrauben m\u00f6glich).<\/li><li>Sehr gute Zerspanbarkeit<\/li><li>Deutlich temperaturunempfindlicher und formstabiler als Kunststoffteile.<\/li><li>Das Zinkdruckguss-Verfahren weist gegen\u00fcber anderen Fertigungsverfahren eine hohe Ausbringungsmenge pro Stunde auf und ist so wirtschaftlicher und nachhaltiger.<\/li><li>Zink ist sehr gut zu beschichten und bietet somit eine Vielzahl von hochwertigen dekorativen Anwendungsm\u00f6glichkeiten.<\/li><li>Auch bei einem geringeren Produktionsvolumen kann die Fertigung von Druckgussbauteilen wirtschaftlich und nachhaltig sein: Wird die Geometrie aus dem vollen Rohling gefr\u00e4st, werden hohe mechanische Fertigungskapazit\u00e4ten und viel Material ben\u00f6tigt. Durch eine konstruktive Gestaltung von Produktfamilien, kann man durch eine mechanische Bearbeitung aus einem gegossenen Rohling viele unterschiedliche Varianten herstellen.<\/li><\/ul>\t\t\t\t\t\t\t\t<\/div>\n\t\t\t\t<\/div>\n\t\t\t\t<\/div>\n\t\t\t\t<\/div>\n\t\t<div class=\"elementor-element elementor-element-b1bf4fb e-con-full e-flex e-con e-parent\" data-id=\"b1bf4fb\" data-element_type=\"container\" data-e-type=\"container\" data-settings=\"{&quot;jet_parallax_layout_list&quot;:[]}\">\n\t\t<div class=\"elementor-element elementor-element-9a3c4ff e-con-full elementor-hidden-mobile e-flex e-con e-child\" data-id=\"9a3c4ff\" data-element_type=\"container\" data-e-type=\"container\" data-settings=\"{&quot;background_background&quot;:&quot;classic&quot;,&quot;jet_parallax_layout_list&quot;:[]}\">\n\t\t\t\t<\/div>\n\t\t<div class=\"elementor-element elementor-element-1842306 e-con-full e-flex e-con e-child\" data-id=\"1842306\" data-element_type=\"container\" data-e-type=\"container\" data-settings=\"{&quot;background_background&quot;:&quot;classic&quot;,&quot;jet_parallax_layout_list&quot;:[]}\">\n\t\t\t\t<\/div>\n\t\t<div class=\"elementor-element elementor-element-90556a2 e-con-full e-flex e-con e-child\" data-id=\"90556a2\" data-element_type=\"container\" data-e-type=\"container\" data-settings=\"{&quot;background_background&quot;:&quot;classic&quot;,&quot;jet_parallax_layout_list&quot;:[]}\">\n\t\t\t\t<\/div>\n\t\t\t\t<\/div>\n\t\t<div class=\"elementor-element elementor-element-03b6df2 e-con-full e-flex e-con e-parent\" data-id=\"03b6df2\" data-element_type=\"container\" data-e-type=\"container\" id=\"vorteile-galvanisch-metallischer-oberflaechenbeschichtungen\" data-settings=\"{&quot;jet_parallax_layout_list&quot;:[],&quot;background_background&quot;:&quot;classic&quot;}\">\n\t\t<div class=\"elementor-element elementor-element-5001c46 e-con-full e-flex e-con e-child\" data-id=\"5001c46\" data-element_type=\"container\" data-e-type=\"container\" data-settings=\"{&quot;background_background&quot;:&quot;classic&quot;,&quot;jet_parallax_layout_list&quot;:[]}\">\n\t\t\t\t<div class=\"elementor-element elementor-element-d9008f1 elementor-widget__width-auto heading-strich-dunkel elementor-widget elementor-widget-heading\" data-id=\"d9008f1\" data-element_type=\"widget\" data-e-type=\"widget\" data-widget_type=\"heading.default\">\n\t\t\t\t<div class=\"elementor-widget-container\">\n\t\t\t\t\t<h2 class=\"elementor-heading-title elementor-size-default\">Vorteile galvanisch metallischer Oberfl\u00e4chen&shy;beschichtungen<\/h2>\t\t\t\t<\/div>\n\t\t\t\t<\/div>\n\t\t\t\t<div class=\"elementor-element elementor-element-59ed03a elementor-widget__width-auto elementor-widget elementor-widget-heading\" data-id=\"59ed03a\" data-element_type=\"widget\" data-e-type=\"widget\" data-widget_type=\"heading.default\">\n\t\t\t\t<div class=\"elementor-widget-container\">\n\t\t\t\t\t<h3 class=\"elementor-heading-title elementor-size-default\">Langlebige Produkte mit hochwertiger Haptik<\/h3>\t\t\t\t<\/div>\n\t\t\t\t<\/div>\n\t\t\t\t<div class=\"elementor-element elementor-element-af31285 elementor-widget elementor-widget-text-editor\" data-id=\"af31285\" data-element_type=\"widget\" data-e-type=\"widget\" data-widget_type=\"text-editor.default\">\n\t\t\t\t<div class=\"elementor-widget-container\">\n\t\t\t\t\t\t\t\t\t<p>\u00a0<\/p><p><strong>Au\u00dfergew\u00f6hnliches Design und hochwertige Haptik:<\/strong><\/p><ul><li>Robuste und sehr langlebige Oberfl\u00e4che<\/li><li>Wirksamer Schutz gegen Korrosion<\/li><li>Mechanische Best\u00e4ndigkeit -&gt; kratz-, sto\u00df-, abriebfest<\/li><li>Chemische Best\u00e4ndigkeit<\/li><li>Feuchtigkeitsresistenz<\/li><li>Temperaturbest\u00e4ndigkeit<\/li><li>UV-Best\u00e4ndigkeit und Farbechtheit<\/li><li>Hohe Haftfestigkeit auf einem Druckgussrohling<\/li><li>Keine Verspr\u00f6dung der Oberfl\u00e4che und damit auch keine Abl\u00f6sung von Bestandteilen.<\/li><li>Ein Verfahren, das f\u00fcr zahlreiche Anwendungen und Bereiche geeignet ist.<\/li><\/ul><p>\u00a0<\/p><p><strong>Umweltfreundlich und ressourcenschonend:<\/strong><\/p><ul><li>Geruchsneutralit\u00e4t, keine Annahme und Abgabe von Ger\u00fcchen<\/li><li>Schmutzabweisende Oberfl\u00e4che<\/li><li>Leicht zu reinigende Oberfl\u00e4che mit minimalen Reinigungsmitteleinsatz<\/li><li>Beschichtung ohne Einsatz von L\u00f6semitteln<\/li><li>Keine Diffusion von Gasen, Fl\u00fcssigkeiten oder sonstigen Bestandteilen \u00fcber die Einsatzjahre<\/li><li>Kein Overspray bei der Beschichtung und damit keine Bestandteile in der Atemluft<\/li><li>Effizient und d\u00fcnnwandig: 20 bis 50 \u03bcm<\/li><li>Schichtdicke in einem Arbeitsgang<\/li><li>Recyclingf\u00e4higkeit und Wiederverwertung der Metalle auch ohne Pfandsystem<\/li><\/ul>\t\t\t\t\t\t\t\t<\/div>\n\t\t\t\t<\/div>\n\t\t\t\t<\/div>\n\t\t\t\t<\/div>\n\t\t\t\t<\/div>\n\t\t","protected":false},"excerpt":{"rendered":"<p>NACHHALTIGKEIT BEI HDO Als produzierendes Unternehmen mit einem hohen Energiebedarf ist Nachhaltigkeit f\u00fcr uns eines der zentralen Elemente f\u00fcr zuk\u00fcnftigen Erfolg. Unser Ziel ist daher die Herstellung qualitativ hochwertiger umwelt- und gesundheitsvertr\u00e4glicher Produkte bei gleichzeitiger Schonung von Ressourcen. HDO Nachhaltigkeitsziele Vorteile von Zinkdruckguss Vorteile galvanisch metallischer Oberfl\u00e4chenbeschichtungen Die HDO Nachhaltigkeitsziele Der Begriff Nachhaltigkeit st\u00fctzt sich [&hellip;]<\/p>\n","protected":false},"author":17,"featured_media":0,"parent":0,"menu_order":0,"comment_status":"closed","ping_status":"closed","template":"elementor_header_footer","meta":{"footnotes":""},"template-eng":[],"class_list":["post-11411","page","type-page","status-publish","hentry"],"_links":{"self":[{"href":"https:\/\/hdo-gmbh.com\/de\/wp-json\/wp\/v2\/pages\/11411","targetHints":{"allow":["GET"]}}],"collection":[{"href":"https:\/\/hdo-gmbh.com\/de\/wp-json\/wp\/v2\/pages"}],"about":[{"href":"https:\/\/hdo-gmbh.com\/de\/wp-json\/wp\/v2\/types\/page"}],"author":[{"embeddable":true,"href":"https:\/\/hdo-gmbh.com\/de\/wp-json\/wp\/v2\/users\/17"}],"replies":[{"embeddable":true,"href":"https:\/\/hdo-gmbh.com\/de\/wp-json\/wp\/v2\/comments?post=11411"}],"version-history":[{"count":0,"href":"https:\/\/hdo-gmbh.com\/de\/wp-json\/wp\/v2\/pages\/11411\/revisions"}],"wp:attachment":[{"href":"https:\/\/hdo-gmbh.com\/de\/wp-json\/wp\/v2\/media?parent=11411"}],"wp:term":[{"taxonomy":"template-eng","embeddable":true,"href":"https:\/\/hdo-gmbh.com\/de\/wp-json\/wp\/v2\/template-eng?post=11411"}],"curies":[{"name":"wp","href":"https:\/\/api.w.org\/{rel}","templated":true}]}}