{"id":11509,"date":"2025-06-24T12:20:10","date_gmt":"2025-06-24T10:20:10","guid":{"rendered":"https:\/\/hdo-gmbh.com\/elementor\/?page_id=11509"},"modified":"2025-09-11T13:31:38","modified_gmt":"2025-09-11T11:31:38","slug":"ausbildung","status":"publish","type":"page","link":"https:\/\/hdo-gmbh.com\/de\/ausbildung\/","title":{"rendered":"Ausbildung bei HDO"},"content":{"rendered":"\t\t<div data-elementor-type=\"wp-page\" data-elementor-id=\"11509\" class=\"elementor elementor-11509\" data-elementor-post-type=\"page\">\n\t\t\t\t<div class=\"elementor-element elementor-element-b19a85a e-con-full e-flex e-con e-parent\" data-id=\"b19a85a\" data-element_type=\"container\" data-e-type=\"container\" data-settings=\"{&quot;jet_parallax_layout_list&quot;:[]}\">\n\t\t<div class=\"elementor-element elementor-element-e513310 e-con-full e-flex e-con e-child\" data-id=\"e513310\" data-element_type=\"container\" data-e-type=\"container\" data-settings=\"{&quot;background_background&quot;:&quot;classic&quot;,&quot;jet_parallax_layout_list&quot;:[]}\">\n\t\t\t\t<div class=\"elementor-element elementor-element-ae6be16 elementor-widget__width-auto heading-strich-dunkel elementor-widget elementor-widget-heading\" data-id=\"ae6be16\" data-element_type=\"widget\" data-e-type=\"widget\" data-widget_type=\"heading.default\">\n\t\t\t\t<div class=\"elementor-widget-container\">\n\t\t\t\t\t<h2 class=\"elementor-heading-title elementor-size-default\">Ausbildung bei HDO<\/h2>\t\t\t\t<\/div>\n\t\t\t\t<\/div>\n\t\t\t\t<div class=\"elementor-element elementor-element-c1089cd elementor-widget__width-auto elementor-widget elementor-widget-heading\" data-id=\"c1089cd\" data-element_type=\"widget\" data-e-type=\"widget\" data-widget_type=\"heading.default\">\n\t\t\t\t<div class=\"elementor-widget-container\">\n\t\t\t\t\t<h3 class=\"elementor-heading-title elementor-size-default\">Starte mit uns ins Berufleben!<\/h3>\t\t\t\t<\/div>\n\t\t\t\t<\/div>\n\t\t\t\t<div class=\"elementor-element elementor-element-3392e17 elementor-widget elementor-widget-text-editor\" data-id=\"3392e17\" data-element_type=\"widget\" data-e-type=\"widget\" data-widget_type=\"text-editor.default\">\n\t\t\t\t<div class=\"elementor-widget-container\">\n\t\t\t\t\t\t\t\t\t<p>Du stehst kurz vor dem Schulabschluss und \u00fcberlegst, was du beruflich machen m\u00f6chtest? Dein Studium l\u00e4uft nicht so wie erhofft und du suchst nach Alternativen? Kein Problem! Bei der HDO GmbH bieten wir dir spannende Ausbildungsberufe, die dir den perfekten Start in deine berufliche Zukunft erm\u00f6glichen. Entdecke vielf\u00e4ltige M\u00f6glichkeiten, praxisnahes Lernen und ein unterst\u00fctzendes Team, das dich auf deinem Weg begleitet. Starte deine Karriere bei uns und werde Teil eines innovativen Unternehmens, das deine Talente f\u00f6rdert und weiterentwickelt. Deine Zukunft beginnt hier \u2013 bei der HDO GmbH!<\/p>\t\t\t\t\t\t\t\t<\/div>\n\t\t\t\t<\/div>\n\t\t\t\t<\/div>\n\t\t\t\t<\/div>\n\t\t<div class=\"elementor-element elementor-element-17641dd e-con-full e-flex e-con e-parent\" data-id=\"17641dd\" data-element_type=\"container\" data-e-type=\"container\" data-settings=\"{&quot;background_background&quot;:&quot;classic&quot;,&quot;jet_parallax_layout_list&quot;:[],&quot;sticky&quot;:&quot;top&quot;,&quot;sticky_offset&quot;:100,&quot;sticky_on&quot;:[&quot;desktop&quot;,&quot;tablet&quot;,&quot;mobile&quot;],&quot;sticky_effects_offset&quot;:0,&quot;sticky_anchor_link_offset&quot;:0}\">\n\t\t\t\t<div class=\"elementor-element elementor-element-d7e576d elementor-icon-list--layout-inline elementor-tablet-align-center elementor-mobile-align-center elementor-align-center elementor-list-item-link-full_width elementor-widget elementor-widget-icon-list\" data-id=\"d7e576d\" data-element_type=\"widget\" data-e-type=\"widget\" data-widget_type=\"icon-list.default\">\n\t\t\t\t<div class=\"elementor-widget-container\">\n\t\t\t\t\t\t\t<ul class=\"elementor-icon-list-items elementor-inline-items\">\n\t\t\t\t\t\t\t<li class=\"elementor-icon-list-item elementor-inline-item\">\n\t\t\t\t\t\t\t\t\t\t\t<a href=\"#gruende\">\n\n\t\t\t\t\t\t\t\t\t\t\t<span class=\"elementor-icon-list-text\">Gr\u00fcnde f\u00fcr eine Ausbildung bei uns<\/span>\n\t\t\t\t\t\t\t\t\t\t\t<\/a>\n\t\t\t\t\t\t\t\t\t<\/li>\n\t\t\t\t\t\t\t\t<li class=\"elementor-icon-list-item elementor-inline-item\">\n\t\t\t\t\t\t\t\t\t\t\t<a href=\"#unsere-benefits\">\n\n\t\t\t\t\t\t\t\t\t\t\t<span class=\"elementor-icon-list-text\">Unsere Benefits<\/span>\n\t\t\t\t\t\t\t\t\t\t\t<\/a>\n\t\t\t\t\t\t\t\t\t<\/li>\n\t\t\t\t\t\t\t\t<li class=\"elementor-icon-list-item elementor-inline-item\">\n\t\t\t\t\t\t\t\t\t\t\t<a href=\"#unsere-ausbildungsberufe\">\n\n\t\t\t\t\t\t\t\t\t\t\t<span class=\"elementor-icon-list-text\">Unsere Ausbildungberufe<\/span>\n\t\t\t\t\t\t\t\t\t\t\t<\/a>\n\t\t\t\t\t\t\t\t\t<\/li>\n\t\t\t\t\t\t\t\t<li class=\"elementor-icon-list-item elementor-inline-item\">\n\t\t\t\t\t\t\t\t\t\t\t<a href=\"#aktuelle-ausbildungsplatzangebote\">\n\n\t\t\t\t\t\t\t\t\t\t\t<span class=\"elementor-icon-list-text\">Aktuelle Ausbildungsplatzangebote<\/span>\n\t\t\t\t\t\t\t\t\t\t\t<\/a>\n\t\t\t\t\t\t\t\t\t<\/li>\n\t\t\t\t\t\t\t\t<li class=\"elementor-icon-list-item elementor-inline-item\">\n\t\t\t\t\t\t\t\t\t\t\t<a href=\"#unser-bewerbungsprozess\">\n\n\t\t\t\t\t\t\t\t\t\t\t<span class=\"elementor-icon-list-text\">Unser Bewerbungsprozess<\/span>\n\t\t\t\t\t\t\t\t\t\t\t<\/a>\n\t\t\t\t\t\t\t\t\t<\/li>\n\t\t\t\t\t\t\t\t<li class=\"elementor-icon-list-item elementor-inline-item\">\n\t\t\t\t\t\t\t\t\t\t\t<a href=\"#ansprechpartner\">\n\n\t\t\t\t\t\t\t\t\t\t\t<span class=\"elementor-icon-list-text\">Ansprechpartner<\/span>\n\t\t\t\t\t\t\t\t\t\t\t<\/a>\n\t\t\t\t\t\t\t\t\t<\/li>\n\t\t\t\t\t\t<\/ul>\n\t\t\t\t\t\t<\/div>\n\t\t\t\t<\/div>\n\t\t\t\t<\/div>\n\t\t<div class=\"elementor-element elementor-element-3f910c7 e-flex e-con-boxed e-con e-parent\" data-id=\"3f910c7\" data-element_type=\"container\" data-e-type=\"container\" data-settings=\"{&quot;background_background&quot;:&quot;classic&quot;,&quot;jet_parallax_layout_list&quot;:[]}\">\n\t\t\t\t\t<div class=\"e-con-inner\">\n\t\t\t\t<div class=\"elementor-element elementor-element-9f8fda2 elementor-widget elementor-widget-spacer\" data-id=\"9f8fda2\" data-element_type=\"widget\" data-e-type=\"widget\" data-widget_type=\"spacer.default\">\n\t\t\t\t<div class=\"elementor-widget-container\">\n\t\t\t\t\t\t\t<div class=\"elementor-spacer\">\n\t\t\t<div class=\"elementor-spacer-inner\"><\/div>\n\t\t<\/div>\n\t\t\t\t\t\t<\/div>\n\t\t\t\t<\/div>\n\t\t\t\t\t<\/div>\n\t\t\t\t<\/div>\n\t\t<div class=\"elementor-element elementor-element-1f16cdb e-con-full e-flex e-con e-parent\" data-id=\"1f16cdb\" data-element_type=\"container\" data-e-type=\"container\" id=\"vorteile-von-zinkdruckguss\" data-settings=\"{&quot;jet_parallax_layout_list&quot;:[],&quot;background_background&quot;:&quot;classic&quot;}\">\n\t\t<div class=\"elementor-element elementor-element-d1fb9cc e-con-full e-flex e-con e-child\" data-id=\"d1fb9cc\" data-element_type=\"container\" data-e-type=\"container\" data-settings=\"{&quot;background_background&quot;:&quot;classic&quot;,&quot;jet_parallax_layout_list&quot;:[]}\">\n\t\t\t\t<div class=\"elementor-element elementor-element-f5d4327 elementor-widget__width-auto heading-strich-hell elementor-widget elementor-widget-heading\" data-id=\"f5d4327\" data-element_type=\"widget\" data-e-type=\"widget\" data-widget_type=\"heading.default\">\n\t\t\t\t<div class=\"elementor-widget-container\">\n\t\t\t\t\t<h2 class=\"elementor-heading-title elementor-size-default\">Warum ist HDO genau der richtige Ausbildungsbetrieb?<\/h2>\t\t\t\t<\/div>\n\t\t\t\t<\/div>\n\t\t\t\t<div class=\"elementor-element elementor-element-bf760fd elementor-widget elementor-widget-text-editor\" data-id=\"bf760fd\" data-element_type=\"widget\" data-e-type=\"widget\" data-widget_type=\"text-editor.default\">\n\t\t\t\t<div class=\"elementor-widget-container\">\n\t\t\t\t\t\t\t\t\t<ul><li>Weil wir ausbilden, wen wir brauchen, und deshalb gr\u00f6\u00dften Wert darauf legen, dass du zufrieden bist und eine hochwertige Ausbildung erh\u00e4ltst. Als Ausbildungsbetrieb der Metallindustrie bieten wir Ausbildungen in kaufm\u00e4nnischen und technischen Berufsbildern in nahezu allen Unternehmensbereichen an. Bei uns bist du sofort mitten im Geschehen und \u00fcbernimmst von Anfang an Verantwortung in der jeweiligen Fachabteilung.<br \/><br \/><\/li><\/ul><ul><li>Weil wir als Lieferant f\u00fcr dekorative Metalldruckgussteile Teile f\u00fcr verschiedene Produkte des t\u00e4glichen Lebens herstellen und du in deiner Ausbildung an der Produktion von spannenden Bauteilen z.B. f\u00fcr die Automobilindustrie mitarbeiten kannst.\u00a0Viele Menschen haben diese Produkte t\u00e4glich in der Hand, wissen aber gar nicht, welche Technologie bzw. welches Material dahintersteckt. Werde Teil unseres Teams und Experte \/ Expertin f\u00fcr die Welt der beschichteten Metalle.<\/li><\/ul>\t\t\t\t\t\t\t\t<\/div>\n\t\t\t\t<\/div>\n\t\t\t\t<\/div>\n\t\t\t\t<\/div>\n\t\t<div class=\"elementor-element elementor-element-cd20045 e-con-full e-flex e-con e-parent\" data-id=\"cd20045\" data-element_type=\"container\" data-e-type=\"container\" data-settings=\"{&quot;jet_parallax_layout_list&quot;:[]}\">\n\t\t<div class=\"elementor-element elementor-element-8b7affc e-con-full elementor-hidden-mobile e-flex e-con e-child\" data-id=\"8b7affc\" data-element_type=\"container\" data-e-type=\"container\" data-settings=\"{&quot;background_background&quot;:&quot;classic&quot;,&quot;jet_parallax_layout_list&quot;:[]}\">\n\t\t\t\t<\/div>\n\t\t<div class=\"elementor-element elementor-element-e382c74 e-con-full e-flex e-con e-child\" data-id=\"e382c74\" data-element_type=\"container\" data-e-type=\"container\" data-settings=\"{&quot;background_background&quot;:&quot;classic&quot;,&quot;jet_parallax_layout_list&quot;:[]}\">\n\t\t\t\t<\/div>\n\t\t\t\t<\/div>\n\t\t<div class=\"elementor-element elementor-element-6c97121 e-con-full e-flex e-con e-parent\" data-id=\"6c97121\" data-element_type=\"container\" data-e-type=\"container\" id=\"nachhaltigkeitsziele\" data-settings=\"{&quot;jet_parallax_layout_list&quot;:[],&quot;background_background&quot;:&quot;classic&quot;}\">\n\t\t<div class=\"elementor-element elementor-element-4cbb2b1 e-con-full e-flex e-con e-child\" data-id=\"4cbb2b1\" data-element_type=\"container\" data-e-type=\"container\" data-settings=\"{&quot;background_background&quot;:&quot;classic&quot;,&quot;jet_parallax_layout_list&quot;:[]}\">\n\t\t\t\t<div class=\"elementor-element elementor-element-03755c4 elementor-widget__width-auto heading-strich-dunkel elementor-widget elementor-widget-heading\" data-id=\"03755c4\" data-element_type=\"widget\" data-e-type=\"widget\" data-widget_type=\"heading.default\">\n\t\t\t\t<div class=\"elementor-widget-container\">\n\t\t\t\t\t<h2 class=\"elementor-heading-title elementor-size-default\">Unsere Benefits<\/h2>\t\t\t\t<\/div>\n\t\t\t\t<\/div>\n\t\t\t\t<div class=\"elementor-element elementor-element-9d3b992 elementor-widget elementor-widget-text-editor\" data-id=\"9d3b992\" data-element_type=\"widget\" data-e-type=\"widget\" data-widget_type=\"text-editor.default\">\n\t\t\t\t<div class=\"elementor-widget-container\">\n\t\t\t\t\t\t\t\t\t<ul><li><strong>Attraktive Verg\u00fctung<\/strong>: Du erh\u00e4ltst eine attraktive Verg\u00fctung inkl. Sonderzahlungen wie z.B. Urlaubs- und Weihnachtsgeld<\/li><li><strong>Flexibles Arbeitszeitkonto &amp; Urlaub:<\/strong>\u00a0Bei uns arbeitest du 35 Stunden\/Woche und verf\u00fcgst \u00fcber ein flexibles Arbeitszeitkonto sowie 30 Tage Urlaub<\/li><li><strong>\u00dcbernahmegarantie:<\/strong>\u00a0Bei guten Leistungen sichern wir dir eine unbefristete \u00dcbernahme nach der Ausbildung zu (bedarfsgerechte Ausbildung).<\/li><li><strong>In-house Ausbildungswerkstatt:<\/strong>\u00a0Kurze Wege! Die Ausbildungswerkstatt befindet sich direkt auf unserem Werksgel\u00e4nde und wird in Kooperation mit Firma Claas Paderborn gef\u00fchrt.<\/li><li><strong>Ausbildung im direkten Umfeld des Berufsbildes:<\/strong>\u00a0Du bist sofort Teil des Teams und wirst direkt in der jeweiligen Fachabteilung ausgebildet.<\/li><li><strong>Azubiprojektwoche:<\/strong> Kennenlernwoche und Projektarbeit zum Unternehmen<\/li><li><strong>Spannende Kunden, Produkte und Technologien:<\/strong>\u00a0Du arbeitest an der Produktion von spannenden Bauteilen f\u00fcr das t\u00e4gliche Leben mit.<\/li><li><strong>Br\u00fcckentagsregelung:<\/strong>\u00a0Betriebsruhe an Br\u00fcckentage zwischen Feiertagen sichert eine planbare freie Zeit<\/li><li><strong>Gemeinsames Feiern:<\/strong>\u00a0Lerne die Kollegen und Kolleginnen bei einem unserer j\u00e4hrlichen Mitarbeiterevents privat kennen.<\/li><li><strong>HDO Corporate Benefits:<\/strong> Sichere dir Rabatte bekannter Marken &amp; Shops in unserem Mitarbeiter-Rabattportal<\/li><\/ul>\t\t\t\t\t\t\t\t<\/div>\n\t\t\t\t<\/div>\n\t\t\t\t<\/div>\n\t\t\t\t<\/div>\n\t\t<div class=\"elementor-element elementor-element-8987e21 e-con-full e-flex e-con e-parent\" data-id=\"8987e21\" data-element_type=\"container\" data-e-type=\"container\" data-settings=\"{&quot;jet_parallax_layout_list&quot;:[]}\">\n\t\t<div class=\"elementor-element elementor-element-4459cdf e-con-full e-flex e-con e-child\" data-id=\"4459cdf\" data-element_type=\"container\" data-e-type=\"container\" data-settings=\"{&quot;background_background&quot;:&quot;classic&quot;,&quot;jet_parallax_layout_list&quot;:[]}\">\n\t\t\t\t<\/div>\n\t\t\t\t<\/div>\n\t\t<div class=\"elementor-element elementor-element-03b6df2 e-con-full e-flex e-con e-parent\" data-id=\"03b6df2\" data-element_type=\"container\" data-e-type=\"container\" id=\"vorteile-galvanisch-metallischer-oberflaechenbeschichtungen\" data-settings=\"{&quot;jet_parallax_layout_list&quot;:[],&quot;background_background&quot;:&quot;classic&quot;}\">\n\t\t<div class=\"elementor-element elementor-element-5001c46 e-con-full e-flex e-con e-child\" data-id=\"5001c46\" data-element_type=\"container\" data-e-type=\"container\" data-settings=\"{&quot;background_background&quot;:&quot;classic&quot;,&quot;jet_parallax_layout_list&quot;:[]}\">\n\t\t\t\t<div class=\"elementor-element elementor-element-d9008f1 elementor-widget__width-auto heading-strich-dunkel elementor-widget elementor-widget-heading\" data-id=\"d9008f1\" data-element_type=\"widget\" data-e-type=\"widget\" data-widget_type=\"heading.default\">\n\t\t\t\t<div class=\"elementor-widget-container\">\n\t\t\t\t\t<h2 class=\"elementor-heading-title elementor-size-default\">Unsere Ausbildungs&shy;berufe<\/h2>\t\t\t\t<\/div>\n\t\t\t\t<\/div>\n\t\t\t\t<div class=\"elementor-element elementor-element-af31285 elementor-widget elementor-widget-text-editor\" data-id=\"af31285\" data-element_type=\"widget\" data-e-type=\"widget\" data-widget_type=\"text-editor.default\">\n\t\t\t\t<div class=\"elementor-widget-container\">\n\t\t\t\t\t\t\t\t\t<p>Bei uns kannst du (fast) alles werden. Engagierten Sch\u00fclerinnen und Sch\u00fclern stehen bei HDO die unterschiedlichsten gewerblich technischen und kaufm\u00e4nnischen Ausbildungsberufe offen.<\/p><p>Aber was genau macht eigentlich ein Werkzeugmechaniker (m\/w\/d) oder ein Fachinformatiker f\u00fcr Systemintegration (m\/w\/d)? Um das herauszufinden haben wir dir zu jedem unserer Berufsbilder die wichtigsten Informationen zusammengestellt. Per Klick auf das jeweilige Berufsbild gelangst du zu detaillierten Infos zum Beruf selbst sowie zu den Voraussetzungen, Ausbildungsinhalten und der Ausbildungsdauer.<br \/>Vielleicht ist auch f\u00fcr\u00a0<strong>DICH<\/strong>\u00a0das Passende dabei!<\/p><div class=\"underline text-underline\"><h3>\u00a0<\/h3><h3>Gewerblich technische Berufe<\/h3><\/div><ul><li><a href=\"https:\/\/hdo-gmbh.com\/wp-content\/uploads\/Berufsbild-Elektroniker-f\u00fcr-Betriebstechnik_m_w_d_2018.pdf\" target=\"_blank\" rel=\"noopener\">Elektroniker f\u00fcr Betriebstechnik (m-w-d)<\/a><\/li><li>Fachkraft f\u00fcr Lagerlogistik (m-w-d)<\/li><li>Fachkraft Metalltechnik (m-w-d)<\/li><li>Industriemechaniker (m-w-d)<\/li><li>Maschinen- und Anlagenf\u00fchrer (m-w-d)<\/li><li>Mechatroniker (m-w-d)<\/li><li>Oberfl\u00e4chenbeschichter (m-w-d)<\/li><li>Technischer Produktdesigner (m-w-d)<\/li><li>Umwelttechnologe f\u00fcr Abwasserbewirtschaftung (m-w-d)<\/li><li>Werkzeugmechaniker (m-w-d)<\/li><\/ul><div class=\"underline text-underline\"><h3>\u00a0<\/h3><h3>Kaufm\u00e4nnische Berufe<\/h3><\/div><ul><li>Fachinformatiker f\u00fcr Systemintegration (m-w-d)<\/li><li>Industriekaufmann (m-w-d)<\/li><li>Kaufmann f\u00fcr Digitalisierungsmanagement (m-w-d)<\/li><\/ul><p>\u00a0<\/p>\t\t\t\t\t\t\t\t<\/div>\n\t\t\t\t<\/div>\n\t\t\t\t<\/div>\n\t\t\t\t<\/div>\n\t\t<div class=\"elementor-element elementor-element-c7bf788 e-con-full e-flex e-con e-parent\" data-id=\"c7bf788\" data-element_type=\"container\" data-e-type=\"container\" data-settings=\"{&quot;jet_parallax_layout_list&quot;:[]}\">\n\t\t<div class=\"elementor-element elementor-element-d2017d0 e-con-full e-flex e-con e-child\" data-id=\"d2017d0\" data-element_type=\"container\" data-e-type=\"container\" data-settings=\"{&quot;background_background&quot;:&quot;classic&quot;,&quot;jet_parallax_layout_list&quot;:[]}\">\n\t\t<div class=\"elementor-element elementor-element-a7c7576 e-con-full e-flex e-con e-child\" data-id=\"a7c7576\" data-element_type=\"container\" data-e-type=\"container\" data-settings=\"{&quot;jet_parallax_layout_list&quot;:[]}\">\n\t\t\t\t<div class=\"elementor-element elementor-element-67477fc elementor-widget__width-auto heading-strich-dunkel elementor-widget elementor-widget-heading\" data-id=\"67477fc\" data-element_type=\"widget\" data-e-type=\"widget\" data-widget_type=\"heading.default\">\n\t\t\t\t<div class=\"elementor-widget-container\">\n\t\t\t\t\t<h2 class=\"elementor-heading-title elementor-size-default\">Aktuelle Ausbildungs&shy;platz&shy;angebote<\/h2>\t\t\t\t<\/div>\n\t\t\t\t<\/div>\n\t\t\t\t<div class=\"elementor-element elementor-element-e78cf3f elementor-widget elementor-widget-text-editor\" data-id=\"e78cf3f\" data-element_type=\"widget\" data-e-type=\"widget\" data-widget_type=\"text-editor.default\">\n\t\t\t\t<div class=\"elementor-widget-container\">\n\t\t\t\t\t\t\t\t\t<div class=\"headline-full\"><div class=\"sublineheadline texthell\">F\u00fcr das Ausbildungsjahr 2025 bieten wir die nachfolgenden Ausbildungsplatzangebote an:<\/div><\/div>\t\t\t\t\t\t\t\t<\/div>\n\t\t\t\t<\/div>\n\t\t<div class=\"elementor-element elementor-element-6c638c5 e-con-full e-flex e-con e-child\" data-id=\"6c638c5\" data-element_type=\"container\" data-e-type=\"container\" data-settings=\"{&quot;jet_parallax_layout_list&quot;:[]}\">\n\t\t\t\t<div class=\"elementor-element elementor-element-edc0198 elementor-widget elementor-widget-heading\" data-id=\"edc0198\" data-element_type=\"widget\" data-e-type=\"widget\" data-widget_type=\"heading.default\">\n\t\t\t\t<div class=\"elementor-widget-container\">\n\t\t\t\t\t<span class=\"elementor-heading-title elementor-size-default\"><a href=\"https:\/\/hdo-gmbh.com\/de\/ausbildung\/\">Mehr erfahren<\/a><\/span>\t\t\t\t<\/div>\n\t\t\t\t<\/div>\n\t\t\t\t<\/div>\n\t\t\t\t<\/div>\n\t\t\t\t<\/div>\n\t\t\t\t<\/div>\n\t\t<div class=\"elementor-element elementor-element-256691a e-con-full e-flex e-con e-parent\" data-id=\"256691a\" data-element_type=\"container\" data-e-type=\"container\" data-settings=\"{&quot;jet_parallax_layout_list&quot;:[],&quot;background_background&quot;:&quot;classic&quot;}\">\n\t\t<div class=\"elementor-element elementor-element-0f7902a e-con-full e-flex e-con e-child\" data-id=\"0f7902a\" data-element_type=\"container\" data-e-type=\"container\" data-settings=\"{&quot;background_background&quot;:&quot;classic&quot;,&quot;jet_parallax_layout_list&quot;:[]}\">\n\t\t\t\t<div class=\"elementor-element elementor-element-149b567 elementor-widget__width-auto heading-strich-hell elementor-widget elementor-widget-heading\" data-id=\"149b567\" data-element_type=\"widget\" data-e-type=\"widget\" data-widget_type=\"heading.default\">\n\t\t\t\t<div class=\"elementor-widget-container\">\n\t\t\t\t\t<h2 class=\"elementor-heading-title elementor-size-default\">Unser Bewerbungsprozess<\/h2>\t\t\t\t<\/div>\n\t\t\t\t<\/div>\n\t\t\t\t<div class=\"elementor-element elementor-element-e7d6cdf elementor-widget elementor-widget-text-editor\" data-id=\"e7d6cdf\" data-element_type=\"widget\" data-e-type=\"widget\" data-widget_type=\"text-editor.default\">\n\t\t\t\t<div class=\"elementor-widget-container\">\n\t\t\t\t\t\t\t\t\t<ul><li>Gew\u00fcnschten Ausbildungsberuf in unseren Jobangeboten aussuchen<\/li><li>Bewerbung schreiben: vollst\u00e4ndiger Lebenslauf, gerne mit Anschreiben und deinen Beweggr\u00fcnden f\u00fcr die Bewerbung sowie den letzten beiden Zeugnissen.<\/li><li>Bitte sende die Bewerbung in einem pdf per Mail an unseren Ausbildungsvertreter Falk Hofmann, E-Mail <a href=\"mailto:bewerbung@hdo-gmbh.com\" target=\"_blank\" rel=\"noopener\">bewerbung@hdo-gmbh.com<\/a>. Bei R\u00fcckfragen erreichst Du Falk jederzeit unter 05251-70433444.<\/li><li>Du bekommst von uns per Mail eine Best\u00e4tigung, dass deine Bewerbung bei uns eingegangen ist.<\/li><li>Wir sichten deine Unterlagen und geben dir zeitnah eine R\u00fcckmeldung per E-Mail. Bitte pr\u00fcfe deshalb regelm\u00e4\u00dfig dein E-Mail-Postfach.<\/li><li>Wenn dein Profil mit unseren Anforderungen \u00fcbereinstimmt, laden wir dich zu einem pers\u00f6nlichen Gespr\u00e4ch zu uns ein. In dem Gespr\u00e4ch lernst du deinen Ausbildungsbetreuer in der Personalabteilung sowie den Ausbilder der Fachabteilung kennen. Uns interessiert, wer du bist und warum du gerne bei uns arbeiten m\u00f6chtest. Bitte bring hierzu auch gerne alle deine Fragen an uns mit.<\/li><li>Du hast uns \u00fcberzeugt und wir bieten dir einen Ausbildungsvertrag an. Die Ausbildung startet jeweils zum neuen Ausbildungsjahr im August. Den genauen Starttermin sowie alle wichtigen Informationen senden wir dir mit den Vertragsunterlagen zu.<\/li><\/ul>\t\t\t\t\t\t\t\t<\/div>\n\t\t\t\t<\/div>\n\t\t\t\t<\/div>\n\t\t\t\t<\/div>\n\t\t<div class=\"elementor-element elementor-element-562bab1 e-con-full e-flex e-con e-parent\" data-id=\"562bab1\" data-element_type=\"container\" data-e-type=\"container\" data-settings=\"{&quot;jet_parallax_layout_list&quot;:[]}\">\n\t\t<div class=\"elementor-element elementor-element-18c850e e-con-full e-flex e-con e-child\" data-id=\"18c850e\" data-element_type=\"container\" data-e-type=\"container\" data-settings=\"{&quot;background_background&quot;:&quot;classic&quot;,&quot;jet_parallax_layout_list&quot;:[]}\">\n\t\t\t\t<\/div>\n\t\t\t\t<\/div>\n\t\t<div class=\"elementor-element elementor-element-dd63184 e-con-full e-flex e-con e-parent\" data-id=\"dd63184\" data-element_type=\"container\" data-e-type=\"container\" data-settings=\"{&quot;jet_parallax_layout_list&quot;:[]}\">\n\t\t<div class=\"elementor-element elementor-element-52a4934 e-con-full e-flex e-con e-child\" data-id=\"52a4934\" data-element_type=\"container\" data-e-type=\"container\" data-settings=\"{&quot;background_background&quot;:&quot;classic&quot;,&quot;jet_parallax_layout_list&quot;:[]}\">\n\t\t\t\t<\/div>\n\t\t<div class=\"elementor-element elementor-element-3941f55 e-con-full e-flex e-con e-child\" data-id=\"3941f55\" data-element_type=\"container\" data-e-type=\"container\" data-settings=\"{&quot;background_background&quot;:&quot;classic&quot;,&quot;jet_parallax_layout_list&quot;:[]}\">\n\t\t\t\t<div class=\"elementor-element elementor-element-183be0a elementor-widget elementor-widget-text-editor\" data-id=\"183be0a\" data-element_type=\"widget\" data-e-type=\"widget\" data-widget_type=\"text-editor.default\">\n\t\t\t\t<div class=\"elementor-widget-container\">\n\t\t\t\t\t\t\t\t\t<h3>Dein Ansprechpartner f\u00fcr eine Ausbildung bei uns<\/h3><div class=\"headline-full\"><span style=\"font-size: 1rem;\">Hi, ich bin\u00a0<\/span><strong style=\"font-size: 1rem;\">Falk Hofmann<\/strong><span style=\"font-size: 1rem;\">\u00a0und dein Ansprechpartner f\u00fcr alle Fragen rund um das Thema Ausbildung bei HDO. M\u00f6chtest du noch mehr \u00fcber uns und unsere Ausbildungsm\u00f6glichkeiten erfahren? Oder interessierst du dich speziell f\u00fcr einen Beruf und brauchst weitere Infos?<\/span><\/div><div class=\"text_full\"><p>Ich bin gerne f\u00fcr dich da und unterst\u00fctze dich bei deinem Berufsstart!<\/p><div class=\"grau kachelelement container-50-50-rechts container-50-50 keinbild\"><div class=\"kachelcontent mitte textdunkel\"><div class=\"text_full\"><p><strong>Kontakt:<\/strong><\/p><p>Falk Hofmann<\/p><p>Personalmanagement\/ Ausbildungsbetreuung<\/p><p>Tel.\u00a0<a href=\"tel:+49525170433444\" target=\"_blank\" rel=\"noopener\">+49 (0) 52 51\u00a0 \/ 704 33 444<\/a><\/p><p>Mail:\u00a0<a href=\"mailto:falk.hofmann@hdo-gmbh.com\" target=\"_blank\" rel=\"noopener\">falk.hofmann@hdo-gmbh.com<\/a><\/p><\/div><\/div><\/div><\/div>\t\t\t\t\t\t\t\t<\/div>\n\t\t\t\t<\/div>\n\t\t\t\t<\/div>\n\t\t\t\t<\/div>\n\t\t<div class=\"elementor-element elementor-element-8e6f1ba e-flex e-con-boxed e-con e-parent\" data-id=\"8e6f1ba\" data-element_type=\"container\" data-e-type=\"container\" data-settings=\"{&quot;jet_parallax_layout_list&quot;:[]}\">\n\t\t\t\t\t<div class=\"e-con-inner\">\n\t\t\t\t<div class=\"elementor-element elementor-element-89e1114 elementor-widget__width-initial elementor-view-default elementor-widget elementor-widget-icon\" data-id=\"89e1114\" data-element_type=\"widget\" data-e-type=\"widget\" data-widget_type=\"icon.default\">\n\t\t\t\t<div class=\"elementor-widget-container\">\n\t\t\t\t\t\t\t<div class=\"elementor-icon-wrapper\">\n\t\t\t<a class=\"elementor-icon\" href=\"https:\/\/www.instagram.com\/hdo.gmbh\/\" target=\"_blank\" rel=\"noopener\">\n\t\t\t<i aria-hidden=\"true\" class=\"fab fa-instagram\"><\/i>\t\t\t<\/a>\n\t\t<\/div>\n\t\t\t\t\t\t<\/div>\n\t\t\t\t<\/div>\n\t\t\t\t\t<\/div>\n\t\t\t\t<\/div>\n\t\t\t\t<\/div>\n\t\t","protected":false},"excerpt":{"rendered":"<p>Ausbildung bei HDO Starte mit uns ins Berufleben! Du stehst kurz vor dem Schulabschluss und \u00fcberlegst, was du beruflich machen m\u00f6chtest? Dein Studium l\u00e4uft nicht so wie erhofft und du suchst nach Alternativen? Kein Problem! Bei der HDO GmbH bieten wir dir spannende Ausbildungsberufe, die dir den perfekten Start in deine berufliche Zukunft erm\u00f6glichen. Entdecke [&hellip;]<\/p>\n","protected":false},"author":17,"featured_media":0,"parent":0,"menu_order":0,"comment_status":"closed","ping_status":"closed","template":"elementor_header_footer","meta":{"footnotes":""},"template-eng":[],"class_list":["post-11509","page","type-page","status-publish","hentry"],"_links":{"self":[{"href":"https:\/\/hdo-gmbh.com\/de\/wp-json\/wp\/v2\/pages\/11509","targetHints":{"allow":["GET"]}}],"collection":[{"href":"https:\/\/hdo-gmbh.com\/de\/wp-json\/wp\/v2\/pages"}],"about":[{"href":"https:\/\/hdo-gmbh.com\/de\/wp-json\/wp\/v2\/types\/page"}],"author":[{"embeddable":true,"href":"https:\/\/hdo-gmbh.com\/de\/wp-json\/wp\/v2\/users\/17"}],"replies":[{"embeddable":true,"href":"https:\/\/hdo-gmbh.com\/de\/wp-json\/wp\/v2\/comments?post=11509"}],"version-history":[{"count":0,"href":"https:\/\/hdo-gmbh.com\/de\/wp-json\/wp\/v2\/pages\/11509\/revisions"}],"wp:attachment":[{"href":"https:\/\/hdo-gmbh.com\/de\/wp-json\/wp\/v2\/media?parent=11509"}],"wp:term":[{"taxonomy":"template-eng","embeddable":true,"href":"https:\/\/hdo-gmbh.com\/de\/wp-json\/wp\/v2\/template-eng?post=11509"}],"curies":[{"name":"wp","href":"https:\/\/api.w.org\/{rel}","templated":true}]}}