{"id":11544,"date":"2025-06-24T13:54:29","date_gmt":"2025-06-24T11:54:29","guid":{"rendered":"https:\/\/hdo-gmbh.com\/elementor\/?page_id=11544"},"modified":"2025-08-26T10:59:37","modified_gmt":"2025-08-26T08:59:37","slug":"hinweisgebermeldestelle","status":"publish","type":"page","link":"https:\/\/hdo-gmbh.com\/de\/hinweisgebermeldestelle\/","title":{"rendered":"Hinweisgebermeldestelle"},"content":{"rendered":"\t\t<div data-elementor-type=\"wp-page\" data-elementor-id=\"11544\" class=\"elementor elementor-11544\" data-elementor-post-type=\"page\">\n\t\t\t\t<div class=\"elementor-element elementor-element-2266bc4 e-con-full e-flex e-con e-parent\" data-id=\"2266bc4\" data-element_type=\"container\" data-e-type=\"container\" data-settings=\"{&quot;jet_parallax_layout_list&quot;:[],&quot;background_background&quot;:&quot;classic&quot;}\">\n\t\t<div class=\"elementor-element elementor-element-2da1de2 e-con-full e-flex e-con e-child\" data-id=\"2da1de2\" data-element_type=\"container\" data-e-type=\"container\" data-settings=\"{&quot;background_background&quot;:&quot;classic&quot;,&quot;jet_parallax_layout_list&quot;:[]}\">\n\t\t\t\t<div class=\"elementor-element elementor-element-61cfe4d elementor-widget__width-auto heading-strich-dunkel elementor-widget elementor-widget-heading\" data-id=\"61cfe4d\" data-element_type=\"widget\" data-e-type=\"widget\" data-widget_type=\"heading.default\">\n\t\t\t\t<div class=\"elementor-widget-container\">\n\t\t\t\t\t<h1 class=\"elementor-heading-title elementor-size-default\">Hinweis&shy;geber&shy;melde&shy;stelle bei HDO<\/h1>\t\t\t\t<\/div>\n\t\t\t\t<\/div>\n\t\t\t\t<div class=\"elementor-element elementor-element-fee5816 elementor-widget elementor-widget-text-editor\" data-id=\"fee5816\" data-element_type=\"widget\" data-e-type=\"widget\" data-widget_type=\"text-editor.default\">\n\t\t\t\t<div class=\"elementor-widget-container\">\n\t\t\t\t\t\t\t\t\t<p>Mit dem klaren Ziel der Kundenzufriedenheit arbeiten wir jeden Tag daran, unsere Kunden mit unseren Produkten und Leistungen zu begeistern. Ausgehend von unserem zentralen Gedanken&nbsp;<strong>Wir sind HDO<\/strong>&nbsp;k\u00f6nnen wir dieses Ziel nur gemeinsam erreichen. Dabei spielen insbesondere eigenverantwortliches Verhalten, Offenheit und Transparenz sowie ein jederzeit gesetzeskonformes und ethisch korrektes Verhalten eine wesentliche Rolle. Um regelkonformes Verhalten in der gesamten Unternehmensgruppe sicherzustellen, haben wir unsere wichtigsten Grundregeln und Prinzipien in unserem&nbsp;<a href=\"https:\/\/hdo-gmbh.com\/wp-content\/uploads\/HDO_Verhaltenskodex_2025.pdf\" target=\"_blank\" rel=\"noopener\">HDO Verhaltenskodex<\/a>&nbsp;zusammengefasst. Er ist f\u00fcr alle Besch\u00e4ftigten verbindlich.<\/p>\n<p>Um allen Mitarbeitenden und anderen externen Hinweisgebern, die M\u00f6glichkeit zu geben, Verst\u00f6\u00dfe gegen Rechtsvorschriften und interne Regeln zu melden, haben wir eine externe Hinweisgebermeldestelle eingerichtet. Sie schafft eine rechtssichere und vertrauliche Umgebung f\u00fcr auf Wunsch auch anonyme Hinweise auf Rechtsverst\u00f6\u00dfe. Hierzu geh\u00f6ren:<\/p>\n<p>\u2022 Korruption<br>\u2022 Betrug, Untreue, Unterschlagung<br>\u2022 Kartellrechtsverletzungen<br>\u2022 Geldw\u00e4sche<br>\u2022 Datenschutzverletzung<br>\u2022 Diebstahl<br>\u2022 Umwelt- und Arbeitsschutzverst\u00f6\u00dfe<br>\u2022 Missachtung von Sozialstandards und Menschenrechten<\/p>\n<p>Wir bei HDO pflegen eine offene Kommunikation und m\u00f6chten alle Mitarbeitenden und Gesch\u00e4ftspartner dazu ermutigen, Unregelm\u00e4\u00dfigkeiten oder fehlerhaftes Verhalten offen anzusprechen. Sollte ein pers\u00f6nliches Gespr\u00e4ch mit dem HDO Vorgesetzten oder Ansprechpartner von Ihnen nicht erw\u00fcnscht sein, k\u00f6nnen Sie sich mit dem untenstehenden Kontaktformular jederzeit an die&nbsp;<strong>HDO Hinweisgebermeldestelle<\/strong>&nbsp;wenden. Ihr Anliegen wird an eine externe Kanzlei weitergeleitet und dort bearbeitet. Sollten Sie anonym bleiben wollen, f\u00fcllen Sie bitte nur das Feld \u201eNachricht\u201c aus.<\/p>\n<p>Sofern Sie Ihre Kontaktdaten angegeben haben, erhalten Sie innerhalb kurzer Zeit eine Eingangsbest\u00e4tigung mit einer Beschreibung der weiteren Vorgehensweise. Ihre Daten werden selbstverst\u00e4ndlich streng vertraulich behandelt und nicht weitergegeben.<\/p>\t\t\t\t\t\t\t\t<\/div>\n\t\t\t\t<\/div>\n\t\t\t\t<div class=\"elementor-element elementor-element-0b3bbae elementor-widget__width-inherit elementor-button-align-stretch elementor-widget elementor-widget-form\" data-id=\"0b3bbae\" data-element_type=\"widget\" data-e-type=\"widget\" data-settings=\"{&quot;button_width&quot;:&quot;40&quot;,&quot;step_next_label&quot;:&quot;N\\u00e4chster&quot;,&quot;step_previous_label&quot;:&quot;Voriger&quot;,&quot;step_type&quot;:&quot;number_text&quot;,&quot;step_icon_shape&quot;:&quot;circle&quot;}\" data-widget_type=\"form.default\">\n\t\t\t\t<div class=\"elementor-widget-container\">\n\t\t\t\t\t\t\t<form class=\"elementor-form\" method=\"post\" name=\"Hinweisgeberstelle\" aria-label=\"Hinweisgeberstelle\">\n\t\t\t<input type=\"hidden\" name=\"post_id\" value=\"11544\"\/>\n\t\t\t<input type=\"hidden\" name=\"form_id\" value=\"0b3bbae\"\/>\n\t\t\t<input type=\"hidden\" name=\"referer_title\" value=\"Hinweisgebermeldestelle - HDO Druckgu\u00df- und Oberfl\u00e4chentechnik\" \/>\n\n\t\t\t\t\t\t\t<input type=\"hidden\" name=\"queried_id\" value=\"11544\"\/>\n\t\t\t\n\t\t\t<div class=\"elementor-form-fields-wrapper elementor-labels-\">\n\t\t\t\t\t\t\t\t<div class=\"elementor-field-type-text elementor-field-group elementor-column elementor-field-group-name elementor-col-50\">\n\t\t\t\t\t\t\t\t\t\t\t\t<label for=\"form-field-name\" class=\"elementor-field-label elementor-screen-only\">\n\t\t\t\t\t\t\t\tVorname\t\t\t\t\t\t\t<\/label>\n\t\t\t\t\t\t\t\t\t\t\t\t\t\t<input size=\"1\" type=\"text\" name=\"form_fields[name]\" id=\"form-field-name\" class=\"elementor-field elementor-size-sm  elementor-field-textual\" placeholder=\"Vorname\">\n\t\t\t\t\t\t\t\t\t\t\t<\/div>\n\t\t\t\t\t\t\t\t<div class=\"elementor-field-type-text elementor-field-group elementor-column elementor-field-group-field_ff5688b elementor-col-50\">\n\t\t\t\t\t\t\t\t\t\t\t\t<label for=\"form-field-field_ff5688b\" class=\"elementor-field-label elementor-screen-only\">\n\t\t\t\t\t\t\t\tName\t\t\t\t\t\t\t<\/label>\n\t\t\t\t\t\t\t\t\t\t\t\t\t\t<input size=\"1\" type=\"text\" name=\"form_fields[field_ff5688b]\" id=\"form-field-field_ff5688b\" class=\"elementor-field elementor-size-sm  elementor-field-textual\" placeholder=\"Name\">\n\t\t\t\t\t\t\t\t\t\t\t<\/div>\n\t\t\t\t\t\t\t\t<div class=\"elementor-field-type-email elementor-field-group elementor-column elementor-field-group-email elementor-col-100 elementor-field-required\">\n\t\t\t\t\t\t\t\t\t\t\t\t<label for=\"form-field-email\" class=\"elementor-field-label elementor-screen-only\">\n\t\t\t\t\t\t\t\tE-Mail\t\t\t\t\t\t\t<\/label>\n\t\t\t\t\t\t\t\t\t\t\t\t\t\t<input size=\"1\" type=\"email\" name=\"form_fields[email]\" id=\"form-field-email\" class=\"elementor-field elementor-size-sm  elementor-field-textual\" placeholder=\"E-Mail\" required=\"required\">\n\t\t\t\t\t\t\t\t\t\t\t<\/div>\n\t\t\t\t\t\t\t\t<div class=\"elementor-field-type-textarea elementor-field-group elementor-column elementor-field-group-message elementor-col-100\">\n\t\t\t\t\t\t\t\t\t\t\t\t<label for=\"form-field-message\" class=\"elementor-field-label elementor-screen-only\">\n\t\t\t\t\t\t\t\tNachricht\t\t\t\t\t\t\t<\/label>\n\t\t\t\t\t\t<textarea class=\"elementor-field-textual elementor-field  elementor-size-sm\" name=\"form_fields[message]\" id=\"form-field-message\" rows=\"4\" placeholder=\"Nachricht\"><\/textarea>\t\t\t\t<\/div>\n\t\t\t\t\t\t\t\t<div class=\"elementor-field-type-recaptcha_v3 elementor-field-group elementor-column elementor-field-group-field_cdcc5c6 elementor-col-100 recaptcha_v3-inline\">\n\t\t\t\t\t<div class=\"elementor-field\" id=\"form-field-field_cdcc5c6\"><div class=\"elementor-g-recaptcha\" data-sitekey=\"6LcP33QrAAAAAMOrRNveMsVznKE0UeZfix4nPOVF\" data-type=\"v3\" data-action=\"Form\" data-badge=\"inline\" data-size=\"invisible\"><\/div><\/div>\t\t\t\t<\/div>\n\t\t\t\t\t\t\t\t<div class=\"elementor-field-type-html elementor-field-group elementor-column elementor-field-group-field_e771121 elementor-col-100\">\n\t\t\t\t\t<fieldset>\n<legend>Datenschutzhinweis<\/legend>\n<label for=\"privacy_policy\">\n<input type=\"checkbox\" id=\"privacy_policy\" name=\"privacy_policy\" required>\nIch habe die Datenschutzerkl\u00e4rung zur Kenntniss genommen. Ich stimme zu, dass meine Angaben zur Kontaktaufnahme und \u00fcber R\u00fcckfragen gespeichert werden. Detaillierte Informationen zum Umgang mit Nutzerdaten finden Sie in unserer  <a href=\"\/datenschutz\" target=\"_blank\" rel=\"noopener noreferrer\">Datenschutzerkl\u00e4rung<\/a>.\t\t\t\t<\/div>\n\t\t\t\t\t\t\t\t<div class=\"elementor-field-group elementor-column elementor-field-type-submit elementor-col-40 e-form__buttons\">\n\t\t\t\t\t<button class=\"elementor-button elementor-size-sm\" type=\"submit\">\n\t\t\t\t\t\t<span class=\"elementor-button-content-wrapper\">\n\t\t\t\t\t\t\t\t\t\t\t\t\t\t\t\t\t\t\t\t\t\t<span class=\"elementor-button-text\">Nachricht senden<\/span>\n\t\t\t\t\t\t\t\t\t\t\t\t\t<\/span>\n\t\t\t\t\t<\/button>\n\t\t\t\t<\/div>\n\t\t\t<\/div>\n\t\t<\/form>\n\t\t\t\t\t\t<\/div>\n\t\t\t\t<\/div>\n\t\t\t\t<\/div>\n\t\t\t\t<\/div>\n\t\t\t\t<\/div>\n\t\t","protected":false},"excerpt":{"rendered":"<p>Hinweis\u00adgeber\u00admelde\u00adstelle bei HDO Mit dem klaren Ziel der Kundenzufriedenheit arbeiten wir jeden Tag daran, unsere Kunden mit unseren Produkten und Leistungen zu begeistern. Ausgehend von unserem zentralen Gedanken\u00a0Wir sind HDO\u00a0k\u00f6nnen wir dieses Ziel nur gemeinsam erreichen. Dabei spielen insbesondere eigenverantwortliches Verhalten, Offenheit und Transparenz sowie ein jederzeit gesetzeskonformes und ethisch korrektes Verhalten eine wesentliche Rolle. [&hellip;]<\/p>\n","protected":false},"author":17,"featured_media":0,"parent":0,"menu_order":0,"comment_status":"closed","ping_status":"closed","template":"elementor_header_footer","meta":{"footnotes":""},"template-eng":[],"class_list":["post-11544","page","type-page","status-publish","hentry"],"_links":{"self":[{"href":"https:\/\/hdo-gmbh.com\/de\/wp-json\/wp\/v2\/pages\/11544","targetHints":{"allow":["GET"]}}],"collection":[{"href":"https:\/\/hdo-gmbh.com\/de\/wp-json\/wp\/v2\/pages"}],"about":[{"href":"https:\/\/hdo-gmbh.com\/de\/wp-json\/wp\/v2\/types\/page"}],"author":[{"embeddable":true,"href":"https:\/\/hdo-gmbh.com\/de\/wp-json\/wp\/v2\/users\/17"}],"replies":[{"embeddable":true,"href":"https:\/\/hdo-gmbh.com\/de\/wp-json\/wp\/v2\/comments?post=11544"}],"version-history":[{"count":0,"href":"https:\/\/hdo-gmbh.com\/de\/wp-json\/wp\/v2\/pages\/11544\/revisions"}],"wp:attachment":[{"href":"https:\/\/hdo-gmbh.com\/de\/wp-json\/wp\/v2\/media?parent=11544"}],"wp:term":[{"taxonomy":"template-eng","embeddable":true,"href":"https:\/\/hdo-gmbh.com\/de\/wp-json\/wp\/v2\/template-eng?post=11544"}],"curies":[{"name":"wp","href":"https:\/\/api.w.org\/{rel}","templated":true}]}}