{"id":11559,"date":"2025-06-24T14:21:15","date_gmt":"2025-06-24T12:21:15","guid":{"rendered":"https:\/\/hdo-gmbh.com\/elementor\/?page_id=11559"},"modified":"2026-04-09T09:39:35","modified_gmt":"2026-04-09T07:39:35","slug":"impressum-hdo-spol-s-r-o","status":"publish","type":"page","link":"https:\/\/hdo-gmbh.com\/de\/impressum-hdo-spol-s-r-o\/","title":{"rendered":"Impressum HDO spol s.r.o."},"content":{"rendered":"\t\t<div data-elementor-type=\"wp-page\" data-elementor-id=\"11559\" class=\"elementor elementor-11559\" data-elementor-post-type=\"page\">\n\t\t\t\t<div class=\"elementor-element elementor-element-5f93028 e-con-full e-flex e-con e-parent\" data-id=\"5f93028\" data-element_type=\"container\" data-e-type=\"container\" data-settings=\"{&quot;jet_parallax_layout_list&quot;:[]}\">\n\t\t<div class=\"elementor-element elementor-element-988cabc e-con-full e-flex e-con e-child\" data-id=\"988cabc\" data-element_type=\"container\" data-e-type=\"container\" data-settings=\"{&quot;background_background&quot;:&quot;classic&quot;,&quot;jet_parallax_layout_list&quot;:[]}\">\n\t\t\t\t<\/div>\n\t\t\t\t<\/div>\n\t\t<div class=\"elementor-element elementor-element-b19a85a e-con-full e-flex e-con e-parent\" data-id=\"b19a85a\" data-element_type=\"container\" data-e-type=\"container\" data-settings=\"{&quot;jet_parallax_layout_list&quot;:[],&quot;background_background&quot;:&quot;classic&quot;}\">\n\t\t<div class=\"elementor-element elementor-element-e513310 e-con-full e-flex e-con e-child\" data-id=\"e513310\" data-element_type=\"container\" data-e-type=\"container\" data-settings=\"{&quot;background_background&quot;:&quot;classic&quot;,&quot;jet_parallax_layout_list&quot;:[]}\">\n\t\t\t\t<div class=\"elementor-element elementor-element-ae6be16 elementor-widget__width-auto heading-strich-hell elementor-widget elementor-widget-heading\" data-id=\"ae6be16\" data-element_type=\"widget\" data-e-type=\"widget\" data-widget_type=\"heading.default\">\n\t\t\t\t<div class=\"elementor-widget-container\">\n\t\t\t\t\t<h2 class=\"elementor-heading-title elementor-size-default\">Informace o firm\u011b<\/h2>\t\t\t\t<\/div>\n\t\t\t\t<\/div>\n\t\t\t\t<div class=\"elementor-element elementor-element-421345f elementor-widget elementor-widget-text-editor\" data-id=\"421345f\" data-element_type=\"widget\" data-e-type=\"widget\" data-widget_type=\"text-editor.default\">\n\t\t\t\t<div class=\"elementor-widget-container\">\n\t\t\t\t\t\t\t\t\t<h2>HDO, spol. s r.o.<\/h2><p>Na K\u0159talt\u011b 41, PS\u010c 789 01 Z\u00e1b\u0159eh,\u00a0Czechia<\/p><p>Identifika\u010dn\u00ed \u010d\u00edslo 258 32 689<br \/>Spisov\u00e1 zna\u010dka C 20321<br \/>veden\u00e1 u Krajsk\u00e9ho soudu v Ostrav\u011b<br \/>Datum z\u00e1pisu 11. b\u0159ezna 1999<\/p><p>Spole\u010dnost je \u010dlenem koncernu HDO Gruppe \u0158\u00edd\u00edc\u00ed osobou je pan Werner Beneken<\/p><div class=\"underline text-underline\">\u00a0<\/div>\t\t\t\t\t\t\t\t<\/div>\n\t\t\t\t<\/div>\n\t\t\t\t<\/div>\n\t\t\t\t<\/div>\n\t\t<div class=\"elementor-element elementor-element-9392f2e e-con-full e-flex e-con e-parent\" data-id=\"9392f2e\" data-element_type=\"container\" data-e-type=\"container\" data-settings=\"{&quot;jet_parallax_layout_list&quot;:[],&quot;background_background&quot;:&quot;classic&quot;}\">\n\t\t<div class=\"elementor-element elementor-element-344b27e e-con-full e-flex e-con e-child\" data-id=\"344b27e\" data-element_type=\"container\" data-e-type=\"container\" data-settings=\"{&quot;background_background&quot;:&quot;classic&quot;,&quot;jet_parallax_layout_list&quot;:[]}\">\n\t\t\t\t<div class=\"elementor-element elementor-element-1fd8457 elementor-widget__width-auto heading-strich-dunkel elementor-widget elementor-widget-heading\" data-id=\"1fd8457\" data-element_type=\"widget\" data-e-type=\"widget\" data-widget_type=\"heading.default\">\n\t\t\t\t<div class=\"elementor-widget-container\">\n\t\t\t\t\t<h2 class=\"elementor-heading-title elementor-size-default\">Firemn\u00ed filozofie<\/h2>\t\t\t\t<\/div>\n\t\t\t\t<\/div>\n\t\t\t\t<div class=\"elementor-element elementor-element-33c9763 elementor-widget elementor-widget-text-editor\" data-id=\"33c9763\" data-element_type=\"widget\" data-e-type=\"widget\" data-widget_type=\"text-editor.default\">\n\t\t\t\t<div class=\"elementor-widget-container\">\n\t\t\t\t\t\t\t\t\t<p>V pdf p\u0159\u00edloze najdete na\u0161 eticky kodex.<\/p><p><a href=\"https:\/\/hdo-gmbh.com\/wp-content\/uploads\/Etick%C3%BD_kodex_HDO_CZ.pdf\" target=\"_blank\" rel=\"noopener\">Etick\u00fd_kodex_HDO_CZ.pdf<\/a><\/p>\t\t\t\t\t\t\t\t<\/div>\n\t\t\t\t<\/div>\n\t\t\t\t<\/div>\n\t\t\t\t<\/div>\n\t\t<div class=\"elementor-element elementor-element-38e807d e-con-full e-flex e-con e-parent\" data-id=\"38e807d\" data-element_type=\"container\" data-e-type=\"container\" data-settings=\"{&quot;jet_parallax_layout_list&quot;:[],&quot;background_background&quot;:&quot;classic&quot;}\">\n\t\t<div class=\"elementor-element elementor-element-fc4fe58 e-con-full e-flex e-con e-child\" data-id=\"fc4fe58\" data-element_type=\"container\" data-e-type=\"container\" data-settings=\"{&quot;background_background&quot;:&quot;classic&quot;,&quot;jet_parallax_layout_list&quot;:[]}\">\n\t\t\t\t<div class=\"elementor-element elementor-element-175aa1a elementor-widget__width-auto heading-strich-dunkel elementor-widget elementor-widget-heading\" data-id=\"175aa1a\" data-element_type=\"widget\" data-e-type=\"widget\" data-widget_type=\"heading.default\">\n\t\t\t\t<div class=\"elementor-widget-container\">\n\t\t\t\t\t<h2 class=\"elementor-heading-title elementor-size-default\">Certifik\u00e1t<\/h2>\t\t\t\t<\/div>\n\t\t\t\t<\/div>\n\t\t\t\t<div class=\"elementor-element elementor-element-0896d1c elementor-widget elementor-widget-text-editor\" data-id=\"0896d1c\" data-element_type=\"widget\" data-e-type=\"widget\" data-widget_type=\"text-editor.default\">\n\t\t\t\t<div class=\"elementor-widget-container\">\n\t\t\t\t\t\t\t\t\t<h3>Kontrolovan\u00e1 a vyhl\u00e1\u0161en\u00e1 kvalita<\/h3><p>Procesn\u011b orientovan\u00fd, integrovan\u00fd management syst\u00e9m zaji\u0161\u0165uje prov\u00e1zanost kvality, podv\u011bdom\u00ed a bezpe\u010dnosti ve v\u0161ech oblastech firmy:<\/p><p><a href=\"https:\/\/hdo-gmbh.com\/wp-content\/uploads\/Certifikat_HDOCZ_ISO_9001_CZ_2026.pdf\" target=\"_blank\" rel=\"noopener\">Certifik\u00e1t_HDOCZ_ISO_9001.pdf<\/a><\/p><p><a href=\"https:\/\/hdo-gmbh.com\/wp-content\/uploads\/Certifikat_iso_14001_hdo-cz_cz.pdf\" target=\"_blank\" rel=\"noopener\">Certifik\u00e1t_HDOCZ_ISO_14001.pdf<\/a><\/p><p><a href=\"https:\/\/hdo-gmbh.com\/wp-content\/uploads\/Certifikat_iso_50001_hdo-cz_cz.pdf\" target=\"_blank\" rel=\"noopener\">Certifik\u00e1t_HDOCZ_ISO_50001.pdf<\/a><\/p>\t\t\t\t\t\t\t\t<\/div>\n\t\t\t\t<\/div>\n\t\t\t\t<\/div>\n\t\t\t\t<\/div>\n\t\t<div class=\"elementor-element elementor-element-ab1d193 e-con-full e-flex e-con e-parent\" data-id=\"ab1d193\" data-element_type=\"container\" data-e-type=\"container\" data-settings=\"{&quot;jet_parallax_layout_list&quot;:[],&quot;background_background&quot;:&quot;classic&quot;}\">\n\t\t<div class=\"elementor-element elementor-element-9d8859f e-con-full e-flex e-con e-child\" data-id=\"9d8859f\" data-element_type=\"container\" data-e-type=\"container\" data-settings=\"{&quot;background_background&quot;:&quot;classic&quot;,&quot;jet_parallax_layout_list&quot;:[]}\">\n\t\t\t\t<div class=\"elementor-element elementor-element-10db124 elementor-widget__width-auto heading-strich-hell elementor-widget elementor-widget-heading\" data-id=\"10db124\" data-element_type=\"widget\" data-e-type=\"widget\" data-widget_type=\"heading.default\">\n\t\t\t\t<div class=\"elementor-widget-container\">\n\t\t\t\t\t<h2 class=\"elementor-heading-title elementor-size-default\">Ochrana osobn\u00edch \u00fadaj\u016f<\/h2>\t\t\t\t<\/div>\n\t\t\t\t<\/div>\n\t\t\t\t<div class=\"elementor-element elementor-element-6a383bc elementor-widget elementor-widget-text-editor\" data-id=\"6a383bc\" data-element_type=\"widget\" data-e-type=\"widget\" data-widget_type=\"text-editor.default\">\n\t\t\t\t<div class=\"elementor-widget-container\">\n\t\t\t\t\t\t\t\t\tOchrana va\u0161ich osobn\u00edch \u00fadaj\u016f je pro n\u00e1s d\u016fle\u017eit\u00e1 proto k nim p\u0159istupujeme s pat\u0159i\u010dnou opatrnost\u00ed a velmi d\u016fv\u011brn\u011b.\n\n<a href=\"https:\/\/hdo-gmbh.com\/wp-content\/uploads\/GDPR-Informacni_dokument_o_zpracovani_OU_tretich_stran_a_obchod_partneru_HDOCZ.pdf\">GDPR-Informacni_dokument_o_&shy;zpracovani_OU_tretich_stran_a_&shy;obchod_partneru\u00ad_HDOCZ.pdf<\/a>\n\n<a href=\"https:\/\/hdo-gmbh.com\/wp-content\/uploads\/Ochrana-osobn%C3%ADch-%C3%BAdaj%C5%AF-%C5%BDadatel%C3%A9_HDOCZ.pdf\">Ochrana osobn\u00edch \u00fadaj\u016f \u017dadatel\u00e9_HDOCZ.pdf<\/a>\t\t\t\t\t\t\t\t<\/div>\n\t\t\t\t<\/div>\n\t\t\t\t<\/div>\n\t\t\t\t<\/div>\n\t\t\t\t<\/div>\n\t\t","protected":false},"excerpt":{"rendered":"<p>Informace o firm\u011b HDO, spol. s r.o. Na K\u0159talt\u011b 41, PS\u010c 789 01 Z\u00e1b\u0159eh,\u00a0Czechia Identifika\u010dn\u00ed \u010d\u00edslo 258 32 689Spisov\u00e1 zna\u010dka C 20321veden\u00e1 u Krajsk\u00e9ho soudu v Ostrav\u011bDatum z\u00e1pisu 11. b\u0159ezna 1999 Spole\u010dnost je \u010dlenem koncernu HDO Gruppe \u0158\u00edd\u00edc\u00ed osobou je pan Werner Beneken \u00a0 Firemn\u00ed filozofie V pdf p\u0159\u00edloze najdete na\u0161 eticky kodex. Etick\u00fd_kodex_HDO_CZ.pdf Certifik\u00e1t [&hellip;]<\/p>\n","protected":false},"author":17,"featured_media":0,"parent":0,"menu_order":0,"comment_status":"closed","ping_status":"closed","template":"elementor_header_footer","meta":{"footnotes":""},"template-eng":[],"class_list":["post-11559","page","type-page","status-publish","hentry"],"_links":{"self":[{"href":"https:\/\/hdo-gmbh.com\/de\/wp-json\/wp\/v2\/pages\/11559","targetHints":{"allow":["GET"]}}],"collection":[{"href":"https:\/\/hdo-gmbh.com\/de\/wp-json\/wp\/v2\/pages"}],"about":[{"href":"https:\/\/hdo-gmbh.com\/de\/wp-json\/wp\/v2\/types\/page"}],"author":[{"embeddable":true,"href":"https:\/\/hdo-gmbh.com\/de\/wp-json\/wp\/v2\/users\/17"}],"replies":[{"embeddable":true,"href":"https:\/\/hdo-gmbh.com\/de\/wp-json\/wp\/v2\/comments?post=11559"}],"version-history":[{"count":3,"href":"https:\/\/hdo-gmbh.com\/de\/wp-json\/wp\/v2\/pages\/11559\/revisions"}],"predecessor-version":[{"id":15138,"href":"https:\/\/hdo-gmbh.com\/de\/wp-json\/wp\/v2\/pages\/11559\/revisions\/15138"}],"wp:attachment":[{"href":"https:\/\/hdo-gmbh.com\/de\/wp-json\/wp\/v2\/media?parent=11559"}],"wp:term":[{"taxonomy":"template-eng","embeddable":true,"href":"https:\/\/hdo-gmbh.com\/de\/wp-json\/wp\/v2\/template-eng?post=11559"}],"curies":[{"name":"wp","href":"https:\/\/api.w.org\/{rel}","templated":true}]}}