{"id":11572,"date":"2025-06-24T14:37:18","date_gmt":"2025-06-24T12:37:18","guid":{"rendered":"https:\/\/hdo-gmbh.com\/elementor\/?page_id=11572"},"modified":"2025-12-15T09:11:44","modified_gmt":"2025-12-15T08:11:44","slug":"impressum","status":"publish","type":"page","link":"https:\/\/hdo-gmbh.com\/de\/impressum\/","title":{"rendered":"Impressum"},"content":{"rendered":"\t\t<div data-elementor-type=\"wp-page\" data-elementor-id=\"11572\" class=\"elementor elementor-11572\" data-elementor-post-type=\"page\">\n\t\t\t\t<div class=\"elementor-element elementor-element-2266bc4 e-con-full e-flex e-con e-parent\" data-id=\"2266bc4\" data-element_type=\"container\" data-e-type=\"container\" data-settings=\"{&quot;jet_parallax_layout_list&quot;:[],&quot;background_background&quot;:&quot;classic&quot;}\">\n\t\t<div class=\"elementor-element elementor-element-2da1de2 e-con-full e-flex e-con e-child\" data-id=\"2da1de2\" data-element_type=\"container\" data-e-type=\"container\" data-settings=\"{&quot;background_background&quot;:&quot;classic&quot;,&quot;jet_parallax_layout_list&quot;:[]}\">\n\t\t\t\t<div class=\"elementor-element elementor-element-61cfe4d elementor-widget__width-auto heading-strich-dunkel elementor-widget elementor-widget-heading\" data-id=\"61cfe4d\" data-element_type=\"widget\" data-e-type=\"widget\" data-widget_type=\"heading.default\">\n\t\t\t\t<div class=\"elementor-widget-container\">\n\t\t\t\t\t<h1 class=\"elementor-heading-title elementor-size-default\">Impressum<\/h1>\t\t\t\t<\/div>\n\t\t\t\t<\/div>\n\t\t\t\t<div class=\"elementor-element elementor-element-fee5816 elementor-widget elementor-widget-text-editor\" data-id=\"fee5816\" data-element_type=\"widget\" data-e-type=\"widget\" data-widget_type=\"text-editor.default\">\n\t\t\t\t<div class=\"elementor-widget-container\">\n\t\t\t\t\t\t\t\t\t<p><strong>HDO Druckgu\u00df- und Oberfl\u00e4chentechnik GmbH<\/strong><br \/>Halberst\u00e4dter Str. 7-13<br \/>33106 Paderborn, Germany<\/p><p>Telefon\u00a0 +49 (0) 52 51 \/ 7 04-33 00<br \/>Fax\u00a0 \u00a0 \u00a0 \u00a0+49 (0) 52 51 \/ 7 04-33 01<\/p><p><a href=\"mailto:info@hdo-gmbh.com\">info@hdo-gmbh.com<\/a><br \/><a title=\"www.hdo-gmbh.com\" href=\"https:\/\/www.hdo-gmbh.com\/\">www.hdo-gmbh.com<\/a><\/p><p><strong>Gesellschafter<br \/><\/strong>Werner Beneken<\/p><p><strong>Gesch\u00e4ftsf\u00fchrung<\/strong><br \/>Martina Gundelach, Christian Leon<\/p><p>Amtsgericht Paderborn HRB 3218<br \/>USt-IDNr.: DE 197854069<\/p><p><strong>Streitschlichtung<br \/><\/strong>Wir sind nicht bereit oder verpflichtet, an Streitbeilegungsverfahren vor einer Verbraucherschlichtungsstelle teilzunehmen.<\/p><p><strong>Haftung f\u00fcr Inhalte<\/strong><br \/>Die Inhalte unserer Seiten wurden mit gr\u00f6\u00dfter Sorgfalt erstellt. F\u00fcr die Richtigkeit, Vollst\u00e4ndigkeit und Aktualit\u00e4t der Inhalte k\u00f6nnen wir jedoch keine Gew\u00e4hr \u00fcbernehmen. Als Diensteanbieter sind wir gem\u00e4\u00df \u00a7 7 Abs.1 TMG f\u00fcr eigene Inhalte auf diesen Seiten nach den allgemeinen Gesetzen verantwortlich. Nach \u00a7\u00a7 8 bis 10 TMG sind wir als Diensteanbieter jedoch nicht verpflichtet, \u00fcbermittelte oder gespeicherte fremde Informationen zu \u00fcberwachen oder nach Umst\u00e4nden zu forschen, die auf eine rechtswidrige T\u00e4tigkeit hinweisen. Verpflichtungen zur Entfernung oder Sperrung der Nutzung von Informationen nach den allgemeinen Gesetzen bleiben hiervon unber\u00fchrt. Eine diesbez\u00fcgliche Haftung ist jedoch erst ab dem Zeitpunkt der Kenntnis einer konkreten Rechtsverletzung m\u00f6glich. Bei Bekanntwerden von entsprechenden Rechtsverletzungen werden wir diese Inhalte umgehend entfernen.<\/p><p><strong>Haftung f\u00fcr Links<\/strong><br \/>Unser Angebot enth\u00e4lt Links zu externen Webseiten Dritter, auf deren Inhalte wir keinen Einfluss haben. Deshalb k\u00f6nnen wir f\u00fcr diese fremden Inhalte auch keine Gew\u00e4hr \u00fcbernehmen. F\u00fcr die Inhalte der verlinkten Seiten ist stets der jeweilige Anbieter oder Betreiber der Seiten verantwortlich. Die verlinkten Seiten wurden zum Zeitpunkt der Verlinkung auf m\u00f6gliche Rechtsverst\u00f6\u00dfe \u00fcberpr\u00fcft. Rechtswidrige Inhalte waren zum Zeitpunkt der Verlinkung nicht erkennbar. Eine permanente inhaltliche Kontrolle der verlinkten Seiten ist jedoch ohne konkrete Anhaltspunkte einer Rechtsverletzung nicht zumutbar. Bei Bekanntwerden von Rechtsverletzungen werden wir derartige Links umgehend entfernen.<\/p><p><strong>Urheberrecht<\/strong><br \/>Die durch die Seitenbetreiber erstellten Inhalte und Werke auf diesen Seiten unterliegen dem deutschen Urheberrecht. Die Vervielf\u00e4ltigung, Bearbeitung, Verbreitung und jede Art der Verwertung au\u00dferhalb der Grenzen des Urheberrechtes bed\u00fcrfen der schriftlichen Zustimmung des jeweiligen Autors bzw. Erstellers. Downloads und Kopien dieser Seite sind nur f\u00fcr den privaten, nicht kommerziellen Gebrauch gestattet. Soweit die Inhalte auf dieser Seite nicht vom Betreiber erstellt wurden, werden die Urheberrechte Dritter beachtet. Insbesondere werden Inhalte Dritter als solche gekennzeichnet. Sollten Sie trotzdem auf eine Urheberrechtsverletzung aufmerksam werden, bitten wir um einen entsprechenden Hinweis. Bei Bekanntwerden von Rechtsverletzungen werden wir derartige Inhalte umgehend entfernen.<\/p><p><strong>Bildnachweise<\/strong><br \/>\u00a9mibPhoto, nito, WunderBild, Photocreo Bednarek, Zerbor, Alexander Rath, paullouis, Jenny Sturm\u00a0 \u2013 adobe.stock.com<br \/>\u00a9istock.com\/ Nastco, BIHAIBO, Cecilie Arcurs, FernandoAH, ThomasVogel, bagi1998, SilviaJansen<\/p><p><strong>Ansprechpartner<\/strong><br \/>Bei Fragen zu den Inhalten dieser Seite, wenden Sie sich bitte an HDO unter oben genannter Adresse.<\/p>\t\t\t\t\t\t\t\t<\/div>\n\t\t\t\t<\/div>\n\t\t\t\t<\/div>\n\t\t\t\t<\/div>\n\t\t\t\t<\/div>\n\t\t","protected":false},"excerpt":{"rendered":"<p>Impressum HDO Druckgu\u00df- und Oberfl\u00e4chentechnik GmbHHalberst\u00e4dter Str. 7-1333106 Paderborn, Germany Telefon\u00a0 +49 (0) 52 51 \/ 7 04-33 00Fax\u00a0 \u00a0 \u00a0 \u00a0+49 (0) 52 51 \/ 7 04-33 01 info@hdo-gmbh.comwww.hdo-gmbh.com GesellschafterWerner Beneken Gesch\u00e4ftsf\u00fchrungMartina Gundelach, Christian Leon Amtsgericht Paderborn HRB 3218USt-IDNr.: DE 197854069 StreitschlichtungWir sind nicht bereit oder verpflichtet, an Streitbeilegungsverfahren vor einer Verbraucherschlichtungsstelle teilzunehmen. Haftung [&hellip;]<\/p>\n","protected":false},"author":17,"featured_media":0,"parent":0,"menu_order":0,"comment_status":"closed","ping_status":"closed","template":"elementor_header_footer","meta":{"footnotes":""},"template-eng":[],"class_list":["post-11572","page","type-page","status-publish","hentry"],"_links":{"self":[{"href":"https:\/\/hdo-gmbh.com\/de\/wp-json\/wp\/v2\/pages\/11572","targetHints":{"allow":["GET"]}}],"collection":[{"href":"https:\/\/hdo-gmbh.com\/de\/wp-json\/wp\/v2\/pages"}],"about":[{"href":"https:\/\/hdo-gmbh.com\/de\/wp-json\/wp\/v2\/types\/page"}],"author":[{"embeddable":true,"href":"https:\/\/hdo-gmbh.com\/de\/wp-json\/wp\/v2\/users\/17"}],"replies":[{"embeddable":true,"href":"https:\/\/hdo-gmbh.com\/de\/wp-json\/wp\/v2\/comments?post=11572"}],"version-history":[{"count":0,"href":"https:\/\/hdo-gmbh.com\/de\/wp-json\/wp\/v2\/pages\/11572\/revisions"}],"wp:attachment":[{"href":"https:\/\/hdo-gmbh.com\/de\/wp-json\/wp\/v2\/media?parent=11572"}],"wp:term":[{"taxonomy":"template-eng","embeddable":true,"href":"https:\/\/hdo-gmbh.com\/de\/wp-json\/wp\/v2\/template-eng?post=11572"}],"curies":[{"name":"wp","href":"https:\/\/api.w.org\/{rel}","templated":true}]}}