{"id":12112,"date":"2025-06-30T15:52:27","date_gmt":"2025-06-30T13:52:27","guid":{"rendered":"https:\/\/hdo-gmbh.com\/elementor\/?page_id=12112"},"modified":"2025-07-24T11:17:32","modified_gmt":"2025-07-24T09:17:32","slug":"branchen-automobilindustrie","status":"publish","type":"page","link":"https:\/\/hdo-gmbh.com\/de\/branchen-automobilindustrie\/","title":{"rendered":"Branchen Automobilindustrie"},"content":{"rendered":"\t\t<div data-elementor-type=\"wp-page\" data-elementor-id=\"12112\" class=\"elementor elementor-12112\" data-elementor-post-type=\"page\">\n\t\t\t\t<div class=\"elementor-element elementor-element-b19a85a e-con-full e-flex e-con e-parent\" data-id=\"b19a85a\" data-element_type=\"container\" data-e-type=\"container\" data-settings=\"{&quot;jet_parallax_layout_list&quot;:[]}\">\n\t\t<div class=\"elementor-element elementor-element-e513310 e-con-full e-flex e-con e-child\" data-id=\"e513310\" data-element_type=\"container\" data-e-type=\"container\" data-settings=\"{&quot;background_background&quot;:&quot;classic&quot;,&quot;jet_parallax_layout_list&quot;:[]}\">\n\t\t\t\t<div class=\"elementor-element elementor-element-ae6be16 elementor-widget__width-auto heading-strich-dunkel elementor-widget elementor-widget-heading\" data-id=\"ae6be16\" data-element_type=\"widget\" data-e-type=\"widget\" data-widget_type=\"heading.default\">\n\t\t\t\t<div class=\"elementor-widget-container\">\n\t\t\t\t\t<h1 class=\"elementor-heading-title elementor-size-default\">Druckguss f\u00fcr die Auto&shy;mobil&shy;industrie<\/h1>\t\t\t\t<\/div>\n\t\t\t\t<\/div>\n\t\t\t\t<div class=\"elementor-element elementor-element-42a7b21 elementor-widget__width-auto elementor-widget elementor-widget-heading\" data-id=\"42a7b21\" data-element_type=\"widget\" data-e-type=\"widget\" data-widget_type=\"heading.default\">\n\t\t\t\t<div class=\"elementor-widget-container\">\n\t\t\t\t\t<h2 class=\"elementor-heading-title elementor-size-default\">Fahrzeugteile sind nicht gleich Fahrzeugteile: Als f\u00fchrender Hersteller f\u00fcr Autoteile im Druckgussverfahren macht unsere Expertise den Qualit\u00e4tsunterschied!<\/h2>\t\t\t\t<\/div>\n\t\t\t\t<\/div>\n\t\t\t\t<div class=\"elementor-element elementor-element-3392e17 elementor-widget elementor-widget-text-editor\" data-id=\"3392e17\" data-element_type=\"widget\" data-e-type=\"widget\" data-widget_type=\"text-editor.default\">\n\t\t\t\t<div class=\"elementor-widget-container\">\n\t\t\t\t\t\t\t\t\t<p>Die Automobilindustrie stellt h\u00f6chste Anforderungen an Qualit\u00e4t, Pr\u00e4zision und Effizienz. Als etablierter Systempartner beliefert HDO seit vielen Jahren namhafte Hersteller und Zulieferer mit hochwertigen Druckguss-Komponenten f\u00fcr Premiumfahrzeuge. Unsere Leistungen gehen dabei weit \u00fcber die reine Teilefertigung hinaus: Wir bieten umfassende Entwicklungsunterst\u00fctzung, hochpr\u00e4zise Fertigung, modernste Oberfl\u00e4chenveredelung sowie eine zuverl\u00e4ssige Serienproduktion \u2013 alles aus einer Hand.<\/p><p>\u00a0<\/p><p><a href=\"https:\/\/hdo-gmbh.com\/de\/produkte-automotive\/\">Zum Produkt &#8222;Automotive&#8220;<\/a><\/p>\t\t\t\t\t\t\t\t<\/div>\n\t\t\t\t<\/div>\n\t\t\t\t<\/div>\n\t\t\t\t<\/div>\n\t\t<div class=\"elementor-element elementor-element-17641dd e-flex e-con-boxed e-con e-parent\" data-id=\"17641dd\" data-element_type=\"container\" data-e-type=\"container\" data-settings=\"{&quot;background_background&quot;:&quot;classic&quot;,&quot;jet_parallax_layout_list&quot;:[],&quot;sticky&quot;:&quot;top&quot;,&quot;sticky_offset&quot;:100,&quot;sticky_on&quot;:[&quot;desktop&quot;,&quot;tablet&quot;,&quot;mobile&quot;],&quot;sticky_effects_offset&quot;:0,&quot;sticky_anchor_link_offset&quot;:0}\">\n\t\t\t\t\t<div class=\"e-con-inner\">\n\t\t\t\t<div class=\"elementor-element elementor-element-576b4d6 elementor-icon-list--layout-inline elementor-tablet-align-center elementor-mobile-align-center elementor-align-center elementor-list-item-link-full_width elementor-widget elementor-widget-icon-list\" data-id=\"576b4d6\" data-element_type=\"widget\" data-e-type=\"widget\" data-widget_type=\"icon-list.default\">\n\t\t\t\t<div class=\"elementor-widget-container\">\n\t\t\t\t\t\t\t<ul class=\"elementor-icon-list-items elementor-inline-items\">\n\t\t\t\t\t\t\t<li class=\"elementor-icon-list-item elementor-inline-item\">\n\t\t\t\t\t\t\t\t\t\t\t<a href=\"#bauteile\">\n\n\t\t\t\t\t\t\t\t\t\t\t<span class=\"elementor-icon-list-text\">Bauteile<\/span>\n\t\t\t\t\t\t\t\t\t\t\t<\/a>\n\t\t\t\t\t\t\t\t\t<\/li>\n\t\t\t\t\t\t\t\t<li class=\"elementor-icon-list-item elementor-inline-item\">\n\t\t\t\t\t\t\t\t\t\t\t<a href=\"#prozess\">\n\n\t\t\t\t\t\t\t\t\t\t\t<span class=\"elementor-icon-list-text\">Prozess<\/span>\n\t\t\t\t\t\t\t\t\t\t\t<\/a>\n\t\t\t\t\t\t\t\t\t<\/li>\n\t\t\t\t\t\t\t\t<li class=\"elementor-icon-list-item elementor-inline-item\">\n\t\t\t\t\t\t\t\t\t\t\t<a href=\"#praezision\">\n\n\t\t\t\t\t\t\t\t\t\t\t<span class=\"elementor-icon-list-text\">Pr\u00e4zision<\/span>\n\t\t\t\t\t\t\t\t\t\t\t<\/a>\n\t\t\t\t\t\t\t\t\t<\/li>\n\t\t\t\t\t\t\t\t<li class=\"elementor-icon-list-item elementor-inline-item\">\n\t\t\t\t\t\t\t\t\t\t\t<a href=\"#oberflaechen\">\n\n\t\t\t\t\t\t\t\t\t\t\t<span class=\"elementor-icon-list-text\">Oberfl\u00e4chen<\/span>\n\t\t\t\t\t\t\t\t\t\t\t<\/a>\n\t\t\t\t\t\t\t\t\t<\/li>\n\t\t\t\t\t\t<\/ul>\n\t\t\t\t\t\t<\/div>\n\t\t\t\t<\/div>\n\t\t\t\t\t<\/div>\n\t\t\t\t<\/div>\n\t\t<div class=\"elementor-element elementor-element-3f910c7 elementor-hidden-mobile e-con-full e-flex e-con e-parent\" data-id=\"3f910c7\" data-element_type=\"container\" data-e-type=\"container\" data-settings=\"{&quot;background_background&quot;:&quot;classic&quot;,&quot;jet_parallax_layout_list&quot;:[]}\">\n\t\t\t\t<div class=\"elementor-element elementor-element-9f8fda2 elementor-widget elementor-widget-spacer\" data-id=\"9f8fda2\" data-element_type=\"widget\" data-e-type=\"widget\" data-widget_type=\"spacer.default\">\n\t\t\t\t<div class=\"elementor-widget-container\">\n\t\t\t\t\t\t\t<div class=\"elementor-spacer\">\n\t\t\t<div class=\"elementor-spacer-inner\"><\/div>\n\t\t<\/div>\n\t\t\t\t\t\t<\/div>\n\t\t\t\t<\/div>\n\t\t\t\t<\/div>\n\t\t<div class=\"elementor-element elementor-element-3ca729c e-con-full e-flex e-con e-parent\" data-id=\"3ca729c\" data-element_type=\"container\" data-e-type=\"container\" data-settings=\"{&quot;jet_parallax_layout_list&quot;:[]}\">\n\t\t<div class=\"elementor-element elementor-element-7a7b5a7 e-con-full e-flex e-con e-child\" data-id=\"7a7b5a7\" data-element_type=\"container\" data-e-type=\"container\" data-settings=\"{&quot;background_background&quot;:&quot;classic&quot;,&quot;jet_parallax_layout_list&quot;:[]}\">\n\t\t<div class=\"elementor-element elementor-element-50fc132 e-con-full e-flex e-con e-child\" data-id=\"50fc132\" data-element_type=\"container\" data-e-type=\"container\" data-settings=\"{&quot;jet_parallax_layout_list&quot;:[]}\">\n\t\t\t\t<div class=\"elementor-element elementor-element-8b85b41 elementor-widget__width-auto vertikale-schrift elementor-widget elementor-widget-heading\" data-id=\"8b85b41\" data-element_type=\"widget\" data-e-type=\"widget\" data-widget_type=\"heading.default\">\n\t\t\t\t<div class=\"elementor-widget-container\">\n\t\t\t\t\t<span class=\"elementor-heading-title elementor-size-default\"><a href=\"https:\/\/www.lamborghini.com\/de-en\" target=\"_blank\" rel=\"noopener\">\u00a9 Automobil Lamborghini S.p.A.<\/a><\/span>\t\t\t\t<\/div>\n\t\t\t\t<\/div>\n\t\t\t\t<\/div>\n\t\t\t\t<\/div>\n\t\t<div class=\"elementor-element elementor-element-d7ab6fa e-con-full elementor-hidden-mobile e-flex e-con e-child\" data-id=\"d7ab6fa\" data-element_type=\"container\" data-e-type=\"container\" data-settings=\"{&quot;background_background&quot;:&quot;classic&quot;,&quot;jet_parallax_layout_list&quot;:[]}\">\n\t\t<div class=\"elementor-element elementor-element-bacc5ba e-con-full e-flex e-con e-child\" data-id=\"bacc5ba\" data-element_type=\"container\" data-e-type=\"container\" data-settings=\"{&quot;jet_parallax_layout_list&quot;:[]}\">\n\t\t\t\t<div class=\"elementor-element elementor-element-0fb7886 elementor-widget__width-auto vertikale-schrift elementor-widget elementor-widget-heading\" data-id=\"0fb7886\" data-element_type=\"widget\" data-e-type=\"widget\" data-widget_type=\"heading.default\">\n\t\t\t\t<div class=\"elementor-widget-container\">\n\t\t\t\t\t<span class=\"elementor-heading-title elementor-size-default\"><a href=\"https:\/\/www.peugeot.de\/startseite.html\" target=\"_blank\" rel=\"noopener\">\u00a9 Peugeot<\/a><\/span>\t\t\t\t<\/div>\n\t\t\t\t<\/div>\n\t\t\t\t<\/div>\n\t\t\t\t<\/div>\n\t\t\t\t<\/div>\n\t\t<div class=\"elementor-element elementor-element-6c97121 e-con-full e-flex e-con e-parent\" data-id=\"6c97121\" data-element_type=\"container\" data-e-type=\"container\" id=\"bauteile\" data-settings=\"{&quot;jet_parallax_layout_list&quot;:[],&quot;background_background&quot;:&quot;classic&quot;}\">\n\t\t<div class=\"elementor-element elementor-element-4cbb2b1 e-con-full e-flex e-con e-child\" data-id=\"4cbb2b1\" data-element_type=\"container\" data-e-type=\"container\" data-settings=\"{&quot;background_background&quot;:&quot;classic&quot;,&quot;jet_parallax_layout_list&quot;:[]}\">\n\t\t\t\t<div class=\"elementor-element elementor-element-03755c4 elementor-widget__width-auto heading-strich-dunkel elementor-widget elementor-widget-heading\" data-id=\"03755c4\" data-element_type=\"widget\" data-e-type=\"widget\" data-widget_type=\"heading.default\">\n\t\t\t\t<div class=\"elementor-widget-container\">\n\t\t\t\t\t<h2 class=\"elementor-heading-title elementor-size-default\">Anspruchsvolle Bauteile f\u00fcr hochwertige Fahrzeuge<\/h2>\t\t\t\t<\/div>\n\t\t\t\t<\/div>\n\t\t\t\t<div class=\"elementor-element elementor-element-9d3b992 elementor-widget elementor-widget-text-editor\" data-id=\"9d3b992\" data-element_type=\"widget\" data-e-type=\"widget\" data-widget_type=\"text-editor.default\">\n\t\t\t\t<div class=\"elementor-widget-container\">\n\t\t\t\t\t\t\t\t\t<p>F\u00fcr Fahrzeuge unterschiedlicher Ausstattungsniveaus bis hin ins Premiumsegment produziert HDO eine Vielzahl komplexer Komponenten, die sowohl funktionale als auch gestalterische Anforderungen erf\u00fcllen. Zu den typischen Anwendungen z\u00e4hlen unter anderen:<\/p><ul><li><strong>Komponenten f\u00fcr Fahrzeugschl\u00fcssel<\/strong><\/li><li><strong>T\u00fcrinnenbet\u00e4tigungen<\/strong><\/li><li><strong>Zierleisten f\u00fcr innen &amp; au\u00dfen<\/strong><\/li><li><strong>Schaltergeh\u00e4use<\/strong><\/li><li><strong>Konsolen<\/strong><\/li><\/ul><p>\u00a0<\/p><p>Diese Bauteile sind ein sichtbarer Teil des Fahrzeugdesigns und damit ein direkter Ausdruck von Markenqualit\u00e4t und Verarbeitungskompetenz. Entsprechend hoch sind die Erwartungen an Formgenauigkeit, Oberfl\u00e4chenqualit\u00e4t und technische Belastbarkeit.<\/p>\t\t\t\t\t\t\t\t<\/div>\n\t\t\t\t<\/div>\n\t\t\t\t<\/div>\n\t\t\t\t<\/div>\n\t\t<div class=\"elementor-element elementor-element-c8f923d e-con-full e-flex e-con e-parent\" data-id=\"c8f923d\" data-element_type=\"container\" data-e-type=\"container\" id=\"prozess\" data-settings=\"{&quot;jet_parallax_layout_list&quot;:[],&quot;background_background&quot;:&quot;classic&quot;}\">\n\t\t<div class=\"elementor-element elementor-element-2c79195 e-con-full e-flex e-con e-child\" data-id=\"2c79195\" data-element_type=\"container\" data-e-type=\"container\" data-settings=\"{&quot;background_background&quot;:&quot;classic&quot;,&quot;jet_parallax_layout_list&quot;:[]}\">\n\t\t\t\t<div class=\"elementor-element elementor-element-d9d4b67 elementor-widget__width-auto heading-strich-hell elementor-widget elementor-widget-heading\" data-id=\"d9d4b67\" data-element_type=\"widget\" data-e-type=\"widget\" data-widget_type=\"heading.default\">\n\t\t\t\t<div class=\"elementor-widget-container\">\n\t\t\t\t\t<h2 class=\"elementor-heading-title elementor-size-default\">Der ganze Prozess in einer Hand \u2013 Von der Entwicklung bis zur Serie<\/h2>\t\t\t\t<\/div>\n\t\t\t\t<\/div>\n\t\t\t\t<div class=\"elementor-element elementor-element-318b155 elementor-widget elementor-widget-text-editor\" data-id=\"318b155\" data-element_type=\"widget\" data-e-type=\"widget\" data-widget_type=\"text-editor.default\">\n\t\t\t\t<div class=\"elementor-widget-container\">\n\t\t\t\t\t\t\t\t\t<p>Bereits in der Konstruktionsphase bringt HDO sein umfassendes Know-how in die Bauteilgestaltung ein. Gemeinsam mit den Kunden entwickeln unsere Teams druckgussgerechte Geometrien, die eine prozesssichere und wirtschaftliche Serienfertigung erm\u00f6glichen. Dabei ber\u00fccksichtigen wir sowohl funktionale Anforderungen \u2013 etwa mechanische Belastbarkeit, Integration von Befestigungselementen oder Ma\u00dfhaltigkeit \u2013 als auch sp\u00e4tere Prozesse wie Oberfl\u00e4chenveredelung und Montage.<\/p><p>Unser Ziel ist es, durch intelligente Auslegung bereits in der Entwicklung die Grundlage f\u00fcr Qualit\u00e4t, Kosteneffizienz und Prozesssicherheit zu schaffen. So entstehen Bauteile, die optimal auf die Serienproduktion abgestimmt sind und den hohen Standards der Automobilindustrie entsprechen.<\/p><div class=\"underline text-underline\">\u00a0<\/div>\t\t\t\t\t\t\t\t<\/div>\n\t\t\t\t<\/div>\n\t\t\t\t<\/div>\n\t\t\t\t<\/div>\n\t\t<div class=\"elementor-element elementor-element-654dd88 e-con-full e-flex e-con e-parent\" data-id=\"654dd88\" data-element_type=\"container\" data-e-type=\"container\" data-settings=\"{&quot;jet_parallax_layout_list&quot;:[]}\">\n\t\t<div class=\"elementor-element elementor-element-ca3128b e-con-full e-flex e-con e-child\" data-id=\"ca3128b\" data-element_type=\"container\" data-e-type=\"container\" data-settings=\"{&quot;background_background&quot;:&quot;classic&quot;,&quot;jet_parallax_layout_list&quot;:[]}\">\n\t\t<div class=\"elementor-element elementor-element-e05b0f4 e-con-full e-flex e-con e-child\" data-id=\"e05b0f4\" data-element_type=\"container\" data-e-type=\"container\" data-settings=\"{&quot;jet_parallax_layout_list&quot;:[]}\">\n\t\t\t\t<div class=\"elementor-element elementor-element-75b1b72 elementor-widget__width-auto vertikale-schrift elementor-widget elementor-widget-heading\" data-id=\"75b1b72\" data-element_type=\"widget\" data-e-type=\"widget\" data-widget_type=\"heading.default\">\n\t\t\t\t<div class=\"elementor-widget-container\">\n\t\t\t\t\t<span class=\"elementor-heading-title elementor-size-default\"><a href=\"https:\/\/www.astonmartin.com\/de\" target=\"_blank\" rel=\"noopener\">\u00a9 Aston Martin Lagonda, UK<\/a><\/span>\t\t\t\t<\/div>\n\t\t\t\t<\/div>\n\t\t\t\t<\/div>\n\t\t\t\t<\/div>\n\t\t\t\t<\/div>\n\t\t<div class=\"elementor-element elementor-element-8893571 e-con-full e-flex e-con e-parent\" data-id=\"8893571\" data-element_type=\"container\" data-e-type=\"container\" id=\"praezision\" data-settings=\"{&quot;jet_parallax_layout_list&quot;:[],&quot;background_background&quot;:&quot;classic&quot;}\">\n\t\t<div class=\"elementor-element elementor-element-a1b33dd e-con-full e-flex e-con e-child\" data-id=\"a1b33dd\" data-element_type=\"container\" data-e-type=\"container\" data-settings=\"{&quot;background_background&quot;:&quot;classic&quot;,&quot;jet_parallax_layout_list&quot;:[]}\">\n\t\t\t\t<div class=\"elementor-element elementor-element-df7a97e elementor-widget__width-auto heading-strich-dunkel elementor-widget elementor-widget-heading\" data-id=\"df7a97e\" data-element_type=\"widget\" data-e-type=\"widget\" data-widget_type=\"heading.default\">\n\t\t\t\t<div class=\"elementor-widget-container\">\n\t\t\t\t\t<h2 class=\"elementor-heading-title elementor-size-default\">H\u00f6chste Pr\u00e4zision in der Fertigung<\/h2>\t\t\t\t<\/div>\n\t\t\t\t<\/div>\n\t\t\t\t<div class=\"elementor-element elementor-element-d1dbe07 elementor-widget elementor-widget-text-editor\" data-id=\"d1dbe07\" data-element_type=\"widget\" data-e-type=\"widget\" data-widget_type=\"text-editor.default\">\n\t\t\t\t<div class=\"elementor-widget-container\">\n\t\t\t\t\t\t\t\t\t<p>In der Teilefertigung setzt HDO auf eine Vielzahl an Druckgussmaschinen, automatisierte Prozessketten und kontinuierliche Qualit\u00e4ts\u00fcberwachung. Unsere Fertigungsprozesse sind darauf ausgerichtet, auch hohe St\u00fcckzahlen mit konstant hoher Ma\u00dfhaltigkeit und Wiederholgenauigkeit zu produzieren. Das ist besonders bei sicherheitsrelevanten oder mechanisch beanspruchten Bauteilen entscheidend \u2013 etwa bei T\u00fcrinnenbet\u00e4tigungen oder Schlie\u00dfmechanismen. So stellen wir sicher, dass die Bauteile auch \u00fcber lange Produktionszeitr\u00e4ume hinweg in gleichbleibender Qualit\u00e4t gefertigt werden k\u00f6nnen und den geforderten Spezifikationen aller Fahrzeughersteller auch bei minimalen Toleranzen durchgehend entsprechen.<\/p>\t\t\t\t\t\t\t\t<\/div>\n\t\t\t\t<\/div>\n\t\t\t\t<\/div>\n\t\t\t\t<\/div>\n\t\t<div class=\"elementor-element elementor-element-b62e3ef e-con-full e-flex e-con e-parent\" data-id=\"b62e3ef\" data-element_type=\"container\" data-e-type=\"container\" data-settings=\"{&quot;jet_parallax_layout_list&quot;:[]}\">\n\t\t<div class=\"elementor-element elementor-element-70dde94 e-con-full e-flex e-con e-child\" data-id=\"70dde94\" data-element_type=\"container\" data-e-type=\"container\" data-settings=\"{&quot;background_background&quot;:&quot;classic&quot;,&quot;jet_parallax_layout_list&quot;:[]}\">\n\t\t\t\t<\/div>\n\t\t\t\t<\/div>\n\t\t<div class=\"elementor-element elementor-element-ed79c35 e-con-full e-flex e-con e-parent\" data-id=\"ed79c35\" data-element_type=\"container\" data-e-type=\"container\" id=\"oberflaechen\" data-settings=\"{&quot;jet_parallax_layout_list&quot;:[],&quot;background_background&quot;:&quot;classic&quot;}\">\n\t\t<div class=\"elementor-element elementor-element-18a88cc e-con-full e-flex e-con e-child\" data-id=\"18a88cc\" data-element_type=\"container\" data-e-type=\"container\" data-settings=\"{&quot;background_background&quot;:&quot;classic&quot;,&quot;jet_parallax_layout_list&quot;:[]}\">\n\t\t\t\t<div class=\"elementor-element elementor-element-156993c elementor-widget__width-auto heading-strich-hell elementor-widget elementor-widget-heading\" data-id=\"156993c\" data-element_type=\"widget\" data-e-type=\"widget\" data-widget_type=\"heading.default\">\n\t\t\t\t<div class=\"elementor-widget-container\">\n\t\t\t\t\t<h2 class=\"elementor-heading-title elementor-size-default\">Perfekte Oberfl\u00e4chen \u2013 funktional und dekorativ<\/h2>\t\t\t\t<\/div>\n\t\t\t\t<\/div>\n\t\t\t\t<div class=\"elementor-element elementor-element-23f4ac5 elementor-widget elementor-widget-text-editor\" data-id=\"23f4ac5\" data-element_type=\"widget\" data-e-type=\"widget\" data-widget_type=\"text-editor.default\">\n\t\t\t\t<div class=\"elementor-widget-container\">\n\t\t\t\t\t\t\t\t\t<p>Ein Alleinstellungsmerkmal von HDO ist die Kombination aus Druckgussfertigung und hauseigener Oberfl\u00e4chenveredelung. Wir verf\u00fcgen \u00fcber Europas gr\u00f6\u00dfte vollautomatische Druckguss-Galvanik und bieten auch dar\u00fcber hinaus eine Vielzahl hochwertiger Beschichtungsverfahren, darunter:<\/p><ul><li><strong>Dekoratives und technisches Verchromen, Vernickeln, Verkupfern<\/strong><\/li><li><strong>Dunkle Farbt\u00f6ne wie Dark Chrome, Eclipse, Twilite und Starlite<\/strong><\/li><li><strong>Kundenspezifische Galvanik-Farbt\u00f6ne nach Automobilstandards wie 3Q7, Silvershadow oder Alulook<\/strong><\/li><li><strong>PVD-, KTL-, Pulverbechichtung und Nasslackierung<\/strong><\/li><\/ul><p>\u00a0<\/p><p>Gerade im automobilen Innenraumdesign kommt es auf exzellente Haptik, Farbgenauigkeit sowie den richtigen Einsatz gl\u00e4nzender und matter Oberfl\u00e4chen an. Unsere Oberfl\u00e4chen sind kratzfest, korrosionsbest\u00e4ndig, farbecht und dauerhaft belastbar \u2013 auch bei starker Beanspruchung im t\u00e4glichen Einsatz. Die perfekte Verbindung von Funktionalit\u00e4t und Design macht unsere Bauteile zur ersten Wahl f\u00fcr hochwertige Fahrzeuginterieure.<\/p>\t\t\t\t\t\t\t\t<\/div>\n\t\t\t\t<\/div>\n\t\t\t\t<\/div>\n\t\t\t\t<\/div>\n\t\t<div class=\"elementor-element elementor-element-9b2b8c2 e-con-full e-flex e-con e-parent\" data-id=\"9b2b8c2\" data-element_type=\"container\" data-e-type=\"container\" data-settings=\"{&quot;jet_parallax_layout_list&quot;:[]}\">\n\t\t<div class=\"elementor-element elementor-element-223c4a9 e-con-full e-flex e-con e-child\" data-id=\"223c4a9\" data-element_type=\"container\" data-e-type=\"container\" data-settings=\"{&quot;background_background&quot;:&quot;classic&quot;,&quot;jet_parallax_layout_list&quot;:[]}\">\n\t\t<div class=\"elementor-element elementor-element-3a8162f e-con-full e-flex e-con e-child\" data-id=\"3a8162f\" data-element_type=\"container\" data-e-type=\"container\" data-settings=\"{&quot;jet_parallax_layout_list&quot;:[],&quot;background_background&quot;:&quot;classic&quot;}\">\n\t\t<div class=\"elementor-element elementor-element-f3123b5 e-con-full e-flex e-con e-child\" data-id=\"f3123b5\" data-element_type=\"container\" data-e-type=\"container\" data-settings=\"{&quot;background_background&quot;:&quot;classic&quot;,&quot;jet_parallax_layout_list&quot;:[]}\">\n\t\t\t\t<div class=\"elementor-element elementor-element-220ea9d elementor-widget__width-auto heading-strich-dunkel elementor-widget elementor-widget-heading\" data-id=\"220ea9d\" data-element_type=\"widget\" data-e-type=\"widget\" data-widget_type=\"heading.default\">\n\t\t\t\t<div class=\"elementor-widget-container\">\n\t\t\t\t\t<h2 class=\"elementor-heading-title elementor-size-default\">Zuverl\u00e4ssigkeit in Serie \u2013 Qualit\u00e4t f\u00fcr Autoteile, auf die Sie sich verlassen k\u00f6nnen<\/h2>\t\t\t\t<\/div>\n\t\t\t\t<\/div>\n\t\t\t\t<div class=\"elementor-element elementor-element-42802b2 elementor-widget elementor-widget-text-editor\" data-id=\"42802b2\" data-element_type=\"widget\" data-e-type=\"widget\" data-widget_type=\"text-editor.default\">\n\t\t\t\t<div class=\"elementor-widget-container\">\n\t\t\t\t\t\t\t\t\t<p>Qualit\u00e4tssicherung wird bei HDO gro\u00dfgeschrieben. Unsere Produktionsprozesse sind nach den Anforderungen der Automobilindustrie zertifiziert und werden kontinuierlich \u00fcberwacht. Mit modernen Pr\u00fcfverfahren, einer l\u00fcckenlosen R\u00fcckverfolgbarkeit und umfassenden Dokumentationen erf\u00fcllen wir alle Anforderungen an eine belastbare, auditierbare Lieferkette.<\/p><p>Unsere Kunden profitieren von einer stabilen, termintreuen Serienversorgung und einem Partner, der flexibel auf Projekt\u00e4nderungen oder steigende St\u00fcckzahlen reagieren kann. HDO versteht sich dabei als integrierter Teil der Wertsch\u00f6pfungskette aller Kunden.<\/p>\t\t\t\t\t\t\t\t<\/div>\n\t\t\t\t<\/div>\n\t\t\t\t<\/div>\n\t\t\t\t<\/div>\n\t\t\t\t<\/div>\n\t\t<div class=\"elementor-element elementor-element-27fcf13 e-con-full e-flex e-con e-child\" data-id=\"27fcf13\" data-element_type=\"container\" data-e-type=\"container\" data-settings=\"{&quot;jet_parallax_layout_list&quot;:[]}\">\n\t\t<div class=\"elementor-element elementor-element-d968f26 e-con-full e-flex e-con e-child\" data-id=\"d968f26\" data-element_type=\"container\" data-e-type=\"container\" data-settings=\"{&quot;jet_parallax_layout_list&quot;:[],&quot;background_background&quot;:&quot;classic&quot;}\">\n\t\t<div class=\"elementor-element elementor-element-c8358f7 e-con-full e-flex e-con e-child\" data-id=\"c8358f7\" data-element_type=\"container\" data-e-type=\"container\" data-settings=\"{&quot;background_background&quot;:&quot;classic&quot;,&quot;jet_parallax_layout_list&quot;:[]}\">\n\t\t\t\t<div class=\"elementor-element elementor-element-c5c00fa elementor-widget__width-auto heading-strich-dunkel elementor-widget elementor-widget-heading\" data-id=\"c5c00fa\" data-element_type=\"widget\" data-e-type=\"widget\" data-widget_type=\"heading.default\">\n\t\t\t\t<div class=\"elementor-widget-container\">\n\t\t\t\t\t<h2 class=\"elementor-heading-title elementor-size-default\">HDO \u2013 Hersteller und Entwicklungs&shy;partner f\u00fcr automobile Druckguss&shy;l\u00f6sungen<\/h2>\t\t\t\t<\/div>\n\t\t\t\t<\/div>\n\t\t\t\t<div class=\"elementor-element elementor-element-ea46e7c elementor-widget elementor-widget-text-editor\" data-id=\"ea46e7c\" data-element_type=\"widget\" data-e-type=\"widget\" data-widget_type=\"text-editor.default\">\n\t\t\t\t<div class=\"elementor-widget-container\">\n\t\t\t\t\t\t\t\t\t<p>Mit jahrzehntelanger Erfahrung, technologischem Vorsprung und einem klaren Qualit\u00e4tsanspruch liefert HDO ma\u00dfgeschneiderte Druckgusskomponenten f\u00fcr die Automobilindustrie. Ob Schl\u00fcsselkomponenten, T\u00fcrbet\u00e4tigung oder dekorative Zierleiste \u2013 unsere Teile erf\u00fcllen h\u00f6chste Anspr\u00fcche an Pr\u00e4zision, Belastbarkeit und Oberfl\u00e4chenwirkung.<\/p><p>Durch unsere integrative Herangehensweise von der Entwicklung \u00fcber den Guss bis zur Veredelung bieten wir unseren Auftraggebern hochgradig verl\u00e4ssliche L\u00f6sungen f\u00fcr anspruchsvolle Automobilteile. Serienerprobt, zertifiziert und ganz auf die Anforderungen der Mobilit\u00e4t von heute und morgen ausgelegt.<\/p>\t\t\t\t\t\t\t\t<\/div>\n\t\t\t\t<\/div>\n\t\t\t\t<\/div>\n\t\t\t\t<\/div>\n\t\t\t\t<\/div>\n\t\t\t\t<\/div>\n\t\t\t\t<\/div>\n\t\t","protected":false},"excerpt":{"rendered":"<p>Druckguss f\u00fcr die Auto&shy;mobil&shy;industrie Fahrzeugteile sind nicht gleich Fahrzeugteile: Als f\u00fchrender Hersteller f\u00fcr Autoteile im Druckgussverfahren macht unsere Expertise den Qualit\u00e4tsunterschied! Die Automobilindustrie stellt h\u00f6chste Anforderungen an Qualit\u00e4t, Pr\u00e4zision und Effizienz. Als etablierter Systempartner beliefert HDO seit vielen Jahren namhafte Hersteller und Zulieferer mit hochwertigen Druckguss-Komponenten f\u00fcr Premiumfahrzeuge. Unsere Leistungen gehen dabei weit \u00fcber die [&hellip;]<\/p>\n","protected":false},"author":17,"featured_media":0,"parent":0,"menu_order":0,"comment_status":"closed","ping_status":"closed","template":"elementor_header_footer","meta":{"footnotes":""},"template-eng":[],"class_list":["post-12112","page","type-page","status-publish","hentry"],"_links":{"self":[{"href":"https:\/\/hdo-gmbh.com\/de\/wp-json\/wp\/v2\/pages\/12112","targetHints":{"allow":["GET"]}}],"collection":[{"href":"https:\/\/hdo-gmbh.com\/de\/wp-json\/wp\/v2\/pages"}],"about":[{"href":"https:\/\/hdo-gmbh.com\/de\/wp-json\/wp\/v2\/types\/page"}],"author":[{"embeddable":true,"href":"https:\/\/hdo-gmbh.com\/de\/wp-json\/wp\/v2\/users\/17"}],"replies":[{"embeddable":true,"href":"https:\/\/hdo-gmbh.com\/de\/wp-json\/wp\/v2\/comments?post=12112"}],"version-history":[{"count":0,"href":"https:\/\/hdo-gmbh.com\/de\/wp-json\/wp\/v2\/pages\/12112\/revisions"}],"wp:attachment":[{"href":"https:\/\/hdo-gmbh.com\/de\/wp-json\/wp\/v2\/media?parent=12112"}],"wp:term":[{"taxonomy":"template-eng","embeddable":true,"href":"https:\/\/hdo-gmbh.com\/de\/wp-json\/wp\/v2\/template-eng?post=12112"}],"curies":[{"name":"wp","href":"https:\/\/api.w.org\/{rel}","templated":true}]}}