{"id":12165,"date":"2025-07-01T10:27:02","date_gmt":"2025-07-01T08:27:02","guid":{"rendered":"https:\/\/hdo-gmbh.com\/elementor\/?page_id=12165"},"modified":"2025-07-23T10:33:54","modified_gmt":"2025-07-23T08:33:54","slug":"branchen-bau-und-landmaschinen","status":"publish","type":"page","link":"https:\/\/hdo-gmbh.com\/de\/branchen-bau-und-landmaschinen\/","title":{"rendered":"Branchen Bau- und Landmaschinen"},"content":{"rendered":"\t\t<div data-elementor-type=\"wp-page\" data-elementor-id=\"12165\" class=\"elementor elementor-12165\" data-elementor-post-type=\"page\">\n\t\t\t\t<div class=\"elementor-element elementor-element-b19a85a e-con-full e-flex e-con e-parent\" data-id=\"b19a85a\" data-element_type=\"container\" data-e-type=\"container\" data-settings=\"{&quot;jet_parallax_layout_list&quot;:[]}\">\n\t\t<div class=\"elementor-element elementor-element-e513310 e-con-full e-flex e-con e-child\" data-id=\"e513310\" data-element_type=\"container\" data-e-type=\"container\" data-settings=\"{&quot;background_background&quot;:&quot;classic&quot;,&quot;jet_parallax_layout_list&quot;:[]}\">\n\t\t\t\t<div class=\"elementor-element elementor-element-ae6be16 elementor-widget__width-auto heading-strich-dunkel elementor-widget elementor-widget-heading\" data-id=\"ae6be16\" data-element_type=\"widget\" data-e-type=\"widget\" data-widget_type=\"heading.default\">\n\t\t\t\t<div class=\"elementor-widget-container\">\n\t\t\t\t\t<h1 class=\"elementor-heading-title elementor-size-default\">Druckguss f\u00fcr die <br>Land- und BaumaschinenIndustrie <\/h1>\t\t\t\t<\/div>\n\t\t\t\t<\/div>\n\t\t\t\t<div class=\"elementor-element elementor-element-42a7b21 elementor-widget__width-auto elementor-widget elementor-widget-heading\" data-id=\"42a7b21\" data-element_type=\"widget\" data-e-type=\"widget\" data-widget_type=\"heading.default\">\n\t\t\t\t<div class=\"elementor-widget-container\">\n\t\t\t\t\t<h2 class=\"elementor-heading-title elementor-size-default\">Hochwertige Teile f\u00fcr Baumaschinen und Anwendungen in der Landtechnik <\/h2>\t\t\t\t<\/div>\n\t\t\t\t<\/div>\n\t\t\t\t<div class=\"elementor-element elementor-element-3392e17 elementor-widget elementor-widget-text-editor\" data-id=\"3392e17\" data-element_type=\"widget\" data-e-type=\"widget\" data-widget_type=\"text-editor.default\">\n\t\t\t\t<div class=\"elementor-widget-container\">\n\t\t\t\t\t\t\t\t\t<p>In der Land- und Baumaschinenbranche z\u00e4hlen Robustheit, Langlebigkeit und Zuverl\u00e4ssigkeit zu den zentralen Anforderungen an jedes Bauteil. Maschinen in diesem Segment sind oft extremen Witterungsbedingungen, starken mechanischen Belastungen und t\u00e4glichen intensiven Arbeitseins\u00e4tzen ausgesetzt. Gleichzeitig steigen auch hier die Erwartungen an Pr\u00e4zision, Ergonomie und an das \u00e4u\u00dfere Erscheinungsbild der eingesetzten Komponenten. HDO ist ein erfahrener Partner f\u00fcr die Herstellung von Druckgussteilen, die allen diesen Anforderungen gerecht werden \u2013 und das auch bei gro\u00dfdimensionierten Bauteilen mit komplexer Geometrie und hohem Qualit\u00e4tsanspruch.<\/p>\t\t\t\t\t\t\t\t<\/div>\n\t\t\t\t<\/div>\n\t\t\t\t<\/div>\n\t\t\t\t<\/div>\n\t\t<div class=\"elementor-element elementor-element-17641dd e-flex e-con-boxed e-con e-parent\" data-id=\"17641dd\" data-element_type=\"container\" data-e-type=\"container\" data-settings=\"{&quot;background_background&quot;:&quot;classic&quot;,&quot;jet_parallax_layout_list&quot;:[],&quot;sticky&quot;:&quot;top&quot;,&quot;sticky_offset&quot;:100,&quot;sticky_on&quot;:[&quot;desktop&quot;,&quot;tablet&quot;,&quot;mobile&quot;],&quot;sticky_effects_offset&quot;:0,&quot;sticky_anchor_link_offset&quot;:0}\">\n\t\t\t\t\t<div class=\"e-con-inner\">\n\t\t\t\t<div class=\"elementor-element elementor-element-576b4d6 elementor-icon-list--layout-inline elementor-tablet-align-center elementor-mobile-align-center elementor-align-center elementor-list-item-link-full_width elementor-widget elementor-widget-icon-list\" data-id=\"576b4d6\" data-element_type=\"widget\" data-e-type=\"widget\" data-widget_type=\"icon-list.default\">\n\t\t\t\t<div class=\"elementor-widget-container\">\n\t\t\t\t\t\t\t<ul class=\"elementor-icon-list-items elementor-inline-items\">\n\t\t\t\t\t\t\t<li class=\"elementor-icon-list-item elementor-inline-item\">\n\t\t\t\t\t\t\t\t\t\t\t<a href=\"#raue-einsatzbedingungen\">\n\n\t\t\t\t\t\t\t\t\t\t\t<span class=\"elementor-icon-list-text\">Anwendungen<\/span>\n\t\t\t\t\t\t\t\t\t\t\t<\/a>\n\t\t\t\t\t\t\t\t\t<\/li>\n\t\t\t\t\t\t\t\t<li class=\"elementor-icon-list-item elementor-inline-item\">\n\t\t\t\t\t\t\t\t\t\t\t<a href=\"#druckgussteile\">\n\n\t\t\t\t\t\t\t\t\t\t\t<span class=\"elementor-icon-list-text\">Qualit\u00e4t in Serie<\/span>\n\t\t\t\t\t\t\t\t\t\t\t<\/a>\n\t\t\t\t\t\t\t\t\t<\/li>\n\t\t\t\t\t\t\t\t<li class=\"elementor-icon-list-item elementor-inline-item\">\n\t\t\t\t\t\t\t\t\t\t\t<a href=\"#oberflaechenqualitaet\">\n\n\t\t\t\t\t\t\t\t\t\t\t<span class=\"elementor-icon-list-text\">Oberfl\u00e4chenqualit\u00e4t<\/span>\n\t\t\t\t\t\t\t\t\t\t\t<\/a>\n\t\t\t\t\t\t\t\t\t<\/li>\n\t\t\t\t\t\t\t\t<li class=\"elementor-icon-list-item elementor-inline-item\">\n\t\t\t\t\t\t\t\t\t\t\t<a href=\"#angebot\">\n\n\t\t\t\t\t\t\t\t\t\t\t<span class=\"elementor-icon-list-text\">Vom Prototyp bis zur Serie<\/span>\n\t\t\t\t\t\t\t\t\t\t\t<\/a>\n\t\t\t\t\t\t\t\t\t<\/li>\n\t\t\t\t\t\t<\/ul>\n\t\t\t\t\t\t<\/div>\n\t\t\t\t<\/div>\n\t\t\t\t\t<\/div>\n\t\t\t\t<\/div>\n\t\t<div class=\"elementor-element elementor-element-3f910c7 elementor-hidden-mobile e-flex e-con-boxed e-con e-parent\" data-id=\"3f910c7\" data-element_type=\"container\" data-e-type=\"container\" data-settings=\"{&quot;background_background&quot;:&quot;classic&quot;,&quot;jet_parallax_layout_list&quot;:[]}\">\n\t\t\t\t\t<div class=\"e-con-inner\">\n\t\t\t\t<div class=\"elementor-element elementor-element-9f8fda2 elementor-widget elementor-widget-spacer\" data-id=\"9f8fda2\" data-element_type=\"widget\" data-e-type=\"widget\" data-widget_type=\"spacer.default\">\n\t\t\t\t<div class=\"elementor-widget-container\">\n\t\t\t\t\t\t\t<div class=\"elementor-spacer\">\n\t\t\t<div class=\"elementor-spacer-inner\"><\/div>\n\t\t<\/div>\n\t\t\t\t\t\t<\/div>\n\t\t\t\t<\/div>\n\t\t\t\t\t<\/div>\n\t\t\t\t<\/div>\n\t\t<div class=\"elementor-element elementor-element-3ca729c e-con-full e-flex e-con e-parent\" data-id=\"3ca729c\" data-element_type=\"container\" data-e-type=\"container\" data-settings=\"{&quot;jet_parallax_layout_list&quot;:[]}\">\n\t\t<div class=\"elementor-element elementor-element-7a7b5a7 e-con-full e-flex e-con e-child\" data-id=\"7a7b5a7\" data-element_type=\"container\" data-e-type=\"container\" data-settings=\"{&quot;background_background&quot;:&quot;classic&quot;,&quot;jet_parallax_layout_list&quot;:[]}\">\n\t\t\t\t<\/div>\n\t\t<div class=\"elementor-element elementor-element-d7ab6fa e-con-full elementor-hidden-mobile e-flex e-con e-child\" data-id=\"d7ab6fa\" data-element_type=\"container\" data-e-type=\"container\" data-settings=\"{&quot;background_background&quot;:&quot;classic&quot;,&quot;jet_parallax_layout_list&quot;:[]}\">\n\t\t\t\t<\/div>\n\t\t\t\t<\/div>\n\t\t<div class=\"elementor-element elementor-element-6c97121 e-con-full e-flex e-con e-parent\" data-id=\"6c97121\" data-element_type=\"container\" data-e-type=\"container\" id=\"raue-einsatzbedingungen\" data-settings=\"{&quot;jet_parallax_layout_list&quot;:[],&quot;background_background&quot;:&quot;classic&quot;}\">\n\t\t<div class=\"elementor-element elementor-element-4cbb2b1 e-con-full e-flex e-con e-child\" data-id=\"4cbb2b1\" data-element_type=\"container\" data-e-type=\"container\" data-settings=\"{&quot;background_background&quot;:&quot;classic&quot;,&quot;jet_parallax_layout_list&quot;:[]}\">\n\t\t\t\t<div class=\"elementor-element elementor-element-03755c4 elementor-widget__width-auto heading-strich-dunkel elementor-widget elementor-widget-heading\" data-id=\"03755c4\" data-element_type=\"widget\" data-e-type=\"widget\" data-widget_type=\"heading.default\">\n\t\t\t\t<div class=\"elementor-widget-container\">\n\t\t\t\t\t<h2 class=\"elementor-heading-title elementor-size-default\">Pr\u00e4zise und belastbare Teile f\u00fcr raue Einsatz&shy;bedingungen <\/h2>\t\t\t\t<\/div>\n\t\t\t\t<\/div>\n\t\t\t\t<div class=\"elementor-element elementor-element-9d3b992 elementor-widget elementor-widget-text-editor\" data-id=\"9d3b992\" data-element_type=\"widget\" data-e-type=\"widget\" data-widget_type=\"text-editor.default\">\n\t\t\t\t<div class=\"elementor-widget-container\">\n\t\t\t\t\t\t\t\t\t<p>Unsere Zink- und Aluminiumdruckgussteile finden in der Land- und Baumaschinentechnik vielf\u00e4ltige Anwendung. Typische Produkte in diesem Bereich sind:<\/p><ul><li><strong>Abdeckungen f\u00fcr elektronische Steuerungseinheiten<\/strong><\/li><li><strong>Geh\u00e4use f\u00fcr Cockpit-Instrumente<\/strong><\/li><li><strong>Rahmenelemente oder Profile f\u00fcr Bedieneinheiten<\/strong><\/li><li><strong>Verbindungselemente f\u00fcr mechanische Baugruppen<\/strong><\/li><\/ul><p>\u00a0<\/p><p>Gerade bei Au\u00dfenteilen oder Bedienelementen im Fahrerhaus m\u00fcssen die Komponenten sowohl passgenau gefertigt sein als auch dauerhaft mechanischen Belastungen, Ersch\u00fctterungen, Temperaturschwankungen, UV-Strahlung und Feuchtigkeit standhalten. Hier kommen die besonderen Eigenschaften des Zinkdruckgusses von HDO voll zum Tragen: Unsere Bauteile weisen eine hohe Ma\u00dfgenauigkeit, Festigkeit und eine besonders dichte, belastbare Oberfl\u00e4che auf, die sich ideal f\u00fcr den harten Einsatz in Land- und Baumaschinen eignet.<\/p>\t\t\t\t\t\t\t\t<\/div>\n\t\t\t\t<\/div>\n\t\t\t\t<\/div>\n\t\t\t\t<\/div>\n\t\t<div class=\"elementor-element elementor-element-c8f923d e-con-full e-flex e-con e-parent\" data-id=\"c8f923d\" data-element_type=\"container\" data-e-type=\"container\" id=\"druckgussteile\" data-settings=\"{&quot;jet_parallax_layout_list&quot;:[],&quot;background_background&quot;:&quot;classic&quot;}\">\n\t\t<div class=\"elementor-element elementor-element-2c79195 e-con-full e-flex e-con e-child\" data-id=\"2c79195\" data-element_type=\"container\" data-e-type=\"container\" data-settings=\"{&quot;background_background&quot;:&quot;classic&quot;,&quot;jet_parallax_layout_list&quot;:[]}\">\n\t\t\t\t<div class=\"elementor-element elementor-element-d9d4b67 elementor-widget__width-auto heading-strich-hell elementor-widget elementor-widget-heading\" data-id=\"d9d4b67\" data-element_type=\"widget\" data-e-type=\"widget\" data-widget_type=\"heading.default\">\n\t\t\t\t<div class=\"elementor-widget-container\">\n\t\t\t\t\t<h2 class=\"elementor-heading-title elementor-size-default\">Gro\u00dfdimensionierte Druckgussteile f\u00fcr die Bau- und Landtechnik in Serienqualit\u00e4t <\/h2>\t\t\t\t<\/div>\n\t\t\t\t<\/div>\n\t\t\t\t<div class=\"elementor-element elementor-element-318b155 elementor-widget elementor-widget-text-editor\" data-id=\"318b155\" data-element_type=\"widget\" data-e-type=\"widget\" data-widget_type=\"text-editor.default\">\n\t\t\t\t<div class=\"elementor-widget-container\">\n\t\t\t\t\t\t\t\t\t<p>Dank unserer modernen Produktionsanlagen und unserer langj\u00e4hrigen Erfahrung k\u00f6nnen wir bei HDO klein- wie gro\u00dfformatige Druckgussteile mit komplexen Strukturen in gleichbleibend hoher Qualit\u00e4t fertigen \u2013 prozesssicher und wirtschaftlich. Unsere Entwicklungsingenieure unterst\u00fctzen unsere Kunden bereits in der Konstruktionsphase dabei, die Bauteile optimal f\u00fcr den Gie\u00dfprozess auszulegen, um Verz\u00fcge, Lunker oder andere gie\u00dftechnische Schw\u00e4chen zu vermeiden.\u00a0Durch den Einsatz moderner Gie\u00dfsimulationen k\u00f6nnen wir dabei schon vor dem Produktionsstart\u00a0belastbare Aussagen zur Formf\u00fcllung, zur Erstarrung und zum potenziellen Nachbearbeitungsaufwand treffen. Das spart Zeit und Kosten in der sp\u00e4teren Produktion und stellt sicher, dass das finale Produkt den hohen Anforderungen standh\u00e4lt, die an moderne Bau- und Landmaschinen angelegt werden.<\/p>\t\t\t\t\t\t\t\t<\/div>\n\t\t\t\t<\/div>\n\t\t\t\t<\/div>\n\t\t\t\t<\/div>\n\t\t<div class=\"elementor-element elementor-element-654dd88 e-con-full e-flex e-con e-parent\" data-id=\"654dd88\" data-element_type=\"container\" data-e-type=\"container\" data-settings=\"{&quot;jet_parallax_layout_list&quot;:[]}\">\n\t\t<div class=\"elementor-element elementor-element-ca3128b e-con-full e-flex e-con e-child\" data-id=\"ca3128b\" data-element_type=\"container\" data-e-type=\"container\" data-settings=\"{&quot;background_background&quot;:&quot;classic&quot;,&quot;jet_parallax_layout_list&quot;:[]}\">\n\t\t\t\t<\/div>\n\t\t\t\t<\/div>\n\t\t<div class=\"elementor-element elementor-element-8893571 e-con-full e-flex e-con e-parent\" data-id=\"8893571\" data-element_type=\"container\" data-e-type=\"container\" id=\"oberflaechenqualitaet\" data-settings=\"{&quot;jet_parallax_layout_list&quot;:[],&quot;background_background&quot;:&quot;classic&quot;}\">\n\t\t<div class=\"elementor-element elementor-element-a1b33dd e-con-full e-flex e-con e-child\" data-id=\"a1b33dd\" data-element_type=\"container\" data-e-type=\"container\" data-settings=\"{&quot;background_background&quot;:&quot;classic&quot;,&quot;jet_parallax_layout_list&quot;:[]}\">\n\t\t\t\t<div class=\"elementor-element elementor-element-df7a97e elementor-widget__width-auto heading-strich-dunkel elementor-widget elementor-widget-heading\" data-id=\"df7a97e\" data-element_type=\"widget\" data-e-type=\"widget\" data-widget_type=\"heading.default\">\n\t\t\t\t<div class=\"elementor-widget-container\">\n\t\t\t\t\t<h2 class=\"elementor-heading-title elementor-size-default\">Oberfl\u00e4chenqualit\u00e4t, die auch optisch \u00fcberzeugt <\/h2>\t\t\t\t<\/div>\n\t\t\t\t<\/div>\n\t\t\t\t<div class=\"elementor-element elementor-element-d1dbe07 elementor-widget elementor-widget-text-editor\" data-id=\"d1dbe07\" data-element_type=\"widget\" data-e-type=\"widget\" data-widget_type=\"text-editor.default\">\n\t\t\t\t<div class=\"elementor-widget-container\">\n\t\t\t\t\t\t\t\t\t<p>Neben technischer Robustheit kommt in vielen Anwendungen auch der <strong>optischen Qualit\u00e4t<\/strong> der Bauteile eine immer gr\u00f6\u00dfere Bedeutung zu. Gerade bei sichtbaren Komponenten im Fahrerhaus, wie Geh\u00e4usen von Anzeigen oder Bedieneinheiten, wird heute ein stimmiges Design mit hochwertiger Haptik erwartet. HDO bietet hierf\u00fcr eine breite Palette an Oberfl\u00e4chenveredelungen \u2013 von einer Vielzahl an <strong>galvanischen Beschichtungen<\/strong> \u00fcber <strong>Pulver- und Nasslackierungen<\/strong> bis hin zu <strong>PVD-Beschichtungen<\/strong>, die besonders widerstandsf\u00e4hig und optisch ansprechend sind.<\/p><p>Dank unserer hauseigenen Veredelungstechnologien k\u00f6nnen wir auch funktionale Anforderungen wie <strong>Kratzfestigkeit<\/strong>, <strong>Korrosionsschutz<\/strong> und <strong>UV-Best\u00e4ndigkeit<\/strong> perfekt mit einem hochwertigen Erscheinungsbild kombinieren. Das Ergebnis sind Komponenten, die sich optisch und technisch nahtlos in moderne Fahrerkabinen oder Au\u00dfenverkleidungen von Land- und Baumaschinen integrieren lassen.<\/p>\t\t\t\t\t\t\t\t<\/div>\n\t\t\t\t<\/div>\n\t\t\t\t<\/div>\n\t\t\t\t<\/div>\n\t\t<div class=\"elementor-element elementor-element-ed79c35 e-con-full e-flex e-con e-parent\" data-id=\"ed79c35\" data-element_type=\"container\" data-e-type=\"container\" id=\"angebot\" data-settings=\"{&quot;jet_parallax_layout_list&quot;:[],&quot;background_background&quot;:&quot;classic&quot;}\">\n\t\t<div class=\"elementor-element elementor-element-18a88cc e-con-full e-flex e-con e-child\" data-id=\"18a88cc\" data-element_type=\"container\" data-e-type=\"container\" data-settings=\"{&quot;background_background&quot;:&quot;classic&quot;,&quot;jet_parallax_layout_list&quot;:[]}\">\n\t\t\t\t<div class=\"elementor-element elementor-element-156993c elementor-widget__width-auto heading-strich-hell elementor-widget elementor-widget-heading\" data-id=\"156993c\" data-element_type=\"widget\" data-e-type=\"widget\" data-widget_type=\"heading.default\">\n\t\t\t\t<div class=\"elementor-widget-container\">\n\t\t\t\t\t<h2 class=\"elementor-heading-title elementor-size-default\">Das Angebot von HDO: Druckguss mit System \u2013 vom Prototyp bis zur Serie <\/h2>\t\t\t\t<\/div>\n\t\t\t\t<\/div>\n\t\t\t\t<div class=\"elementor-element elementor-element-23f4ac5 elementor-widget elementor-widget-text-editor\" data-id=\"23f4ac5\" data-element_type=\"widget\" data-e-type=\"widget\" data-widget_type=\"text-editor.default\">\n\t\t\t\t<div class=\"elementor-widget-container\">\n\t\t\t\t\t\t\t\t\t<p>HDO versteht sich nicht nur als Hersteller, sondern auch als Entwicklungspartner. Unsere Kunden profitieren von einer ganzheitlichen Betreuung: Wir begleiten Projekte vom ersten Design \u00fcber die Entwicklung und Konstruktion\u00a0bis zur Serienproduktion und Veredelung. Dabei setzen wir auf interdisziplin\u00e4re Teams, kurze Entscheidungswege und ein starkes Qualit\u00e4tsbewusstsein in allen Projektphasen.<\/p><p>Ein zentraler Vorteil f\u00fcr Hersteller von Land- und Baumaschinen ist dabei die Flexibilit\u00e4t und Skalierbarkeit unserer Prozesse: Egal ob kleine St\u00fcckzahlen f\u00fcr Spezialmaschinen oder gro\u00dfe Serien f\u00fcr Traktoren oder Bagger \u2013 HDO liefert zuverl\u00e4ssig, pr\u00e4zise und termingerecht.<\/p>\t\t\t\t\t\t\t\t<\/div>\n\t\t\t\t<\/div>\n\t\t\t\t<\/div>\n\t\t\t\t<\/div>\n\t\t<div class=\"elementor-element elementor-element-c035452 e-con-full e-flex e-con e-parent\" data-id=\"c035452\" data-element_type=\"container\" data-e-type=\"container\" data-settings=\"{&quot;jet_parallax_layout_list&quot;:[]}\">\n\t\t<div class=\"elementor-element elementor-element-beff6a8 e-con-full e-flex e-con e-child\" data-id=\"beff6a8\" data-element_type=\"container\" data-e-type=\"container\" data-settings=\"{&quot;background_background&quot;:&quot;classic&quot;,&quot;jet_parallax_layout_list&quot;:[]}\">\n\t\t\t\t<\/div>\n\t\t<div class=\"elementor-element elementor-element-c6ecd74 e-con-full e-flex e-con e-child\" data-id=\"c6ecd74\" data-element_type=\"container\" data-e-type=\"container\" data-settings=\"{&quot;background_background&quot;:&quot;classic&quot;,&quot;jet_parallax_layout_list&quot;:[]}\">\n\t\t\t\t<\/div>\n\t\t<div class=\"elementor-element elementor-element-58926bf e-con-full e-flex e-con e-child\" data-id=\"58926bf\" data-element_type=\"container\" data-e-type=\"container\" data-settings=\"{&quot;background_background&quot;:&quot;classic&quot;,&quot;jet_parallax_layout_list&quot;:[]}\">\n\t\t\t\t<\/div>\n\t\t\t\t<\/div>\n\t\t<div class=\"elementor-element elementor-element-9b2b8c2 e-con-full e-flex e-con e-parent\" data-id=\"9b2b8c2\" data-element_type=\"container\" data-e-type=\"container\" id=\"fertigungsprozesse\" data-settings=\"{&quot;jet_parallax_layout_list&quot;:[]}\">\n\t\t<div class=\"elementor-element elementor-element-223c4a9 e-con-full e-flex e-con e-child\" data-id=\"223c4a9\" data-element_type=\"container\" data-e-type=\"container\" data-settings=\"{&quot;background_background&quot;:&quot;classic&quot;,&quot;jet_parallax_layout_list&quot;:[]}\">\n\t\t<div class=\"elementor-element elementor-element-3a8162f e-con-full e-flex e-con e-child\" data-id=\"3a8162f\" data-element_type=\"container\" data-e-type=\"container\" data-settings=\"{&quot;jet_parallax_layout_list&quot;:[],&quot;background_background&quot;:&quot;classic&quot;}\">\n\t\t<div class=\"elementor-element elementor-element-f3123b5 e-con-full e-flex e-con e-child\" data-id=\"f3123b5\" data-element_type=\"container\" data-e-type=\"container\" data-settings=\"{&quot;background_background&quot;:&quot;classic&quot;,&quot;jet_parallax_layout_list&quot;:[]}\">\n\t\t\t\t<div class=\"elementor-element elementor-element-220ea9d elementor-widget__width-auto heading-strich-dunkel elementor-widget elementor-widget-heading\" data-id=\"220ea9d\" data-element_type=\"widget\" data-e-type=\"widget\" data-widget_type=\"heading.default\">\n\t\t\t\t<div class=\"elementor-widget-container\">\n\t\t\t\t\t<h2 class=\"elementor-heading-title elementor-size-default\">H\u00f6chste Prozesssicherheit f\u00fcr langlebige Komponenten <\/h2>\t\t\t\t<\/div>\n\t\t\t\t<\/div>\n\t\t\t\t<div class=\"elementor-element elementor-element-42802b2 elementor-widget elementor-widget-text-editor\" data-id=\"42802b2\" data-element_type=\"widget\" data-e-type=\"widget\" data-widget_type=\"text-editor.default\">\n\t\t\t\t<div class=\"elementor-widget-container\">\n\t\t\t\t\t\t\t\t\t<p>Die Belastungen im Alltagseinsatz von Land- und Baumaschinen sind enorm. Unsere Fertigungsprozesse sind darauf ausgelegt, eine gleichbleibend hohe Qualit\u00e4t sicherzustellen. Jedes Bauteil durchl\u00e4uft umfassende Pr\u00fcfprozesse, von der\u00a0<strong>Ma\u00dfkontrolle<\/strong> \u00fcber die <strong>Oberfl\u00e4chenpr\u00fcfung<\/strong> bis zur <strong>mechanischen Funktionskontrolle<\/strong>. So stellen wir sicher, dass jedes Bauteil nicht nur die technischen Spezifikationen einh\u00e4lt, sondern auch langfristig seine Aufgabe erf\u00fcllt \u2013 auch unter h\u00e4rtesten Bedingungen.<\/p><p>Durch unsere R\u00fcckverfolgbarkeit, zertifizierten Qualit\u00e4tsstandards und eine kontinuierliche Prozessoptimierung schaffen wir die Voraussetzungen f\u00fcr eine partnerschaftliche Zusammenarbeit mit Herstellern weltweit.<\/p>\t\t\t\t\t\t\t\t<\/div>\n\t\t\t\t<\/div>\n\t\t\t\t<\/div>\n\t\t\t\t<\/div>\n\t\t\t\t<\/div>\n\t\t<div class=\"elementor-element elementor-element-27fcf13 e-con-full e-flex e-con e-child\" data-id=\"27fcf13\" data-element_type=\"container\" data-e-type=\"container\" data-settings=\"{&quot;jet_parallax_layout_list&quot;:[]}\">\n\t\t<div class=\"elementor-element elementor-element-d968f26 e-con-full e-flex e-con e-child\" data-id=\"d968f26\" data-element_type=\"container\" data-e-type=\"container\" data-settings=\"{&quot;jet_parallax_layout_list&quot;:[],&quot;background_background&quot;:&quot;classic&quot;}\">\n\t\t<div class=\"elementor-element elementor-element-c8358f7 e-con-full e-flex e-con e-child\" data-id=\"c8358f7\" data-element_type=\"container\" data-e-type=\"container\" data-settings=\"{&quot;background_background&quot;:&quot;classic&quot;,&quot;jet_parallax_layout_list&quot;:[]}\">\n\t\t\t\t<div class=\"elementor-element elementor-element-c5c00fa elementor-widget__width-auto heading-strich-dunkel elementor-widget elementor-widget-heading\" data-id=\"c5c00fa\" data-element_type=\"widget\" data-e-type=\"widget\" data-widget_type=\"heading.default\">\n\t\t\t\t<div class=\"elementor-widget-container\">\n\t\t\t\t\t<h2 class=\"elementor-heading-title elementor-size-default\">HDO \u2013 Ihr Partner f\u00fcr robuste Druckgussteile in der Land- und Baumaschinenbranche <\/h2>\t\t\t\t<\/div>\n\t\t\t\t<\/div>\n\t\t\t\t<div class=\"elementor-element elementor-element-ea46e7c elementor-widget elementor-widget-text-editor\" data-id=\"ea46e7c\" data-element_type=\"widget\" data-e-type=\"widget\" data-widget_type=\"text-editor.default\">\n\t\t\t\t<div class=\"elementor-widget-container\">\n\t\t\t\t\t\t\t\t\t<p>Mit unserer Kompetenz im Zink- und Aluminiumdruckguss, unserer St\u00e4rke in der Entwicklung und Konstruktion und unserer exzellenten Oberfl\u00e4chenveredelung ist HDO der ideale Partner f\u00fcr alle Hersteller, die robuste, langlebige und designstarke Komponenten f\u00fcr Land- und Baumaschinen ben\u00f6tigen. Unsere Bauteile \u00fcberzeugen durch Pr\u00e4zision, Widerstandsf\u00e4higkeit und ein hochwertiges Erscheinungsbild \u2013 ideal f\u00fcr eine Branche, in der es auf Leistung, Qualit\u00e4t und Langlebigkeit ankommt.<\/p><p>Gemeinsam mit unseren Kunden entwickeln wir L\u00f6sungen, die auch unter h\u00e4rtesten Bedingungen in jeder Hinsicht Bestand haben.<\/p><p>\u00a0<\/p><p><a href=\"https:\/\/hdo-gmbh.com\/de\/kontakthdo\/\">Sprechen Sie mit uns!<\/a><\/p>\t\t\t\t\t\t\t\t<\/div>\n\t\t\t\t<\/div>\n\t\t\t\t<\/div>\n\t\t\t\t<\/div>\n\t\t\t\t<\/div>\n\t\t\t\t<\/div>\n\t\t\t\t<\/div>\n\t\t","protected":false},"excerpt":{"rendered":"<p>Druckguss f\u00fcr die Land- und BaumaschinenIndustrie Hochwertige Teile f\u00fcr Baumaschinen und Anwendungen in der Landtechnik In der Land- und Baumaschinenbranche z\u00e4hlen Robustheit, Langlebigkeit und Zuverl\u00e4ssigkeit zu den zentralen Anforderungen an jedes Bauteil. Maschinen in diesem Segment sind oft extremen Witterungsbedingungen, starken mechanischen Belastungen und t\u00e4glichen intensiven Arbeitseins\u00e4tzen ausgesetzt. Gleichzeitig steigen auch hier die Erwartungen an [&hellip;]<\/p>\n","protected":false},"author":17,"featured_media":0,"parent":0,"menu_order":0,"comment_status":"closed","ping_status":"closed","template":"elementor_header_footer","meta":{"footnotes":""},"template-eng":[],"class_list":["post-12165","page","type-page","status-publish","hentry"],"_links":{"self":[{"href":"https:\/\/hdo-gmbh.com\/de\/wp-json\/wp\/v2\/pages\/12165","targetHints":{"allow":["GET"]}}],"collection":[{"href":"https:\/\/hdo-gmbh.com\/de\/wp-json\/wp\/v2\/pages"}],"about":[{"href":"https:\/\/hdo-gmbh.com\/de\/wp-json\/wp\/v2\/types\/page"}],"author":[{"embeddable":true,"href":"https:\/\/hdo-gmbh.com\/de\/wp-json\/wp\/v2\/users\/17"}],"replies":[{"embeddable":true,"href":"https:\/\/hdo-gmbh.com\/de\/wp-json\/wp\/v2\/comments?post=12165"}],"version-history":[{"count":0,"href":"https:\/\/hdo-gmbh.com\/de\/wp-json\/wp\/v2\/pages\/12165\/revisions"}],"wp:attachment":[{"href":"https:\/\/hdo-gmbh.com\/de\/wp-json\/wp\/v2\/media?parent=12165"}],"wp:term":[{"taxonomy":"template-eng","embeddable":true,"href":"https:\/\/hdo-gmbh.com\/de\/wp-json\/wp\/v2\/template-eng?post=12165"}],"curies":[{"name":"wp","href":"https:\/\/api.w.org\/{rel}","templated":true}]}}