{"id":12256,"date":"2025-07-01T13:42:22","date_gmt":"2025-07-01T11:42:22","guid":{"rendered":"https:\/\/hdo-gmbh.com\/elementor\/?page_id=12256"},"modified":"2026-01-12T09:29:50","modified_gmt":"2026-01-12T08:29:50","slug":"branchen-medizintechnik","status":"publish","type":"page","link":"https:\/\/hdo-gmbh.com\/de\/branchen-medizintechnik\/","title":{"rendered":"Branchen Medizintechnik"},"content":{"rendered":"\t\t<div data-elementor-type=\"wp-page\" data-elementor-id=\"12256\" class=\"elementor elementor-12256\" data-elementor-post-type=\"page\">\n\t\t\t\t<div class=\"elementor-element elementor-element-b19a85a e-con-full e-flex e-con e-parent\" data-id=\"b19a85a\" data-element_type=\"container\" data-e-type=\"container\" data-settings=\"{&quot;jet_parallax_layout_list&quot;:[]}\">\n\t\t<div class=\"elementor-element elementor-element-e513310 e-con-full e-flex e-con e-child\" data-id=\"e513310\" data-element_type=\"container\" data-e-type=\"container\" data-settings=\"{&quot;background_background&quot;:&quot;classic&quot;,&quot;jet_parallax_layout_list&quot;:[]}\">\n\t\t\t\t<div class=\"elementor-element elementor-element-ae6be16 elementor-widget__width-auto heading-strich-dunkel elementor-widget elementor-widget-heading\" data-id=\"ae6be16\" data-element_type=\"widget\" data-e-type=\"widget\" data-widget_type=\"heading.default\">\n\t\t\t\t<div class=\"elementor-widget-container\">\n\t\t\t\t\t<h2 class=\"elementor-heading-title elementor-size-default\">Druckguss f\u00fcr die Medizin&shy;technik <\/h2>\t\t\t\t<\/div>\n\t\t\t\t<\/div>\n\t\t\t\t<div class=\"elementor-element elementor-element-42a7b21 elementor-widget__width-auto elementor-widget elementor-widget-heading\" data-id=\"42a7b21\" data-element_type=\"widget\" data-e-type=\"widget\" data-widget_type=\"heading.default\">\n\t\t\t\t<div class=\"elementor-widget-container\">\n\t\t\t\t\t<h1 class=\"elementor-heading-title elementor-size-default\">Als Hersteller von Druckgussteilen f\u00fcr die Medizintechnik ist HDO Ihr Spezialist f\u00fcr Entwicklung, Fertigung und Oberfl\u00e4chen&shy;beschichtung  . <\/h1>\t\t\t\t<\/div>\n\t\t\t\t<\/div>\n\t\t\t\t<div class=\"elementor-element elementor-element-3392e17 elementor-widget elementor-widget-text-editor\" data-id=\"3392e17\" data-element_type=\"widget\" data-e-type=\"widget\" data-widget_type=\"text-editor.default\">\n\t\t\t\t<div class=\"elementor-widget-container\">\n\t\t\t\t\t\t\t\t\t<p>Die Anforderungen an Komponenten und Geh\u00e4useteile f\u00fcr die Medizintechnik sind hoch. Neben technischer Pr\u00e4zision und Zuverl\u00e4ssigkeit stehen hier hygienische Aspekte, glatte und leicht zu reinigende Oberfl\u00e4chen sowie eine konsistent hohe Qualit\u00e4t im Mittelpunkt. Aufgrund unserer langj\u00e4hrigen Erfahrung mit einem breiten Branchenspektrum k\u00f6nnen wir auch f\u00fcr die Anforderungen medizintechnischer Anwendungen h\u00f6chste Prozesssicherheit gew\u00e4hrleisten. Mit Zink- und Aluminiumdruckguss, einer vollstufigen Fertigungstiefe und modernster Oberfl\u00e4chenveredelung ist HDO der Partner der Wahl f\u00fcr zahlreiche Hersteller aus dem Bereich der Human- und Veterin\u00e4rmedizin.<\/p>\t\t\t\t\t\t\t\t<\/div>\n\t\t\t\t<\/div>\n\t\t\t\t<\/div>\n\t\t\t\t<\/div>\n\t\t<div class=\"elementor-element elementor-element-17641dd e-flex e-con-boxed e-con e-parent\" data-id=\"17641dd\" data-element_type=\"container\" data-e-type=\"container\" data-settings=\"{&quot;background_background&quot;:&quot;classic&quot;,&quot;jet_parallax_layout_list&quot;:[],&quot;sticky&quot;:&quot;top&quot;,&quot;sticky_offset&quot;:100,&quot;sticky_on&quot;:[&quot;desktop&quot;,&quot;tablet&quot;,&quot;mobile&quot;],&quot;sticky_effects_offset&quot;:0,&quot;sticky_anchor_link_offset&quot;:0}\">\n\t\t\t\t\t<div class=\"e-con-inner\">\n\t\t\t\t<div class=\"elementor-element elementor-element-576b4d6 elementor-icon-list--layout-inline elementor-tablet-align-center elementor-mobile-align-center elementor-align-center elementor-list-item-link-full_width elementor-widget elementor-widget-icon-list\" data-id=\"576b4d6\" data-element_type=\"widget\" data-e-type=\"widget\" data-widget_type=\"icon-list.default\">\n\t\t\t\t<div class=\"elementor-widget-container\">\n\t\t\t\t\t\t\t<ul class=\"elementor-icon-list-items elementor-inline-items\">\n\t\t\t\t\t\t\t<li class=\"elementor-icon-list-item elementor-inline-item\">\n\t\t\t\t\t\t\t\t\t\t\t<a href=\"#bauteile\">\n\n\t\t\t\t\t\t\t\t\t\t\t<span class=\"elementor-icon-list-text\">Bauteile<\/span>\n\t\t\t\t\t\t\t\t\t\t\t<\/a>\n\t\t\t\t\t\t\t\t\t<\/li>\n\t\t\t\t\t\t\t\t<li class=\"elementor-icon-list-item elementor-inline-item\">\n\t\t\t\t\t\t\t\t\t\t\t<a href=\"#zinkdruckguss\">\n\n\t\t\t\t\t\t\t\t\t\t\t<span class=\"elementor-icon-list-text\">Zinkdruckguss<\/span>\n\t\t\t\t\t\t\t\t\t\t\t<\/a>\n\t\t\t\t\t\t\t\t\t<\/li>\n\t\t\t\t\t\t\t\t<li class=\"elementor-icon-list-item elementor-inline-item\">\n\t\t\t\t\t\t\t\t\t\t\t<a href=\"#prozess\">\n\n\t\t\t\t\t\t\t\t\t\t\t<span class=\"elementor-icon-list-text\">Prozess<\/span>\n\t\t\t\t\t\t\t\t\t\t\t<\/a>\n\t\t\t\t\t\t\t\t\t<\/li>\n\t\t\t\t\t\t\t\t<li class=\"elementor-icon-list-item elementor-inline-item\">\n\t\t\t\t\t\t\t\t\t\t\t<a href=\"#oberflaechenveredelung\">\n\n\t\t\t\t\t\t\t\t\t\t\t<span class=\"elementor-icon-list-text\">Oberfl\u00e4chenveredelung<\/span>\n\t\t\t\t\t\t\t\t\t\t\t<\/a>\n\t\t\t\t\t\t\t\t\t<\/li>\n\t\t\t\t\t\t\t\t<li class=\"elementor-icon-list-item elementor-inline-item\">\n\t\t\t\t\t\t\t\t\t\t\t<a href=\"#entwicklung\">\n\n\t\t\t\t\t\t\t\t\t\t\t<span class=\"elementor-icon-list-text\">Entwicklung<\/span>\n\t\t\t\t\t\t\t\t\t\t\t<\/a>\n\t\t\t\t\t\t\t\t\t<\/li>\n\t\t\t\t\t\t<\/ul>\n\t\t\t\t\t\t<\/div>\n\t\t\t\t<\/div>\n\t\t\t\t\t<\/div>\n\t\t\t\t<\/div>\n\t\t<div class=\"elementor-element elementor-element-3f910c7 elementor-hidden-mobile e-flex e-con-boxed e-con e-parent\" data-id=\"3f910c7\" data-element_type=\"container\" data-e-type=\"container\" data-settings=\"{&quot;background_background&quot;:&quot;classic&quot;,&quot;jet_parallax_layout_list&quot;:[]}\">\n\t\t\t\t\t<div class=\"e-con-inner\">\n\t\t\t\t<div class=\"elementor-element elementor-element-9f8fda2 elementor-widget elementor-widget-spacer\" data-id=\"9f8fda2\" data-element_type=\"widget\" data-e-type=\"widget\" data-widget_type=\"spacer.default\">\n\t\t\t\t<div class=\"elementor-widget-container\">\n\t\t\t\t\t\t\t<div class=\"elementor-spacer\">\n\t\t\t<div class=\"elementor-spacer-inner\"><\/div>\n\t\t<\/div>\n\t\t\t\t\t\t<\/div>\n\t\t\t\t<\/div>\n\t\t\t\t\t<\/div>\n\t\t\t\t<\/div>\n\t\t<div class=\"elementor-element elementor-element-3ca729c e-con-full e-flex e-con e-parent\" data-id=\"3ca729c\" data-element_type=\"container\" data-e-type=\"container\" data-settings=\"{&quot;jet_parallax_layout_list&quot;:[]}\">\n\t\t<div class=\"elementor-element elementor-element-7a7b5a7 e-con-full e-flex e-con e-child\" data-id=\"7a7b5a7\" data-element_type=\"container\" data-e-type=\"container\" data-settings=\"{&quot;background_background&quot;:&quot;classic&quot;,&quot;jet_parallax_layout_list&quot;:[]}\">\n\t\t\t\t<\/div>\n\t\t<div class=\"elementor-element elementor-element-d7ab6fa e-con-full elementor-hidden-mobile e-flex e-con e-child\" data-id=\"d7ab6fa\" data-element_type=\"container\" data-e-type=\"container\" data-settings=\"{&quot;background_background&quot;:&quot;classic&quot;,&quot;jet_parallax_layout_list&quot;:[]}\">\n\t\t\t\t<\/div>\n\t\t\t\t<\/div>\n\t\t<div class=\"elementor-element elementor-element-6c97121 e-con-full e-flex e-con e-parent\" data-id=\"6c97121\" data-element_type=\"container\" data-e-type=\"container\" id=\"bauteile\" data-settings=\"{&quot;jet_parallax_layout_list&quot;:[],&quot;background_background&quot;:&quot;classic&quot;}\">\n\t\t<div class=\"elementor-element elementor-element-4cbb2b1 e-con-full e-flex e-con e-child\" data-id=\"4cbb2b1\" data-element_type=\"container\" data-e-type=\"container\" data-settings=\"{&quot;background_background&quot;:&quot;classic&quot;,&quot;jet_parallax_layout_list&quot;:[]}\">\n\t\t\t\t<div class=\"elementor-element elementor-element-03755c4 elementor-widget__width-auto heading-strich-dunkel elementor-widget elementor-widget-heading\" data-id=\"03755c4\" data-element_type=\"widget\" data-e-type=\"widget\" data-widget_type=\"heading.default\">\n\t\t\t\t<div class=\"elementor-widget-container\">\n\t\t\t\t\t<h2 class=\"elementor-heading-title elementor-size-default\">Bauteile f\u00fcr den medizinischen Einsatz \u2013 Funktionalit\u00e4t trifft Sicherheit <\/h2>\t\t\t\t<\/div>\n\t\t\t\t<\/div>\n\t\t\t\t<div class=\"elementor-element elementor-element-9d3b992 elementor-widget elementor-widget-text-editor\" data-id=\"9d3b992\" data-element_type=\"widget\" data-e-type=\"widget\" data-widget_type=\"text-editor.default\">\n\t\t\t\t<div class=\"elementor-widget-container\">\n\t\t\t\t\t\t\t\t\t<p>In der Medizintechnik liefert HDO verschiedenste Komponenten, die in unterschiedlichen Ger\u00e4ten und Anwendungen zum Einsatz kommen. Dazu geh\u00f6ren unter anderem:<\/p><ul><li><strong>Griffe f\u00fcr Operationsbesteck<\/strong><\/li><li><strong>Profile und Abdeckungen f\u00fcr medizinische Ger\u00e4te<\/strong><\/li><li><strong>Rahmen und Geh\u00e4use f\u00fcr Patienten\u00fcberwachungs\u00adeinheiten<\/strong><\/li><li><strong>Griffst\u00fccke und Geh\u00e4use f\u00fcr veterin\u00e4rmedizinische Ger\u00e4te<\/strong><\/li><\/ul><p>\u00a0<\/p><p>Unsere Bauteile erf\u00fcllen dabei die h\u00f6chsten Anspr\u00fcche: Sie sind pr\u00e4zise gefertigt, langlebig, belastbar und dabei gleichzeitig hygienisch einwandfrei. Dar\u00fcber hinaus wird in vielen F\u00e4llen auch auf die \u00e4sthetische Wirkung der Komponenten Wert gelegt \u2013 insbesondere bei Ger\u00e4ten, die in patientennahen Bereichen eingesetzt werden. HDO liefert L\u00f6sungen, die alle diese Standards vereinen und durchg\u00e4ngig prozesssicher hergestellt werden.<\/p>\t\t\t\t\t\t\t\t<\/div>\n\t\t\t\t<\/div>\n\t\t\t\t<\/div>\n\t\t\t\t<\/div>\n\t\t<div class=\"elementor-element elementor-element-c8f923d e-con-full e-flex e-con e-parent\" data-id=\"c8f923d\" data-element_type=\"container\" data-e-type=\"container\" id=\"zinkdruckguss\" data-settings=\"{&quot;jet_parallax_layout_list&quot;:[],&quot;background_background&quot;:&quot;classic&quot;}\">\n\t\t<div class=\"elementor-element elementor-element-2c79195 e-con-full e-flex e-con e-child\" data-id=\"2c79195\" data-element_type=\"container\" data-e-type=\"container\" data-settings=\"{&quot;background_background&quot;:&quot;classic&quot;,&quot;jet_parallax_layout_list&quot;:[]}\">\n\t\t\t\t<div class=\"elementor-element elementor-element-d9d4b67 elementor-widget__width-auto heading-strich-hell elementor-widget elementor-widget-heading\" data-id=\"d9d4b67\" data-element_type=\"widget\" data-e-type=\"widget\" data-widget_type=\"heading.default\">\n\t\t\t\t<div class=\"elementor-widget-container\">\n\t\t\t\t\t<h2 class=\"elementor-heading-title elementor-size-default\">Zinkdruckguss \u2013 Pr\u00e4zision, Stabilit\u00e4t und Hygiene in einem Werkstoff <\/h2>\t\t\t\t<\/div>\n\t\t\t\t<\/div>\n\t\t\t\t<div class=\"elementor-element elementor-element-318b155 elementor-widget elementor-widget-text-editor\" data-id=\"318b155\" data-element_type=\"widget\" data-e-type=\"widget\" data-widget_type=\"text-editor.default\">\n\t\t\t\t<div class=\"elementor-widget-container\">\n\t\t\t\t\t\t\t\t\t<p>Der von HDO eingesetzte Zinkdruckguss bietet entscheidende Vorteile f\u00fcr medizintechnische Komponenten. Er erlaubt die Herstellung hochpr\u00e4ziser, fein detaillierter Bauteile mit exzellenter Ma\u00dfhaltigkeit. Hinterschnitte, glatte \u00dcberg\u00e4nge, filigrane Geometrien oder integrierte Befestigungs- und Verbindungselemente k\u00f6nnen ohne zus\u00e4tzliche Bearbeitung direkt im Guss realisiert werden \u2013 das spart Prozessschritte und reduziert Fehlertoleranzen.<\/p><p>Die fertigen Teile weisen eine homogene Oberfl\u00e4che und glatte Struktur auf, die sich hervorragend reinigen l\u00e4sst und keine por\u00f6sen oder rauen Stellen aufweist, an denen sich Keime oder Schmutz anlagern k\u00f6nnten. Dies macht den Werkstoff ideal f\u00fcr hygienekritische Anwendungen, etwa bei Griffsystemen, Bedienoberfl\u00e4chen oder Geh\u00e4usen f\u00fcr empfindliche Elektronik. <\/p>\t\t\t\t\t\t\t\t<\/div>\n\t\t\t\t<\/div>\n\t\t\t\t<\/div>\n\t\t\t\t<\/div>\n\t\t<div class=\"elementor-element elementor-element-654dd88 e-con-full e-flex e-con e-parent\" data-id=\"654dd88\" data-element_type=\"container\" data-e-type=\"container\" data-settings=\"{&quot;jet_parallax_layout_list&quot;:[]}\">\n\t\t<div class=\"elementor-element elementor-element-ca3128b e-con-full e-flex e-con e-child\" data-id=\"ca3128b\" data-element_type=\"container\" data-e-type=\"container\" data-settings=\"{&quot;background_background&quot;:&quot;classic&quot;,&quot;jet_parallax_layout_list&quot;:[]}\">\n\t\t\t\t<\/div>\n\t\t\t\t<\/div>\n\t\t<div class=\"elementor-element elementor-element-8893571 e-con-full e-flex e-con e-parent\" data-id=\"8893571\" data-element_type=\"container\" data-e-type=\"container\" id=\"prozess\" data-settings=\"{&quot;jet_parallax_layout_list&quot;:[],&quot;background_background&quot;:&quot;classic&quot;}\">\n\t\t<div class=\"elementor-element elementor-element-a1b33dd e-con-full e-flex e-con e-child\" data-id=\"a1b33dd\" data-element_type=\"container\" data-e-type=\"container\" data-settings=\"{&quot;background_background&quot;:&quot;classic&quot;,&quot;jet_parallax_layout_list&quot;:[]}\">\n\t\t\t\t<div class=\"elementor-element elementor-element-df7a97e elementor-widget__width-auto heading-strich-dunkel elementor-widget elementor-widget-heading\" data-id=\"df7a97e\" data-element_type=\"widget\" data-e-type=\"widget\" data-widget_type=\"heading.default\">\n\t\t\t\t<div class=\"elementor-widget-container\">\n\t\t\t\t\t<h2 class=\"elementor-heading-title elementor-size-default\">Konstante Prozesssicherheit <\/h2>\t\t\t\t<\/div>\n\t\t\t\t<\/div>\n\t\t\t\t<div class=\"elementor-element elementor-element-d1dbe07 elementor-widget elementor-widget-text-editor\" data-id=\"d1dbe07\" data-element_type=\"widget\" data-e-type=\"widget\" data-widget_type=\"text-editor.default\">\n\t\t\t\t<div class=\"elementor-widget-container\">\n\t\t\t\t\t\t\t\t\t<p>HDO ist mit den sensiblen Anforderungen an Medizintechnik vertraut. Mit moderner Gie\u00dfsimulation und vollautomatisierter Fertigung sorgen wir daf\u00fcr, dass jedes Bauteil die geforderten Toleranzen einh\u00e4lt und zuverl\u00e4ssig funktioniert.<br \/>Unsere Expertise im Druckguss und in der Oberfl\u00e4chenbeschichtung macht uns auch f\u00fcr die Medizintechnik zu einem rundum verl\u00e4sslichen Partner \u2013 von der Entwicklung bis zur Serienproduktion. Wir setzen auf durchg\u00e4ngige Prozesssicherheit, eine strenge Qualit\u00e4ts\u00fcberwachung und Pr\u00fcfverfahren mit durchgehender Dokumentation. <\/p>\t\t\t\t\t\t\t\t<\/div>\n\t\t\t\t<\/div>\n\t\t\t\t<\/div>\n\t\t\t\t<\/div>\n\t\t<div class=\"elementor-element elementor-element-ed79c35 e-con-full e-flex e-con e-parent\" data-id=\"ed79c35\" data-element_type=\"container\" data-e-type=\"container\" id=\"oberflaechenveredelung\" data-settings=\"{&quot;jet_parallax_layout_list&quot;:[],&quot;background_background&quot;:&quot;classic&quot;}\">\n\t\t<div class=\"elementor-element elementor-element-18a88cc e-con-full e-flex e-con e-child\" data-id=\"18a88cc\" data-element_type=\"container\" data-e-type=\"container\" data-settings=\"{&quot;background_background&quot;:&quot;classic&quot;,&quot;jet_parallax_layout_list&quot;:[]}\">\n\t\t\t\t<div class=\"elementor-element elementor-element-156993c elementor-widget__width-auto heading-strich-hell elementor-widget elementor-widget-heading\" data-id=\"156993c\" data-element_type=\"widget\" data-e-type=\"widget\" data-widget_type=\"heading.default\">\n\t\t\t\t<div class=\"elementor-widget-container\">\n\t\t\t\t\t<h2 class=\"elementor-heading-title elementor-size-default\">Oberfl\u00e4chenveredelung nach hygienischen und funktionalen Ma\u00dfgaben <\/h2>\t\t\t\t<\/div>\n\t\t\t\t<\/div>\n\t\t\t\t<div class=\"elementor-element elementor-element-23f4ac5 elementor-widget elementor-widget-text-editor\" data-id=\"23f4ac5\" data-element_type=\"widget\" data-e-type=\"widget\" data-widget_type=\"text-editor.default\">\n\t\t\t\t<div class=\"elementor-widget-container\">\n\t\t\t\t\t\t\t\t\t<p>Ein besonderes Augenmerk liegt in der Medizintechnik auf der Beschaffenheit der Oberfl\u00e4che. Als branchen\u00fcbergreifend erfahrener Anbieter mit hauseigener Oberfl\u00e4chenveredelung steht uns eine gro\u00dfe Auswahl an Verfahren zur Verf\u00fcgung, die sich f\u00fcr medizinische Anwendungen eignen. Dazu z\u00e4hlen u.a.:<\/p><ul><li><strong>Galvanische Beschichtungen <\/strong>(z.B. vernickelte oder verchromte Oberfl\u00e4chen)<\/li><li><strong>PVD-Beschichtungen<\/strong><\/li><li><strong>Pulverbeschichtungen und Lackierungen sowie weitere technische Beschichtungen<\/strong><\/li><\/ul><p>\u00a0<\/p><p>Diese Oberfl\u00e4chen lassen sich problemlos reinigen, weisen \u00fcber Jahre hinweg eine gleichbleibend hochwertige Haptik auf und spiegeln diese Wertigkeit auch \u00e4sthetisch.<\/p>\t\t\t\t\t\t\t\t<\/div>\n\t\t\t\t<\/div>\n\t\t\t\t<\/div>\n\t\t\t\t<\/div>\n\t\t<div class=\"elementor-element elementor-element-c035452 e-con-full e-flex e-con e-parent\" data-id=\"c035452\" data-element_type=\"container\" data-e-type=\"container\" data-settings=\"{&quot;jet_parallax_layout_list&quot;:[]}\">\n\t\t<div class=\"elementor-element elementor-element-beff6a8 e-con-full e-flex e-con e-child\" data-id=\"beff6a8\" data-element_type=\"container\" data-e-type=\"container\" data-settings=\"{&quot;background_background&quot;:&quot;classic&quot;,&quot;jet_parallax_layout_list&quot;:[]}\">\n\t\t\t\t<\/div>\n\t\t<div class=\"elementor-element elementor-element-c6ecd74 e-con-full e-flex e-con e-child\" data-id=\"c6ecd74\" data-element_type=\"container\" data-e-type=\"container\" data-settings=\"{&quot;background_background&quot;:&quot;classic&quot;,&quot;jet_parallax_layout_list&quot;:[]}\">\n\t\t\t\t<\/div>\n\t\t<div class=\"elementor-element elementor-element-58926bf e-con-full e-flex e-con e-child\" data-id=\"58926bf\" data-element_type=\"container\" data-e-type=\"container\" data-settings=\"{&quot;background_background&quot;:&quot;classic&quot;,&quot;jet_parallax_layout_list&quot;:[]}\">\n\t\t\t\t<\/div>\n\t\t\t\t<\/div>\n\t\t<div class=\"elementor-element elementor-element-9b2b8c2 e-con-full e-flex e-con e-parent\" data-id=\"9b2b8c2\" data-element_type=\"container\" data-e-type=\"container\" id=\"entwicklung\" data-settings=\"{&quot;jet_parallax_layout_list&quot;:[]}\">\n\t\t<div class=\"elementor-element elementor-element-223c4a9 e-con-full e-flex e-con e-child\" data-id=\"223c4a9\" data-element_type=\"container\" data-e-type=\"container\" data-settings=\"{&quot;background_background&quot;:&quot;classic&quot;,&quot;jet_parallax_layout_list&quot;:[]}\">\n\t\t<div class=\"elementor-element elementor-element-3a8162f e-con-full e-flex e-con e-child\" data-id=\"3a8162f\" data-element_type=\"container\" data-e-type=\"container\" data-settings=\"{&quot;jet_parallax_layout_list&quot;:[],&quot;background_background&quot;:&quot;classic&quot;}\">\n\t\t<div class=\"elementor-element elementor-element-f3123b5 e-con-full e-flex e-con e-child\" data-id=\"f3123b5\" data-element_type=\"container\" data-e-type=\"container\" data-settings=\"{&quot;background_background&quot;:&quot;classic&quot;,&quot;jet_parallax_layout_list&quot;:[]}\">\n\t\t\t\t<div class=\"elementor-element elementor-element-220ea9d elementor-widget__width-auto heading-strich-dunkel elementor-widget elementor-widget-heading\" data-id=\"220ea9d\" data-element_type=\"widget\" data-e-type=\"widget\" data-widget_type=\"heading.default\">\n\t\t\t\t<div class=\"elementor-widget-container\">\n\t\t\t\t\t<h2 class=\"elementor-heading-title elementor-size-default\">Entwicklungs&shy;kompetenz und partnerschaftliche Zusammenarbeit <\/h2>\t\t\t\t<\/div>\n\t\t\t\t<\/div>\n\t\t\t\t<div class=\"elementor-element elementor-element-42802b2 elementor-widget elementor-widget-text-editor\" data-id=\"42802b2\" data-element_type=\"widget\" data-e-type=\"widget\" data-widget_type=\"text-editor.default\">\n\t\t\t\t<div class=\"elementor-widget-container\">\n\t\t\t\t\t\t\t\t\t<p>Die enge Zusammenarbeit mit jedem unserer Kunden, ist f\u00fcr HDO bereits in der Entwicklungsphase selbstverst\u00e4ndlich. Wir beraten bei der konstruktiven Auslegung, schlagen fertigungsgerechte Optimierungen vor und sorgen daf\u00fcr, dass Ihre Produktidee prozesssicher und wirtschaftlich realisierbar wird. Unsere interdisziplin\u00e4ren Teams verbinden tiefes Verst\u00e4ndnis f\u00fcr die Gie\u00dftechnik mit dem Blick f\u00fcr Funktion, Oberfl\u00e4chenbeschichtung und Hygieneanforderungen.<br \/>Dank unseres breiten Branchenspektrums bringen wir auch Impulse aus anderen Industriebereichen in die Medizin ein \u2013 etwa in Bezug auf Serienfertigung, Designintegration oder Modularisierung. Diese Erfahrung macht uns zu einem wertvollen Entwicklungspartner f\u00fcr medizintechnische Projekte \u2013 egal ob bei Neuentwicklungen, Design\u00e4nderungen oder der Serialisierung von Prototypen. <\/p>\t\t\t\t\t\t\t\t<\/div>\n\t\t\t\t<\/div>\n\t\t\t\t<\/div>\n\t\t\t\t<\/div>\n\t\t\t\t<\/div>\n\t\t<div class=\"elementor-element elementor-element-27fcf13 e-con-full e-flex e-con e-child\" data-id=\"27fcf13\" data-element_type=\"container\" data-e-type=\"container\" data-settings=\"{&quot;jet_parallax_layout_list&quot;:[]}\">\n\t\t<div class=\"elementor-element elementor-element-d968f26 e-con-full e-flex e-con e-child\" data-id=\"d968f26\" data-element_type=\"container\" data-e-type=\"container\" data-settings=\"{&quot;jet_parallax_layout_list&quot;:[],&quot;background_background&quot;:&quot;classic&quot;}\">\n\t\t<div class=\"elementor-element elementor-element-c8358f7 e-con-full e-flex e-con e-child\" data-id=\"c8358f7\" data-element_type=\"container\" data-e-type=\"container\" data-settings=\"{&quot;background_background&quot;:&quot;classic&quot;,&quot;jet_parallax_layout_list&quot;:[]}\">\n\t\t\t\t<div class=\"elementor-element elementor-element-c5c00fa elementor-widget__width-auto heading-strich-dunkel elementor-widget elementor-widget-heading\" data-id=\"c5c00fa\" data-element_type=\"widget\" data-e-type=\"widget\" data-widget_type=\"heading.default\">\n\t\t\t\t<div class=\"elementor-widget-container\">\n\t\t\t\t\t<h2 class=\"elementor-heading-title elementor-size-default\">HDO \u2013 Der zuverl\u00e4ssige Partner f\u00fcr Hersteller medizintechnischer Ausr\u00fcstung <\/h2>\t\t\t\t<\/div>\n\t\t\t\t<\/div>\n\t\t\t\t<div class=\"elementor-element elementor-element-ea46e7c elementor-widget elementor-widget-text-editor\" data-id=\"ea46e7c\" data-element_type=\"widget\" data-e-type=\"widget\" data-widget_type=\"text-editor.default\">\n\t\t\t\t<div class=\"elementor-widget-container\">\n\t\t\t\t\t\t\t\t\t<p>Mit h\u00f6chster Pr\u00e4zision, hygienisch einwandfreien Oberfl\u00e4chen und langj\u00e4hriger Erfahrung bietet HDO die idealen Voraussetzungen f\u00fcr die Fertigung von Komponenten f\u00fcr die Medizintechnik. Ob f\u00fcr Human- oder Veterin\u00e4rmedizin, Diagnostiksysteme oder Patienten\u00fcberwachung, wir liefern passgenaue, prozesssichere und designorientierte L\u00f6sungen, die den hohen Anforderungen dieser Branche gerecht werden.<\/p><p>Durch unsere Expertise im Zink- und Aluminiumdruckguss, modernster Oberfl\u00e4chenveredelung sowie qualit\u00e4tsgesicherter Serienfertigung sind wir in der Lage, medizintechnische Komponenten auf h\u00f6chstem Niveau zu realisieren. Zuverl\u00e4ssig, wirtschaftlich und in enger Abstimmung mit unseren Kunden.<\/p><p>Bei HDO entwickelt sich was! Kontaktieren Sie uns jetzt, um mehr dar\u00fcber zu erfahren, wie wir gern auch in Ihrem Auftrag medizinische Ger\u00e4te und Werkzeuge durch hochwertige Bauteile weiterentwickeln.<\/p>\t\t\t\t\t\t\t\t<\/div>\n\t\t\t\t<\/div>\n\t\t\t\t<\/div>\n\t\t\t\t<\/div>\n\t\t\t\t<\/div>\n\t\t\t\t<\/div>\n\t\t\t\t<\/div>\n\t\t","protected":false},"excerpt":{"rendered":"<p>Druckguss f\u00fcr die Medizin&shy;technik Als Hersteller von Druckgussteilen f\u00fcr die Medizintechnik ist HDO Ihr Spezialist f\u00fcr Entwicklung, Fertigung und Oberfl\u00e4chen&shy;beschichtung . Die Anforderungen an Komponenten und Geh\u00e4useteile f\u00fcr die Medizintechnik sind hoch. Neben technischer Pr\u00e4zision und Zuverl\u00e4ssigkeit stehen hier hygienische Aspekte, glatte und leicht zu reinigende Oberfl\u00e4chen sowie eine konsistent hohe Qualit\u00e4t im Mittelpunkt. Aufgrund [&hellip;]<\/p>\n","protected":false},"author":17,"featured_media":0,"parent":0,"menu_order":0,"comment_status":"closed","ping_status":"closed","template":"elementor_header_footer","meta":{"footnotes":""},"template-eng":[],"class_list":["post-12256","page","type-page","status-publish","hentry"],"_links":{"self":[{"href":"https:\/\/hdo-gmbh.com\/de\/wp-json\/wp\/v2\/pages\/12256","targetHints":{"allow":["GET"]}}],"collection":[{"href":"https:\/\/hdo-gmbh.com\/de\/wp-json\/wp\/v2\/pages"}],"about":[{"href":"https:\/\/hdo-gmbh.com\/de\/wp-json\/wp\/v2\/types\/page"}],"author":[{"embeddable":true,"href":"https:\/\/hdo-gmbh.com\/de\/wp-json\/wp\/v2\/users\/17"}],"replies":[{"embeddable":true,"href":"https:\/\/hdo-gmbh.com\/de\/wp-json\/wp\/v2\/comments?post=12256"}],"version-history":[{"count":0,"href":"https:\/\/hdo-gmbh.com\/de\/wp-json\/wp\/v2\/pages\/12256\/revisions"}],"wp:attachment":[{"href":"https:\/\/hdo-gmbh.com\/de\/wp-json\/wp\/v2\/media?parent=12256"}],"wp:term":[{"taxonomy":"template-eng","embeddable":true,"href":"https:\/\/hdo-gmbh.com\/de\/wp-json\/wp\/v2\/template-eng?post=12256"}],"curies":[{"name":"wp","href":"https:\/\/api.w.org\/{rel}","templated":true}]}}