{"id":12285,"date":"2025-07-01T14:23:07","date_gmt":"2025-07-01T12:23:07","guid":{"rendered":"https:\/\/hdo-gmbh.com\/elementor\/?page_id=12285"},"modified":"2026-01-12T09:32:19","modified_gmt":"2026-01-12T08:32:19","slug":"branchen-sanitaer","status":"publish","type":"page","link":"https:\/\/hdo-gmbh.com\/de\/branchen-sanitaer\/","title":{"rendered":"Branchen Sanit\u00e4r"},"content":{"rendered":"\t\t<div data-elementor-type=\"wp-page\" data-elementor-id=\"12285\" class=\"elementor elementor-12285\" data-elementor-post-type=\"page\">\n\t\t\t\t<div class=\"elementor-element elementor-element-b19a85a e-con-full e-flex e-con e-parent\" data-id=\"b19a85a\" data-element_type=\"container\" data-e-type=\"container\" data-settings=\"{&quot;jet_parallax_layout_list&quot;:[]}\">\n\t\t<div class=\"elementor-element elementor-element-e513310 e-con-full e-flex e-con e-child\" data-id=\"e513310\" data-element_type=\"container\" data-e-type=\"container\" data-settings=\"{&quot;background_background&quot;:&quot;classic&quot;,&quot;jet_parallax_layout_list&quot;:[]}\">\n\t\t\t\t<div class=\"elementor-element elementor-element-ae6be16 elementor-widget__width-auto heading-strich-dunkel elementor-widget elementor-widget-heading\" data-id=\"ae6be16\" data-element_type=\"widget\" data-e-type=\"widget\" data-widget_type=\"heading.default\">\n\t\t\t\t<div class=\"elementor-widget-container\">\n\t\t\t\t\t<h2 class=\"elementor-heading-title elementor-size-default\">Druckguss f\u00fcr Badarmaturen<\/h2>\t\t\t\t<\/div>\n\t\t\t\t<\/div>\n\t\t\t\t<div class=\"elementor-element elementor-element-42a7b21 elementor-widget__width-auto elementor-widget elementor-widget-heading\" data-id=\"42a7b21\" data-element_type=\"widget\" data-e-type=\"widget\" data-widget_type=\"heading.default\">\n\t\t\t\t<div class=\"elementor-widget-container\">\n\t\t\t\t\t<h1 class=\"elementor-heading-title elementor-size-default\">Druckgusskompetenz f\u00fcr Badarmaturen in gl\u00e4nzender Qualit\u00e4t: Als Hersteller von Metallkomponenten im Sanit\u00e4rbereich unterst\u00fctzen wir Marken, die f\u00fcr ein exklusives Lebensgef\u00fchl stehen.<\/h1>\t\t\t\t<\/div>\n\t\t\t\t<\/div>\n\t\t\t\t<div class=\"elementor-element elementor-element-3392e17 elementor-widget elementor-widget-text-editor\" data-id=\"3392e17\" data-element_type=\"widget\" data-e-type=\"widget\" data-widget_type=\"text-editor.default\">\n\t\t\t\t<div class=\"elementor-widget-container\">\n\t\t\t\t\t\t\t\t\t<p>In kaum einem anderen Bereich treffen technische Funktion, anspruchsvolles Design und extreme Umgebungsbedingungen so unmittelbar aufeinander wie in der Sanit\u00e4r- und B\u00e4derindustrie. Hochwertige Badarmaturen, Duschsysteme und WC-Bet\u00e4tigungsplatten m\u00fcssen dauerhaft funktionieren und dabei in Sachen Stil und Design rundum \u00fcberzeugen \u2013 Tag f\u00fcr Tag, \u00fcber viele Jahre hinweg, unter Einfluss von Feuchtigkeit, Reinigungsmitteln, Temperaturwechseln und st\u00e4ndiger Nutzung. HDO ist Ihr erfahrener Partner f\u00fcr die Fertigung genau solcher anspruchsvollen Bauteile. Wir bieten eine einzigartige Kombination aus Druckguss-Kompetenz, Oberfl\u00e4chenveredelung und Fertigungsexpertise \u2013 ideal abgestimmt auf die spezifischen Anforderungen der Sanit\u00e4rbranche.<\/p><p><a href=\"https:\/\/hdo-gmbh.com\/de\/produkte-sanitaer\/\">Zu den Produkten &#8222;Sanit\u00e4r&#8220;<\/a><\/p>\t\t\t\t\t\t\t\t<\/div>\n\t\t\t\t<\/div>\n\t\t\t\t<\/div>\n\t\t\t\t<\/div>\n\t\t<div class=\"elementor-element elementor-element-17641dd e-flex e-con-boxed e-con e-parent\" data-id=\"17641dd\" data-element_type=\"container\" data-e-type=\"container\" id=\"sticky-section\" data-settings=\"{&quot;background_background&quot;:&quot;classic&quot;,&quot;jet_parallax_layout_list&quot;:[],&quot;sticky&quot;:&quot;top&quot;,&quot;sticky_offset&quot;:100,&quot;sticky_on&quot;:[&quot;desktop&quot;,&quot;tablet&quot;,&quot;mobile&quot;],&quot;sticky_effects_offset&quot;:0,&quot;sticky_anchor_link_offset&quot;:0}\">\n\t\t\t\t\t<div class=\"e-con-inner\">\n\t\t\t\t<div class=\"elementor-element elementor-element-576b4d6 elementor-icon-list--layout-inline elementor-tablet-align-center elementor-mobile-align-center elementor-align-center elementor-list-item-link-full_width elementor-widget elementor-widget-icon-list\" data-id=\"576b4d6\" data-element_type=\"widget\" data-e-type=\"widget\" data-widget_type=\"icon-list.default\">\n\t\t\t\t<div class=\"elementor-widget-container\">\n\t\t\t\t\t\t\t<ul class=\"elementor-icon-list-items elementor-inline-items\">\n\t\t\t\t\t\t\t<li class=\"elementor-icon-list-item elementor-inline-item\">\n\t\t\t\t\t\t\t\t\t\t\t<a href=\"#zinkdruckguss\">\n\n\t\t\t\t\t\t\t\t\t\t\t<span class=\"elementor-icon-list-text\">Zinkdruckguss<\/span>\n\t\t\t\t\t\t\t\t\t\t\t<\/a>\n\t\t\t\t\t\t\t\t\t<\/li>\n\t\t\t\t\t\t\t\t<li class=\"elementor-icon-list-item elementor-inline-item\">\n\t\t\t\t\t\t\t\t\t\t\t<a href=\"#oberflaechen\">\n\n\t\t\t\t\t\t\t\t\t\t\t<span class=\"elementor-icon-list-text\">Oberfl\u00e4chen<\/span>\n\t\t\t\t\t\t\t\t\t\t\t<\/a>\n\t\t\t\t\t\t\t\t\t<\/li>\n\t\t\t\t\t\t\t\t<li class=\"elementor-icon-list-item elementor-inline-item\">\n\t\t\t\t\t\t\t\t\t\t\t<a href=\"#loesungen\">\n\n\t\t\t\t\t\t\t\t\t\t\t<span class=\"elementor-icon-list-text\">L\u00f6sungen<\/span>\n\t\t\t\t\t\t\t\t\t\t\t<\/a>\n\t\t\t\t\t\t\t\t\t<\/li>\n\t\t\t\t\t\t\t\t<li class=\"elementor-icon-list-item elementor-inline-item\">\n\t\t\t\t\t\t\t\t\t\t\t<a href=\"#prozess\">\n\n\t\t\t\t\t\t\t\t\t\t\t<span class=\"elementor-icon-list-text\">Prozess<\/span>\n\t\t\t\t\t\t\t\t\t\t\t<\/a>\n\t\t\t\t\t\t\t\t\t<\/li>\n\t\t\t\t\t\t\t\t<li class=\"elementor-icon-list-item elementor-inline-item\">\n\t\t\t\t\t\t\t\t\t\t\t<a href=\"#nachhaltigkeit\">\n\n\t\t\t\t\t\t\t\t\t\t\t<span class=\"elementor-icon-list-text\">Nachhaltigkeit<\/span>\n\t\t\t\t\t\t\t\t\t\t\t<\/a>\n\t\t\t\t\t\t\t\t\t<\/li>\n\t\t\t\t\t\t<\/ul>\n\t\t\t\t\t\t<\/div>\n\t\t\t\t<\/div>\n\t\t\t\t\t<\/div>\n\t\t\t\t<\/div>\n\t\t<div class=\"elementor-element elementor-element-3f910c7 elementor-hidden-mobile e-flex e-con-boxed e-con e-parent\" data-id=\"3f910c7\" data-element_type=\"container\" data-e-type=\"container\" data-settings=\"{&quot;background_background&quot;:&quot;classic&quot;,&quot;jet_parallax_layout_list&quot;:[]}\">\n\t\t\t\t\t<div class=\"e-con-inner\">\n\t\t\t\t<div class=\"elementor-element elementor-element-9f8fda2 elementor-widget elementor-widget-spacer\" data-id=\"9f8fda2\" data-element_type=\"widget\" data-e-type=\"widget\" data-widget_type=\"spacer.default\">\n\t\t\t\t<div class=\"elementor-widget-container\">\n\t\t\t\t\t\t\t<div class=\"elementor-spacer\">\n\t\t\t<div class=\"elementor-spacer-inner\"><\/div>\n\t\t<\/div>\n\t\t\t\t\t\t<\/div>\n\t\t\t\t<\/div>\n\t\t\t\t\t<\/div>\n\t\t\t\t<\/div>\n\t\t<div class=\"elementor-element elementor-element-3ca729c e-con-full e-flex e-con e-parent\" data-id=\"3ca729c\" data-element_type=\"container\" data-e-type=\"container\" data-settings=\"{&quot;jet_parallax_layout_list&quot;:[]}\">\n\t\t<div class=\"elementor-element elementor-element-7a7b5a7 e-con-full e-flex e-con e-child\" data-id=\"7a7b5a7\" data-element_type=\"container\" data-e-type=\"container\" data-settings=\"{&quot;background_background&quot;:&quot;classic&quot;,&quot;jet_parallax_layout_list&quot;:[]}\">\n\t\t<div class=\"elementor-element elementor-element-02494c2 e-con-full e-flex e-con e-child\" data-id=\"02494c2\" data-element_type=\"container\" data-e-type=\"container\" data-settings=\"{&quot;jet_parallax_layout_list&quot;:[]}\">\n\t\t\t\t<div class=\"elementor-element elementor-element-63c18b7 elementor-widget__width-auto vertikale-schrift elementor-widget elementor-widget-heading\" data-id=\"63c18b7\" data-element_type=\"widget\" data-e-type=\"widget\" data-widget_type=\"heading.default\">\n\t\t\t\t<div class=\"elementor-widget-container\">\n\t\t\t\t\t<span class=\"elementor-heading-title elementor-size-default\"><a href=\"https:\/\/www.hansgrohe.de\/\" target=\"_blank\" rel=\"noopener\">\u00a9Hansgrohe SE, Schiltach, Deutschland<\/a><\/span>\t\t\t\t<\/div>\n\t\t\t\t<\/div>\n\t\t\t\t<\/div>\n\t\t\t\t<\/div>\n\t\t<div class=\"elementor-element elementor-element-d7ab6fa e-con-full elementor-hidden-mobile e-flex e-con e-child\" data-id=\"d7ab6fa\" data-element_type=\"container\" data-e-type=\"container\" data-settings=\"{&quot;background_background&quot;:&quot;classic&quot;,&quot;jet_parallax_layout_list&quot;:[]}\">\n\t\t\t\t<\/div>\n\t\t\t\t<\/div>\n\t\t<div class=\"elementor-element elementor-element-c8f923d e-con-full e-flex e-con e-parent\" data-id=\"c8f923d\" data-element_type=\"container\" data-e-type=\"container\" id=\"zinkdruckguss\" data-settings=\"{&quot;jet_parallax_layout_list&quot;:[],&quot;background_background&quot;:&quot;classic&quot;}\">\n\t\t<div class=\"elementor-element elementor-element-2c79195 e-con-full e-flex e-con e-child\" data-id=\"2c79195\" data-element_type=\"container\" data-e-type=\"container\" data-settings=\"{&quot;background_background&quot;:&quot;classic&quot;,&quot;jet_parallax_layout_list&quot;:[]}\">\n\t\t\t\t<div class=\"elementor-element elementor-element-d9d4b67 elementor-widget__width-auto heading-strich-hell elementor-widget elementor-widget-heading\" data-id=\"d9d4b67\" data-element_type=\"widget\" data-e-type=\"widget\" data-widget_type=\"heading.default\">\n\t\t\t\t<div class=\"elementor-widget-container\">\n\t\t\t\t\t<h2 class=\"elementor-heading-title elementor-size-default\">Zinkdruckguss \u2013 HDO setzt neue Standards f\u00fcr Badarmaturen  <\/h2>\t\t\t\t<\/div>\n\t\t\t\t<\/div>\n\t\t\t\t<div class=\"elementor-element elementor-element-318b155 elementor-widget elementor-widget-text-editor\" data-id=\"318b155\" data-element_type=\"widget\" data-e-type=\"widget\" data-widget_type=\"text-editor.default\">\n\t\t\t\t<div class=\"elementor-widget-container\">\n\t\t\t\t\t\t\t\t\t<p>Vor allem Zinkdruckguss hat sich im Sanit\u00e4rbereich l\u00e4ngst als Verfahren erster Wahl etabliert. Die Kombination aus hoher Formgenauigkeit, stabiler mechanischer Belastbarkeit und sehr guter Oberfl\u00e4chenqualit\u00e4t macht Zinkdruckguss ideal f\u00fcr Anwendungen im Badezimmer. HDO nutzt dieses Potenzial voll aus: Unsere Fertigungsprozesse sind darauf ausgelegt, exklusive Komponenten wie <strong>Griffe und Hebel f\u00fcr Armaturen<\/strong>, <strong>Geh\u00e4use und Rahmen f\u00fcr Duschsysteme<\/strong> oder <strong>Designelemente f\u00fcr WC-Bet\u00e4tigungsplatten<\/strong> in h\u00f6chster Pr\u00e4zision zu produzieren.<\/p><p>Dank unserer umfassenden Erfahrung in der Entwicklung und Konstruktion k\u00f6nnen wir bereits im Produktentstehungsprozess entscheidende Impulse setzen und die Bauteile unter Ber\u00fccksichtigung aller Folgeprozesse wie z.B. der Oberfl\u00e4chenveredelung optimal auf die gesamte Serienfertigung auslegen. So entstehen Gesamtl\u00f6sungen, die nicht nur funktional und wirtschaftlich sind, sondern sich auch perfekt in das hochwertige Design moderner B\u00e4der einf\u00fcgen.<\/p>\t\t\t\t\t\t\t\t<\/div>\n\t\t\t\t<\/div>\n\t\t\t\t<\/div>\n\t\t\t\t<\/div>\n\t\t<div class=\"elementor-element elementor-element-654dd88 e-con-full e-flex e-con e-parent\" data-id=\"654dd88\" data-element_type=\"container\" data-e-type=\"container\" data-settings=\"{&quot;jet_parallax_layout_list&quot;:[]}\">\n\t\t<div class=\"elementor-element elementor-element-ca3128b e-con-full e-flex e-con e-child\" data-id=\"ca3128b\" data-element_type=\"container\" data-e-type=\"container\" data-settings=\"{&quot;background_background&quot;:&quot;classic&quot;,&quot;jet_parallax_layout_list&quot;:[]}\">\n\t\t<div class=\"elementor-element elementor-element-57b8c2b e-con-full e-flex e-con e-child\" data-id=\"57b8c2b\" data-element_type=\"container\" data-e-type=\"container\" data-settings=\"{&quot;jet_parallax_layout_list&quot;:[]}\">\n\t\t\t\t<div class=\"elementor-element elementor-element-afc0dd2 elementor-widget__width-auto vertikale-schrift elementor-widget elementor-widget-heading\" data-id=\"afc0dd2\" data-element_type=\"widget\" data-e-type=\"widget\" data-widget_type=\"heading.default\">\n\t\t\t\t<div class=\"elementor-widget-container\">\n\t\t\t\t\t<span class=\"elementor-heading-title elementor-size-default\"><a href=\"https:\/\/www.hansgrohe.de\/\" target=\"_blank\" rel=\"noopener\">\u00a9Hansgrohe SE, Schiltach, Deutschland<\/a><\/span>\t\t\t\t<\/div>\n\t\t\t\t<\/div>\n\t\t\t\t<\/div>\n\t\t\t\t<\/div>\n\t\t\t\t<\/div>\n\t\t<div class=\"elementor-element elementor-element-8893571 e-con-full e-flex e-con e-parent\" data-id=\"8893571\" data-element_type=\"container\" data-e-type=\"container\" id=\"oberflaechen\" data-settings=\"{&quot;jet_parallax_layout_list&quot;:[],&quot;background_background&quot;:&quot;classic&quot;}\">\n\t\t<div class=\"elementor-element elementor-element-a1b33dd e-con-full e-flex e-con e-child\" data-id=\"a1b33dd\" data-element_type=\"container\" data-e-type=\"container\" data-settings=\"{&quot;background_background&quot;:&quot;classic&quot;,&quot;jet_parallax_layout_list&quot;:[]}\">\n\t\t\t\t<div class=\"elementor-element elementor-element-df7a97e elementor-widget__width-auto heading-strich-dunkel elementor-widget elementor-widget-heading\" data-id=\"df7a97e\" data-element_type=\"widget\" data-e-type=\"widget\" data-widget_type=\"heading.default\">\n\t\t\t\t<div class=\"elementor-widget-container\">\n\t\t\t\t\t<h2 class=\"elementor-heading-title elementor-size-default\">Hochwertige Oberfl\u00e4chen \u2013 Funktion trifft \u00c4sthetik <\/h2>\t\t\t\t<\/div>\n\t\t\t\t<\/div>\n\t\t\t\t<div class=\"elementor-element elementor-element-d1dbe07 elementor-widget elementor-widget-text-editor\" data-id=\"d1dbe07\" data-element_type=\"widget\" data-e-type=\"widget\" data-widget_type=\"text-editor.default\">\n\t\t\t\t<div class=\"elementor-widget-container\">\n\t\t\t\t\t\t\t\t\t<p>Ein herausragendes Merkmal der von HDO gefertigten Sanit\u00e4rbauteile ist die au\u00dfergew\u00f6hnliche Qualit\u00e4t der Oberfl\u00e4chenveredelung. Mit unserer vollautomatischen Druckguss-Galvanik und erg\u00e4nzenden Verfahren wie PVD, KTL, Nasslackierung oder Pulverbeschichtung bieten wir unseren Auftraggebern eine gro\u00dfe Auswahl an Verfahren, die h\u00f6chsten Anspr\u00fcchen an <strong>Glanz, Haptik und Best\u00e4ndigkeit<\/strong> gerecht werden.<\/p><p>Gerade im Bereich von Waschbecken, Badewanne und Dusche ist das von zentraler Bedeutung. Wo Wasser spritzt und die Luftfeuchtigkeit schnell steigt, wo Metallkomponenten tagt\u00e4glich Temperaturschwankungen, chemischen Reinigern und mechanischer Beanspruchung ausgesetzt sind, sind langlebige Oberfl\u00e4chen unverzichtbar. Unsere Beschichtungen sorgen daf\u00fcr, dass die Produkte \u00fcber viele Jahre hinweg <strong>korrosionsgesch\u00fctzt<\/strong>, <strong>farbecht<\/strong> und <strong>kratzfest<\/strong> bleiben, bei gleichzeitig brillanter, dekorativer Optik. Hochglanzchrom, matte Farbt\u00f6ne, geb\u00fcrstete Metalleffekte oder dunkle Designvarianten wie\u00a0<strong>Dark Chrome<\/strong> realisieren wir in unserem Haus ebenso wie kundenindividuelle Sonderfarben nach Designvorgaben.<\/p>\t\t\t\t\t\t\t\t<\/div>\n\t\t\t\t<\/div>\n\t\t\t\t<\/div>\n\t\t\t\t<\/div>\n\t\t<div class=\"elementor-element elementor-element-b62e3ef e-con-full e-flex e-con e-parent\" data-id=\"b62e3ef\" data-element_type=\"container\" data-e-type=\"container\" data-settings=\"{&quot;jet_parallax_layout_list&quot;:[]}\">\n\t\t<div class=\"elementor-element elementor-element-70dde94 e-con-full e-flex e-con e-child\" data-id=\"70dde94\" data-element_type=\"container\" data-e-type=\"container\" data-settings=\"{&quot;background_background&quot;:&quot;classic&quot;,&quot;jet_parallax_layout_list&quot;:[]}\">\n\t\t\t\t<\/div>\n\t\t\t\t<\/div>\n\t\t<div class=\"elementor-element elementor-element-ed79c35 e-con-full e-flex e-con e-parent\" data-id=\"ed79c35\" data-element_type=\"container\" data-e-type=\"container\" id=\"loesungen\" data-settings=\"{&quot;jet_parallax_layout_list&quot;:[],&quot;background_background&quot;:&quot;classic&quot;}\">\n\t\t<div class=\"elementor-element elementor-element-18a88cc e-con-full e-flex e-con e-child\" data-id=\"18a88cc\" data-element_type=\"container\" data-e-type=\"container\" data-settings=\"{&quot;background_background&quot;:&quot;classic&quot;,&quot;jet_parallax_layout_list&quot;:[]}\">\n\t\t\t\t<div class=\"elementor-element elementor-element-156993c elementor-widget__width-auto heading-strich-hell elementor-widget elementor-widget-heading\" data-id=\"156993c\" data-element_type=\"widget\" data-e-type=\"widget\" data-widget_type=\"heading.default\">\n\t\t\t\t<div class=\"elementor-widget-container\">\n\t\t\t\t\t<h2 class=\"elementor-heading-title elementor-size-default\">Designorientierte L\u00f6sungen f\u00fcr anspruchsvolle Marken <\/h2>\t\t\t\t<\/div>\n\t\t\t\t<\/div>\n\t\t\t\t<div class=\"elementor-element elementor-element-23f4ac5 elementor-widget elementor-widget-text-editor\" data-id=\"23f4ac5\" data-element_type=\"widget\" data-e-type=\"widget\" data-widget_type=\"text-editor.default\">\n\t\t\t\t<div class=\"elementor-widget-container\">\n\t\t\t\t\t\t\t\t\t<p>Als Partner vieler f\u00fchrender Marken in der Bad- und Sanit\u00e4rindustrie wissen wir, dass Design heute nicht mehr nur ein \u00e4sthetisches Merkmal ist \u2013 es ist ein zentrales Unterscheidungsmerkmal im Markt. Verbraucher erwarten mehr und mehr hochwertige, formsch\u00f6ne Produkte, die sich nahtlos in individuelle Badkonzepte einf\u00fcgen. HDO unterst\u00fctzt Armaturenhersteller dabei, Erwartungen an Form, Farbe und Funktion zugleich zu erf\u00fcllen.<\/p><p>Mit unserer Kombination aus technischer Entwicklungsunterst\u00fctzung, modernen Fertigungsanlagen und erstklassiger Veredelungstechnologie bieten wir L\u00f6sungen, die auch h\u00f6chsten gestalterischen Anspr\u00fcchen gerecht werden. Unsere Bauteile \u00fcberzeugen neben Funktionalit\u00e4t und Langlebigkeit auch durch ihre optische Wirkung und haptische Anmutung\u00a0\u2013 entscheidend f\u00fcr ein stimmiges Gesamtbild im Premiumbad.<\/p>\t\t\t\t\t\t\t\t<\/div>\n\t\t\t\t<\/div>\n\t\t\t\t<\/div>\n\t\t\t\t<\/div>\n\t\t<div class=\"elementor-element elementor-element-d2860fa e-con-full e-flex e-con e-parent\" data-id=\"d2860fa\" data-element_type=\"container\" data-e-type=\"container\" data-settings=\"{&quot;jet_parallax_layout_list&quot;:[]}\">\n\t\t<div class=\"elementor-element elementor-element-9f18873 e-con-full e-flex e-con e-child\" data-id=\"9f18873\" data-element_type=\"container\" data-e-type=\"container\" data-settings=\"{&quot;background_background&quot;:&quot;classic&quot;,&quot;jet_parallax_layout_list&quot;:[]}\">\n\t\t\t\t<\/div>\n\t\t<div class=\"elementor-element elementor-element-142264b e-con-full e-flex e-con e-child\" data-id=\"142264b\" data-element_type=\"container\" data-e-type=\"container\" data-settings=\"{&quot;background_background&quot;:&quot;classic&quot;,&quot;jet_parallax_layout_list&quot;:[]}\">\n\t\t\t\t<\/div>\n\t\t<div class=\"elementor-element elementor-element-8e53c20 e-con-full e-flex e-con e-child\" data-id=\"8e53c20\" data-element_type=\"container\" data-e-type=\"container\" data-settings=\"{&quot;background_background&quot;:&quot;classic&quot;,&quot;jet_parallax_layout_list&quot;:[]}\">\n\t\t<div class=\"elementor-element elementor-element-a4e4f8e e-con-full e-flex e-con e-child\" data-id=\"a4e4f8e\" data-element_type=\"container\" data-e-type=\"container\" data-settings=\"{&quot;jet_parallax_layout_list&quot;:[]}\">\n\t\t\t\t<div class=\"elementor-element elementor-element-988ccc2 elementor-widget__width-auto vertikale-schrift elementor-widget elementor-widget-heading\" data-id=\"988ccc2\" data-element_type=\"widget\" data-e-type=\"widget\" data-widget_type=\"heading.default\">\n\t\t\t\t<div class=\"elementor-widget-container\">\n\t\t\t\t\t<span class=\"elementor-heading-title elementor-size-default\"><a href=\"https:\/\/www.hansgrohe.de\/\" target=\"_blank\" rel=\"noopener\">\u00a9Hansgrohe SE, Schiltach, Deutschland<\/a><\/span>\t\t\t\t<\/div>\n\t\t\t\t<\/div>\n\t\t\t\t<\/div>\n\t\t\t\t<\/div>\n\t\t\t\t<\/div>\n\t\t<div class=\"elementor-element elementor-element-9b2b8c2 e-con-full e-flex e-con e-parent\" data-id=\"9b2b8c2\" data-element_type=\"container\" data-e-type=\"container\" id=\"prozess\" data-settings=\"{&quot;jet_parallax_layout_list&quot;:[]}\">\n\t\t<div class=\"elementor-element elementor-element-223c4a9 e-con-full e-flex e-con e-child\" data-id=\"223c4a9\" data-element_type=\"container\" data-e-type=\"container\" data-settings=\"{&quot;background_background&quot;:&quot;classic&quot;,&quot;jet_parallax_layout_list&quot;:[]}\">\n\t\t<div class=\"elementor-element elementor-element-3a8162f e-con-full e-flex e-con e-child\" data-id=\"3a8162f\" data-element_type=\"container\" data-e-type=\"container\" data-settings=\"{&quot;jet_parallax_layout_list&quot;:[],&quot;background_background&quot;:&quot;classic&quot;}\">\n\t\t<div class=\"elementor-element elementor-element-f3123b5 e-con-full e-flex e-con e-child\" data-id=\"f3123b5\" data-element_type=\"container\" data-e-type=\"container\" data-settings=\"{&quot;background_background&quot;:&quot;classic&quot;,&quot;jet_parallax_layout_list&quot;:[]}\">\n\t\t\t\t<div class=\"elementor-element elementor-element-220ea9d elementor-widget__width-auto heading-strich-dunkel elementor-widget elementor-widget-heading\" data-id=\"220ea9d\" data-element_type=\"widget\" data-e-type=\"widget\" data-widget_type=\"heading.default\">\n\t\t\t\t<div class=\"elementor-widget-container\">\n\t\t\t\t\t<h2 class=\"elementor-heading-title elementor-size-default\">Prozesssicherheit und Serienkompetenz <\/h2>\t\t\t\t<\/div>\n\t\t\t\t<\/div>\n\t\t\t\t<div class=\"elementor-element elementor-element-42802b2 elementor-widget elementor-widget-text-editor\" data-id=\"42802b2\" data-element_type=\"widget\" data-e-type=\"widget\" data-widget_type=\"text-editor.default\">\n\t\t\t\t<div class=\"elementor-widget-container\">\n\t\t\t\t\t\t\t\t\t<p>Gerade im Seriengesch\u00e4ft kommt es auf maximale Prozessstabilit\u00e4t und Wiederholgenauigkeit an. HDO fertigt Sanit\u00e4rkomponenten auf automatisierten Druckgussanlagen mit durchg\u00e4ngig zertifizierten Prozessen. Modernste Messtechnik und systematische Qualit\u00e4tskontrolle sichern ein konstant hohes Qualit\u00e4tsniveau \u2013 auch bei gro\u00dfen St\u00fcckzahlen und langfristig laufenden Projekten.<\/p><p>Unsere interne Entwicklungsabteilung stellt kurze Entwicklungszeiten und eine pr\u00e4zise Abstimmung auf kundenspezifische Anforderungen sicher. Damit schaffen wir die Grundlage f\u00fcr langlebige und wirtschaftliche Serienl\u00f6sungen \u2013 ob f\u00fcr gr\u00f6\u00dfere Bauteilserien oder kleinere Produktlinien im Premiumsegment.<\/p>\t\t\t\t\t\t\t\t<\/div>\n\t\t\t\t<\/div>\n\t\t\t\t<\/div>\n\t\t\t\t<\/div>\n\t\t\t\t<\/div>\n\t\t\t\t<\/div>\n\t\t<div class=\"elementor-element elementor-element-868aa76 e-con-full e-flex e-con e-parent\" data-id=\"868aa76\" data-element_type=\"container\" data-e-type=\"container\" id=\"nachhaltigkeit\" data-settings=\"{&quot;jet_parallax_layout_list&quot;:[]}\">\n\t\t<div class=\"elementor-element elementor-element-c8358f7 e-con-full e-flex e-con e-child\" data-id=\"c8358f7\" data-element_type=\"container\" data-e-type=\"container\" data-settings=\"{&quot;background_background&quot;:&quot;classic&quot;,&quot;jet_parallax_layout_list&quot;:[]}\">\n\t\t\t\t<div class=\"elementor-element elementor-element-c5c00fa elementor-widget__width-auto heading-strich-dunkel elementor-widget elementor-widget-heading\" data-id=\"c5c00fa\" data-element_type=\"widget\" data-e-type=\"widget\" data-widget_type=\"heading.default\">\n\t\t\t\t<div class=\"elementor-widget-container\">\n\t\t\t\t\t<h2 class=\"elementor-heading-title elementor-size-default\">HDO \u2013 Badarmaturen mit Nachhaltigkeit und Verantwortung <\/h2>\t\t\t\t<\/div>\n\t\t\t\t<\/div>\n\t\t\t\t<div class=\"elementor-element elementor-element-ea46e7c elementor-widget elementor-widget-text-editor\" data-id=\"ea46e7c\" data-element_type=\"widget\" data-e-type=\"widget\" data-widget_type=\"text-editor.default\">\n\t\t\t\t<div class=\"elementor-widget-container\">\n\t\t\t\t\t\t\t\t\t<p>Auch im Sanit\u00e4rbereich spielt Nachhaltigkeit eine immer wichtigere Rolle \u2013 sowohl f\u00fcr Endkunden als auch f\u00fcr Hersteller. HDO begegnet dieser Entwicklung mit umweltfreundlichen, ressourcenschonenden Produktionsverfahren. Unsere galvanischen Prozesse erfolgen ohne organische L\u00f6semittel, diffusionsdicht, geruchsneutral und ohne Overspray. Das reduziert Emissionen, sch\u00fctzt die Umwelt und unterst\u00fctzt Ihr Unternehmen bei der Einhaltung von immer strenger werdenden, gesetzlichen Nachhaltigkeitsvorschriften. Dar\u00fcber hinaus sind unsere Druckgussbauteile vollst\u00e4ndig recyclingf\u00e4hig, wodurch sie einen aktiven Beitrag zur Kreislaufwirtschaft leisten.<\/p><p>Sie sehen: HDO denkt Druckguss und Oberfl\u00e4chenveredelung ganzheitlich. Wenn Sie selbst erleben m\u00f6chten, was das auch f\u00fcr unseren Anspruch an exzellenten Kundenservice bedeutet, <a href=\"https:\/\/hdo-gmbh.com\/de\/kontakthdo\/\" target=\"_blank\" rel=\"noopener\">kontaktieren Sie uns am besten jetzt direkt!<\/a><\/p>\t\t\t\t\t\t\t\t<\/div>\n\t\t\t\t<\/div>\n\t\t\t\t<\/div>\n\t\t\t\t<\/div>\n\t\t\t\t<\/div>\n\t\t","protected":false},"excerpt":{"rendered":"<p>Druckguss f\u00fcr Badarmaturen Druckgusskompetenz f\u00fcr Badarmaturen in gl\u00e4nzender Qualit\u00e4t: Als Hersteller von Metallkomponenten im Sanit\u00e4rbereich unterst\u00fctzen wir Marken, die f\u00fcr ein exklusives Lebensgef\u00fchl stehen. In kaum einem anderen Bereich treffen technische Funktion, anspruchsvolles Design und extreme Umgebungsbedingungen so unmittelbar aufeinander wie in der Sanit\u00e4r- und B\u00e4derindustrie. Hochwertige Badarmaturen, Duschsysteme und WC-Bet\u00e4tigungsplatten m\u00fcssen dauerhaft funktionieren und [&hellip;]<\/p>\n","protected":false},"author":17,"featured_media":0,"parent":0,"menu_order":0,"comment_status":"closed","ping_status":"closed","template":"elementor_header_footer","meta":{"footnotes":""},"template-eng":[],"class_list":["post-12285","page","type-page","status-publish","hentry"],"_links":{"self":[{"href":"https:\/\/hdo-gmbh.com\/de\/wp-json\/wp\/v2\/pages\/12285","targetHints":{"allow":["GET"]}}],"collection":[{"href":"https:\/\/hdo-gmbh.com\/de\/wp-json\/wp\/v2\/pages"}],"about":[{"href":"https:\/\/hdo-gmbh.com\/de\/wp-json\/wp\/v2\/types\/page"}],"author":[{"embeddable":true,"href":"https:\/\/hdo-gmbh.com\/de\/wp-json\/wp\/v2\/users\/17"}],"replies":[{"embeddable":true,"href":"https:\/\/hdo-gmbh.com\/de\/wp-json\/wp\/v2\/comments?post=12285"}],"version-history":[{"count":0,"href":"https:\/\/hdo-gmbh.com\/de\/wp-json\/wp\/v2\/pages\/12285\/revisions"}],"wp:attachment":[{"href":"https:\/\/hdo-gmbh.com\/de\/wp-json\/wp\/v2\/media?parent=12285"}],"wp:term":[{"taxonomy":"template-eng","embeddable":true,"href":"https:\/\/hdo-gmbh.com\/de\/wp-json\/wp\/v2\/template-eng?post=12285"}],"curies":[{"name":"wp","href":"https:\/\/api.w.org\/{rel}","templated":true}]}}