{"id":12347,"date":"2025-07-01T17:10:07","date_gmt":"2025-07-01T15:10:07","guid":{"rendered":"https:\/\/hdo-gmbh.com\/elementor\/?page_id=12347"},"modified":"2026-01-12T09:06:15","modified_gmt":"2026-01-12T08:06:15","slug":"galvanotechnik","status":"publish","type":"page","link":"https:\/\/hdo-gmbh.com\/de\/galvanotechnik\/","title":{"rendered":"Galvanotechnik"},"content":{"rendered":"\t\t<div data-elementor-type=\"wp-page\" data-elementor-id=\"12347\" class=\"elementor elementor-12347\" data-elementor-post-type=\"page\">\n\t\t\t\t<div class=\"elementor-element elementor-element-b19a85a e-con-full e-flex e-con e-parent\" data-id=\"b19a85a\" data-element_type=\"container\" data-e-type=\"container\" data-settings=\"{&quot;jet_parallax_layout_list&quot;:[]}\">\n\t\t<div class=\"elementor-element elementor-element-e513310 e-con-full e-flex e-con e-child\" data-id=\"e513310\" data-element_type=\"container\" data-e-type=\"container\" data-settings=\"{&quot;background_background&quot;:&quot;classic&quot;,&quot;jet_parallax_layout_list&quot;:[]}\">\n\t\t\t\t<div class=\"elementor-element elementor-element-ae6be16 elementor-widget__width-auto heading-strich-dunkel elementor-widget elementor-widget-heading\" data-id=\"ae6be16\" data-element_type=\"widget\" data-e-type=\"widget\" data-widget_type=\"heading.default\">\n\t\t\t\t<div class=\"elementor-widget-container\">\n\t\t\t\t\t<h2 class=\"elementor-heading-title elementor-size-default\">Galvano&shy;technik <\/h2>\t\t\t\t<\/div>\n\t\t\t\t<\/div>\n\t\t\t\t<div class=\"elementor-element elementor-element-42a7b21 elementor-widget__width-auto elementor-widget elementor-widget-heading\" data-id=\"42a7b21\" data-element_type=\"widget\" data-e-type=\"widget\" data-widget_type=\"heading.default\">\n\t\t\t\t<div class=\"elementor-widget-container\">\n\t\t\t\t\t<h1 class=\"elementor-heading-title elementor-size-default\">Profitieren Sie jetzt von der ganzen Erfahrung und Expertise, die HDO Ihrem Unternehmen im Bereich der Galvanotechnik bietet! <\/h1>\t\t\t\t<\/div>\n\t\t\t\t<\/div>\n\t\t\t\t<div class=\"elementor-element elementor-element-3392e17 elementor-widget elementor-widget-text-editor\" data-id=\"3392e17\" data-element_type=\"widget\" data-e-type=\"widget\" data-widget_type=\"text-editor.default\">\n\t\t\t\t<div class=\"elementor-widget-container\">\n\t\t\t\t\t\t\t\t\t<p>Als Spezialist f\u00fcr hochwertige Oberfl\u00e4chenveredelung von Druckgussteilen steht HDO europaweit an der Spitze der Galvanotechnik. Wir bieten unseren Auftraggebern Beschichtung\u00a0 auf h\u00f6chstem Niveau und ma\u00dfgeschneiderte L\u00f6sungen f\u00fcr unterschiedlichste Branchenanforderungen. Mit der gr\u00f6\u00dften vollautomatischen Zinkdruckguss-Galvanik Europas und einem eigenen Entwicklungsgalvanik \u00a0\u2013 dem HDO Technikum \u2013 realisieren wir ein einzigartig breites Spektrum an galvanisch erzeugten Farbt\u00f6nen und Spezialbeschichtungen. Unsere Kompetenz gr\u00fcndet dabei, neben der Prozessexpertise und langer Erfahrung, auch auf unserem Anspruch zur permanenten Weiterentwicklung, auf unserem Designverst\u00e4ndnis und auf der Leidenschaft, jedem Produkt den perfekten Glanz zu verleihen.<\/p>\t\t\t\t\t\t\t\t<\/div>\n\t\t\t\t<\/div>\n\t\t\t\t<\/div>\n\t\t\t\t<\/div>\n\t\t<div class=\"elementor-element elementor-element-17641dd e-flex e-con-boxed e-con e-parent\" data-id=\"17641dd\" data-element_type=\"container\" data-e-type=\"container\" data-settings=\"{&quot;background_background&quot;:&quot;classic&quot;,&quot;jet_parallax_layout_list&quot;:[],&quot;sticky&quot;:&quot;top&quot;,&quot;sticky_offset&quot;:100,&quot;sticky_on&quot;:[&quot;desktop&quot;,&quot;tablet&quot;,&quot;mobile&quot;],&quot;sticky_effects_offset&quot;:0,&quot;sticky_anchor_link_offset&quot;:0}\">\n\t\t\t\t\t<div class=\"e-con-inner\">\n\t\t\t\t<div class=\"elementor-element elementor-element-576b4d6 elementor-icon-list--layout-inline elementor-tablet-align-center elementor-mobile-align-center elementor-align-center elementor-list-item-link-full_width elementor-widget elementor-widget-icon-list\" data-id=\"576b4d6\" data-element_type=\"widget\" data-e-type=\"widget\" data-widget_type=\"icon-list.default\">\n\t\t\t\t<div class=\"elementor-widget-container\">\n\t\t\t\t\t\t\t<ul class=\"elementor-icon-list-items elementor-inline-items\">\n\t\t\t\t\t\t\t<li class=\"elementor-icon-list-item elementor-inline-item\">\n\t\t\t\t\t\t\t\t\t\t\t<a href=\"#galvanotechnik\">\n\n\t\t\t\t\t\t\t\t\t\t\t<span class=\"elementor-icon-list-text\">Galvanotechnik<\/span>\n\t\t\t\t\t\t\t\t\t\t\t<\/a>\n\t\t\t\t\t\t\t\t\t<\/li>\n\t\t\t\t\t\t\t\t<li class=\"elementor-icon-list-item elementor-inline-item\">\n\t\t\t\t\t\t\t\t\t\t\t<a href=\"#oberflaechen\">\n\n\t\t\t\t\t\t\t\t\t\t\t<span class=\"elementor-icon-list-text\">Oberfl\u00e4chen<\/span>\n\t\t\t\t\t\t\t\t\t\t\t<\/a>\n\t\t\t\t\t\t\t\t\t<\/li>\n\t\t\t\t\t\t\t\t<li class=\"elementor-icon-list-item elementor-inline-item\">\n\t\t\t\t\t\t\t\t\t\t\t<a href=\"#farbtoene\">\n\n\t\t\t\t\t\t\t\t\t\t\t<span class=\"elementor-icon-list-text\">Farbt\u00f6ne<\/span>\n\t\t\t\t\t\t\t\t\t\t\t<\/a>\n\t\t\t\t\t\t\t\t\t<\/li>\n\t\t\t\t\t\t\t\t<li class=\"elementor-icon-list-item elementor-inline-item\">\n\t\t\t\t\t\t\t\t\t\t\t<a href=\"#veredelung\">\n\n\t\t\t\t\t\t\t\t\t\t\t<span class=\"elementor-icon-list-text\">Veredelung<\/span>\n\t\t\t\t\t\t\t\t\t\t\t<\/a>\n\t\t\t\t\t\t\t\t\t<\/li>\n\t\t\t\t\t\t<\/ul>\n\t\t\t\t\t\t<\/div>\n\t\t\t\t<\/div>\n\t\t\t\t\t<\/div>\n\t\t\t\t<\/div>\n\t\t<div class=\"elementor-element elementor-element-3f910c7 elementor-hidden-mobile e-flex e-con-boxed e-con e-parent\" data-id=\"3f910c7\" data-element_type=\"container\" data-e-type=\"container\" data-settings=\"{&quot;background_background&quot;:&quot;classic&quot;,&quot;jet_parallax_layout_list&quot;:[]}\">\n\t\t\t\t\t<div class=\"e-con-inner\">\n\t\t\t\t<div class=\"elementor-element elementor-element-9f8fda2 elementor-widget elementor-widget-spacer\" data-id=\"9f8fda2\" data-element_type=\"widget\" data-e-type=\"widget\" data-widget_type=\"spacer.default\">\n\t\t\t\t<div class=\"elementor-widget-container\">\n\t\t\t\t\t\t\t<div class=\"elementor-spacer\">\n\t\t\t<div class=\"elementor-spacer-inner\"><\/div>\n\t\t<\/div>\n\t\t\t\t\t\t<\/div>\n\t\t\t\t<\/div>\n\t\t\t\t\t<\/div>\n\t\t\t\t<\/div>\n\t\t<div class=\"elementor-element elementor-element-3ca729c e-con-full e-flex e-con e-parent\" data-id=\"3ca729c\" data-element_type=\"container\" data-e-type=\"container\" data-settings=\"{&quot;jet_parallax_layout_list&quot;:[]}\">\n\t\t<div class=\"elementor-element elementor-element-7a7b5a7 e-con-full e-flex e-con e-child\" data-id=\"7a7b5a7\" data-element_type=\"container\" data-e-type=\"container\" data-settings=\"{&quot;background_background&quot;:&quot;classic&quot;,&quot;jet_parallax_layout_list&quot;:[]}\">\n\t\t\t\t<\/div>\n\t\t<div class=\"elementor-element elementor-element-d7ab6fa e-con-full elementor-hidden-mobile e-flex e-con e-child\" data-id=\"d7ab6fa\" data-element_type=\"container\" data-e-type=\"container\" data-settings=\"{&quot;background_background&quot;:&quot;classic&quot;,&quot;jet_parallax_layout_list&quot;:[]}\">\n\t\t\t\t<\/div>\n\t\t\t\t<\/div>\n\t\t<div class=\"elementor-element elementor-element-8893571 e-con-full e-flex e-con e-parent\" data-id=\"8893571\" data-element_type=\"container\" data-e-type=\"container\" id=\"galvanotechnik\" data-settings=\"{&quot;jet_parallax_layout_list&quot;:[],&quot;background_background&quot;:&quot;classic&quot;}\">\n\t\t<div class=\"elementor-element elementor-element-a1b33dd e-con-full e-flex e-con e-child\" data-id=\"a1b33dd\" data-element_type=\"container\" data-e-type=\"container\" data-settings=\"{&quot;background_background&quot;:&quot;classic&quot;,&quot;jet_parallax_layout_list&quot;:[]}\">\n\t\t\t\t<div class=\"elementor-element elementor-element-df7a97e elementor-widget__width-auto heading-strich-dunkel elementor-widget elementor-widget-heading\" data-id=\"df7a97e\" data-element_type=\"widget\" data-e-type=\"widget\" data-widget_type=\"heading.default\">\n\t\t\t\t<div class=\"elementor-widget-container\">\n\t\t\t\t\t<h2 class=\"elementor-heading-title elementor-size-default\">F\u00fchrend in der Galvanotechnik   \u2013 Industrielle Qualit\u00e4t, kontinuierlich weiterentwickelt <\/h2>\t\t\t\t<\/div>\n\t\t\t\t<\/div>\n\t\t\t\t<div class=\"elementor-element elementor-element-d1dbe07 elementor-widget elementor-widget-text-editor\" data-id=\"d1dbe07\" data-element_type=\"widget\" data-e-type=\"widget\" data-widget_type=\"text-editor.default\">\n\t\t\t\t<div class=\"elementor-widget-container\">\n\t\t\t\t\t\t\t\t\t<p>HDO setzt seit Jahren Ma\u00dfst\u00e4be in der galvanischen Oberfl\u00e4chenveredelung von Metallbauteilen. Mit einer vollautomatischen Produktionsanlage f\u00fcr Zinkdruckguss-Komponenten und weitere Werkstoffe wie z.B. Messing, Stahl und Edelstahl, die in ihrer Dimension und Leistungsf\u00e4higkeit europaweit einzigartig ist, gew\u00e4hrleisten wir Produktqualit\u00e4t, Prozesssicherheit, Wiederholgenauigkeit und Skalierbarkeit auf h\u00f6chstem Niveau \u2013 vom kleinen Serienlos bis zur industriellen Gro\u00dfserie. Die intelligente Verbindung von\u00a0<strong>Funktion und \u00c4sthetik\u00a0<\/strong>bedingt dabei eine au\u00dfergew\u00f6hnliche Freiheit im Produktdesign. So entwickeln wir in enger Zusammenarbeit mit unseren Kunden Oberfl\u00e4chen, die technische Anforderungen wie Korrosionsschutz, mechanische Belastbarkeit, Abriebbest\u00e4ndigkeit sowie Lebensmittelechtheit ebenso erf\u00fcllen wie gestalterische Anspr\u00fcche an Glanz, Haptik und Farbwirkung.<\/p>\t\t\t\t\t\t\t\t<\/div>\n\t\t\t\t<\/div>\n\t\t\t\t<\/div>\n\t\t\t\t<\/div>\n\t\t<div class=\"elementor-element elementor-element-8f8e047 e-con-full e-flex e-con e-parent\" data-id=\"8f8e047\" data-element_type=\"container\" data-e-type=\"container\" id=\"oberflaechen\" data-settings=\"{&quot;jet_parallax_layout_list&quot;:[],&quot;background_background&quot;:&quot;classic&quot;}\">\n\t\t<div class=\"elementor-element elementor-element-022d7bc e-con-full e-flex e-con e-child\" data-id=\"022d7bc\" data-element_type=\"container\" data-e-type=\"container\" data-settings=\"{&quot;background_background&quot;:&quot;classic&quot;,&quot;jet_parallax_layout_list&quot;:[]}\">\n\t\t\t\t<div class=\"elementor-element elementor-element-ce83788 elementor-widget__width-auto heading-strich-dunkel elementor-widget elementor-widget-heading\" data-id=\"ce83788\" data-element_type=\"widget\" data-e-type=\"widget\" data-widget_type=\"heading.default\">\n\t\t\t\t<div class=\"elementor-widget-container\">\n\t\t\t\t\t<h2 class=\"elementor-heading-title elementor-size-default\">HDO \u2013 Ihre Experten f\u00fcr galvanische Oberfl\u00e4chen nach Ma\u00df <\/h2>\t\t\t\t<\/div>\n\t\t\t\t<\/div>\n\t\t\t\t<div class=\"elementor-element elementor-element-385b77e elementor-widget elementor-widget-text-editor\" data-id=\"385b77e\" data-element_type=\"widget\" data-e-type=\"widget\" data-widget_type=\"text-editor.default\">\n\t\t\t\t<div class=\"elementor-widget-container\">\n\t\t\t\t\t\t\t\t\t<p>Die galvanische Beschichtung bei HDO ist weit mehr als ein Standardverfahren. Sie ist das Ergebnis jahrzehntelanger Erfahrung, modernster Oberfl\u00e4chentechnik und kundenspezifischer Entwicklungsarbeit. Unser Portfolio umfasst eine breite Palette an galvanisch erzeugten Oberfl\u00e4chen \u2013 von der klassischen hochgl\u00e4nzenden Chromoberfl\u00e4che bis hin zu spezialisierten Farbt\u00f6nen:<\/p><ul><li><strong>Dekoratives und technisches Verchromen, Vernickeln, Verkupfern<\/strong><\/li><li><strong>Perlglanzchrom in verschiedensten Glanzvarianten<\/strong><\/li><li><strong>Galvanik-Farbt\u00f6ne nach spezifischen Kundenangaben<\/strong>, z.\u202fB. 3Q7, Satin Chrome, Silvershadow, Alulook und Galvanosilber<\/li><li><strong>Alle Farbt\u00f6ne auch als dunkle Chromvariante<span style=\"text-decoration: line-through;\">n<\/span><\/strong> wie Dark Chrome, Eclipse, Twilite und Starlite<\/li><li><strong>Mikrorissige oder mikroporige Chromoberfl\u00e4chen<\/strong> zur Erh\u00f6hung des Korrosionsschutzes auf allen Farbt\u00f6nen m\u00f6glich<\/li><\/ul><p><strong>\u00a0<\/strong><\/p><p>Alle Chromoberfl\u00e4chen bieten wir sowohl aus dem Chrom VI- als auch dem Chrom III-Verfahren an. F\u00fcr das Chrom VI-Verfahren besitzen wir eine langfristige Autorisierung unter REACH, was unseren Kunden aus den unterschiedlichsten Branchen wie z.B. der Automobil- und Sanit\u00e4rindustrie einen deutlichen Vorteil in Sachen Planungssicherheit bietet. Dar\u00fcber hinaus kommen wir dem Wunsch vieler Kunden nach einer Chrom VI-freien Verchromung nach und bieten Beschichtungen aus Chrom III in allen Farbt\u00f6nen an.<\/p><p>Diese Vielfalt macht uns zum Partner f\u00fcr viele verschiedene Branchen, insbesondere dort, wo Funktion und Design untrennbar verbunden sind \u2013 z.\u202fB. in der\u00a0<a href=\"https:\/\/hdo-gmbh.com\/de\/branchen-automobilindustrie\/\"><strong>Automobilindustrie<\/strong><\/a>, bei <a href=\"https:\/\/hdo-gmbh.com\/de\/branchen-haushaltsgeraete\/\"><strong>Haushaltsger\u00e4ten<\/strong><\/a> sowie in der <strong><a href=\"https:\/\/hdo-gmbh.com\/de\/branchen-sanitaer\/\"><strong>Sanit\u00e4r<\/strong><\/a>&#8211; <\/strong>und <a href=\"https:\/\/hdo-gmbh.com\/de\/branchen-medizintechnik\/\"><strong>Medizintechnik<\/strong><\/a>.<\/p>\t\t\t\t\t\t\t\t<\/div>\n\t\t\t\t<\/div>\n\t\t\t\t<\/div>\n\t\t\t\t<\/div>\n\t\t<div class=\"elementor-element elementor-element-b62e3ef e-con-full e-flex e-con e-parent\" data-id=\"b62e3ef\" data-element_type=\"container\" data-e-type=\"container\" data-settings=\"{&quot;jet_parallax_layout_list&quot;:[]}\">\n\t\t<div class=\"elementor-element elementor-element-70dde94 e-con-full e-flex e-con e-child\" data-id=\"70dde94\" data-element_type=\"container\" data-e-type=\"container\" data-settings=\"{&quot;background_background&quot;:&quot;classic&quot;,&quot;jet_parallax_layout_list&quot;:[]}\">\n\t\t\t\t<\/div>\n\t\t\t\t<\/div>\n\t\t<div class=\"elementor-element elementor-element-ed79c35 e-con-full e-flex e-con e-parent\" data-id=\"ed79c35\" data-element_type=\"container\" data-e-type=\"container\" id=\"farbtoene\" data-settings=\"{&quot;jet_parallax_layout_list&quot;:[],&quot;background_background&quot;:&quot;classic&quot;}\">\n\t\t<div class=\"elementor-element elementor-element-18a88cc e-con-full e-flex e-con e-child\" data-id=\"18a88cc\" data-element_type=\"container\" data-e-type=\"container\" data-settings=\"{&quot;background_background&quot;:&quot;classic&quot;,&quot;jet_parallax_layout_list&quot;:[]}\">\n\t\t\t\t<div class=\"elementor-element elementor-element-156993c elementor-widget__width-auto heading-strich-hell elementor-widget elementor-widget-heading\" data-id=\"156993c\" data-element_type=\"widget\" data-e-type=\"widget\" data-widget_type=\"heading.default\">\n\t\t\t\t<div class=\"elementor-widget-container\">\n\t\t\t\t\t<h2 class=\"elementor-heading-title elementor-size-default\">Brillanz und Individualit\u00e4t \u2013    Individuelle Farbt\u00f6ne aus dem HDO Technikum <\/h2>\t\t\t\t<\/div>\n\t\t\t\t<\/div>\n\t\t\t\t<div class=\"elementor-element elementor-element-23f4ac5 elementor-widget elementor-widget-text-editor\" data-id=\"23f4ac5\" data-element_type=\"widget\" data-e-type=\"widget\" data-widget_type=\"text-editor.default\">\n\t\t\t\t<div class=\"elementor-widget-container\">\n\t\t\t\t\t\t\t\t\t<p>Im firmeneigenen <strong>HDO<\/strong> <strong>Technikum<\/strong> arbeiten unsere Galvanik-Spezialisten kontinuierlich an neuen Farbt\u00f6nen und Beschichtungsvarianten \u2013 in enger Abstimmung mit Designern, technischen Entwicklern und Qualit\u00e4tsverantwortlichen auf Kundenseite. So entstehen markenpr\u00e4gende Oberfl\u00e4chen exakt im gew\u00fcnschten Farbton, die speziell auf das Produkt und den vorgesehenen Einsatzbereich zugeschnitten sind.<\/p><p>Beispiele wie <em>Dark Chrome<\/em> oder kundenspezifische T\u00f6ne nach Automobilstandards belegen die Kompetenz von HDO, technische Anforderungen mit markenspezifischer \u00c4sthetik zu verbinden. Ob gl\u00e4nzend, matt, metallisch oder farbig \u2013 jede Oberfl\u00e4che wird mit h\u00f6chster Sorgfalt entwickelt und gepr\u00fcft. Mit anderen Worten: Wir beschichten nicht nur \u2013 wir veredeln!<\/p>\t\t\t\t\t\t\t\t<\/div>\n\t\t\t\t<\/div>\n\t\t\t\t<\/div>\n\t\t\t\t<\/div>\n\t\t<div class=\"elementor-element elementor-element-6fc9643 e-con-full e-flex e-con e-parent\" data-id=\"6fc9643\" data-element_type=\"container\" data-e-type=\"container\" data-settings=\"{&quot;jet_parallax_layout_list&quot;:[]}\">\n\t\t<div class=\"elementor-element elementor-element-b573683 e-con-full e-flex e-con e-child\" data-id=\"b573683\" data-element_type=\"container\" data-e-type=\"container\" data-settings=\"{&quot;background_background&quot;:&quot;classic&quot;,&quot;jet_parallax_layout_list&quot;:[]}\">\n\t\t\t\t<\/div>\n\t\t<div class=\"elementor-element elementor-element-c53aea3 e-con-full elementor-hidden-mobile e-flex e-con e-child\" data-id=\"c53aea3\" data-element_type=\"container\" data-e-type=\"container\" data-settings=\"{&quot;background_background&quot;:&quot;classic&quot;,&quot;jet_parallax_layout_list&quot;:[]}\">\n\t\t\t\t<\/div>\n\t\t\t\t<\/div>\n\t\t<div class=\"elementor-element elementor-element-af13e72 e-con-full e-flex e-con e-parent\" data-id=\"af13e72\" data-element_type=\"container\" data-e-type=\"container\" id=\"veredelung\" data-settings=\"{&quot;jet_parallax_layout_list&quot;:[],&quot;background_background&quot;:&quot;classic&quot;}\">\n\t\t<div class=\"elementor-element elementor-element-7ae4243 e-con-full e-flex e-con e-child\" data-id=\"7ae4243\" data-element_type=\"container\" data-e-type=\"container\" data-settings=\"{&quot;background_background&quot;:&quot;classic&quot;,&quot;jet_parallax_layout_list&quot;:[]}\">\n\t\t\t\t<div class=\"elementor-element elementor-element-2368c1e elementor-widget__width-auto heading-strich-dunkel elementor-widget elementor-widget-heading\" data-id=\"2368c1e\" data-element_type=\"widget\" data-e-type=\"widget\" data-widget_type=\"heading.default\">\n\t\t\t\t<div class=\"elementor-widget-container\">\n\t\t\t\t\t<h2 class=\"elementor-heading-title elementor-size-default\">Mehr als Galvanisieren \u2013 Innovatives Veredeln f\u00fcr besondere Anspr\u00fcche <\/h2>\t\t\t\t<\/div>\n\t\t\t\t<\/div>\n\t\t\t\t<div class=\"elementor-element elementor-element-c482af3 elementor-widget elementor-widget-text-editor\" data-id=\"c482af3\" data-element_type=\"widget\" data-e-type=\"widget\" data-widget_type=\"text-editor.default\">\n\t\t\t\t<div class=\"elementor-widget-container\">\n\t\t\t\t\t\t\t\t\t<p>Neben den galvanisch erzeugten Oberfl\u00e4chen bietet HDO eine Vielzahl zus\u00e4tzlicher Verfahren an. Je nach Produktanforderung werden sie entweder erg\u00e4nzend oder alternativ eingesetzt. Dazu z\u00e4hlen z.B.:<\/p><ul><li><strong>Individuelle Pr\u00e4gungen, <\/strong>sowohl erhaben als auch vertieft<\/li><li><strong>Laserungen und Bedruckungen, <\/strong>pr\u00e4zise und best\u00e4ndig<\/li><li><strong>Die HDO Permanent Hygienische Applikation (PHA) <\/strong>f\u00fcr dauerhaft keimfreie Oberfl\u00e4chen<\/li><\/ul><p>\u00a0<\/p><p>Diese Verfahren erm\u00f6glichen h\u00f6chste Designfreiheit und Funktionalit\u00e4t, etwa bei <strong>sichtbaren Bedienkomponenten<\/strong> oder <strong>Premium-Oberfl\u00e4chen im Interieurbereich<\/strong>.<br \/>In Zusammenarbeit mit erfahrenen Partnern bietet HDO dar\u00fcber hinaus auch verschiedenste weitere <strong>Beschichtungsverfahren<\/strong> an \u2013 f\u00fcr Bauteile, die noch andere Anforderungen als rein metallische Oberfl\u00e4chen erf\u00fcllen m\u00fcssen. Dazu geh\u00f6ren die Nasslackierung, die Pulverbeschichtung, die Kathodische Tauchlackierung oder die PVD-Beschichtung. Diese wird im Anschluss an die Galvanik auf das Bauteil aufgebracht, so dass eine f\u00fcr eine qualitativ hochwertige galvanische Oberfl\u00e4che die Grundlage f\u00fcr eine dekorative PVD-Beschichtung bildet. Dar\u00fcber hinaus bieten wir auch technische Beschichtungen, wie Passivierungen an. So sind wir, mit eigener Galvanikkompetenz und erg\u00e4nzenden Technologien durch unsere Partner, Ihr umfassender Systemanbieter f\u00fcr innovative Oberfl\u00e4chenl\u00f6sungen oder Lohngalvanik &#8211; mit vollst\u00e4ndiger Kontrolle \u00fcber Prozess, Qualit\u00e4t und Terminierung.<\/p>\t\t\t\t\t\t\t\t<\/div>\n\t\t\t\t<\/div>\n\t\t\t\t<\/div>\n\t\t\t\t<\/div>\n\t\t<div class=\"elementor-element elementor-element-2409be0 e-con-full e-flex e-con e-parent\" data-id=\"2409be0\" data-element_type=\"container\" data-e-type=\"container\" id=\"nachhaltigkeit\" data-settings=\"{&quot;jet_parallax_layout_list&quot;:[],&quot;background_background&quot;:&quot;classic&quot;}\">\n\t\t<div class=\"elementor-element elementor-element-f4dd646 e-con-full e-flex e-con e-child\" data-id=\"f4dd646\" data-element_type=\"container\" data-e-type=\"container\" data-settings=\"{&quot;background_background&quot;:&quot;classic&quot;,&quot;jet_parallax_layout_list&quot;:[]}\">\n\t\t\t\t<div class=\"elementor-element elementor-element-e21a686 elementor-widget__width-auto heading-strich-dunkel elementor-widget elementor-widget-heading\" data-id=\"e21a686\" data-element_type=\"widget\" data-e-type=\"widget\" data-widget_type=\"heading.default\">\n\t\t\t\t<div class=\"elementor-widget-container\">\n\t\t\t\t\t<h2 class=\"elementor-heading-title elementor-size-default\">Wie wir verfahren \u2013 Technologisch aktuell, chemisch innovativ &amp; \u00f6kologisch verantwortungsvoll <\/h2>\t\t\t\t<\/div>\n\t\t\t\t<\/div>\n\t\t\t\t<div class=\"elementor-element elementor-element-c15dbda elementor-widget elementor-widget-text-editor\" data-id=\"c15dbda\" data-element_type=\"widget\" data-e-type=\"widget\" data-widget_type=\"text-editor.default\">\n\t\t\t\t<div class=\"elementor-widget-container\">\n\t\t\t\t\t\t\t\t\t<p>Auch in Sachen <strong>Nachhaltigkeit<\/strong> \u00fcberzeugt die Galvanotechnik bei HDO. Unsere Prozesse sind darauf ausgelegt, <strong>ressourcenschonend und emissionsarm<\/strong> zu verfahren. Galvanische Beschichtungen bei HDO erfolgen <strong>ohne organische L\u00f6semittel<\/strong> und sind <strong>frei von Overspray<\/strong>, was zu weniger Belastung f\u00fcr die Umwelt f\u00fchrt.<\/p><p>Die bei der Galvanisierung aufgebrachten Schichten selbst zeichnen sich durch\u00a0<strong>hohe Lebensdauer<\/strong>, <strong>Geruchsneutralit\u00e4t<\/strong>, <strong>Reinigungsfreundlichkeit<\/strong> und vollst\u00e4ndige <strong>Recyclingf\u00e4higkeit<\/strong> aus \u2013 ganz im Sinne einer <strong>kreislauff\u00e4higen Industrie<\/strong>. Zudem sind unsere Beschichtungen <strong>diffusionsdicht<\/strong>, sodass weder Gase noch Fl\u00fcssigkeiten \u00fcber die Jahre eindringen oder austreten k\u00f6nnen. Dar\u00fcber hinaus geben unsere beschichteten Bauteile kein Mikroplastik in die Umwelt ab \u2013 ideal f\u00fcr langlebige Produkte im Alltag oder im technischen Einsatz.<\/p>\t\t\t\t\t\t\t\t<\/div>\n\t\t\t\t<\/div>\n\t\t\t\t<\/div>\n\t\t\t\t<\/div>\n\t\t<div class=\"elementor-element elementor-element-7354aa0 e-con-full e-flex e-con e-parent\" data-id=\"7354aa0\" data-element_type=\"container\" data-e-type=\"container\" data-settings=\"{&quot;jet_parallax_layout_list&quot;:[]}\">\n\t\t<div class=\"elementor-element elementor-element-e8562d1 e-con-full e-flex e-con e-child\" data-id=\"e8562d1\" data-element_type=\"container\" data-e-type=\"container\" data-settings=\"{&quot;background_background&quot;:&quot;classic&quot;,&quot;jet_parallax_layout_list&quot;:[]}\">\n\t\t<div class=\"elementor-element elementor-element-41c845e e-con-full e-flex e-con e-child\" data-id=\"41c845e\" data-element_type=\"container\" data-e-type=\"container\" data-settings=\"{&quot;jet_parallax_layout_list&quot;:[]}\">\n\t\t\t\t<div class=\"elementor-element elementor-element-6daa218 elementor-widget elementor-widget-text-editor\" data-id=\"6daa218\" data-element_type=\"widget\" data-e-type=\"widget\" data-widget_type=\"text-editor.default\">\n\t\t\t\t<div class=\"elementor-widget-container\">\n\t\t\t\t\t\t\t\t\t<p>HDO bietet nicht nur galvanische Oberfl\u00e4chen, sondern ma\u00dfgeschneiderte L\u00f6sungen f\u00fcr Ihre Produkte. Mit Europas gr\u00f6\u00dfter Gestell-Galvanik f\u00fcr Zinkdruckguss und weitere Werkstoffe, einem hauseigenen Technikum zur Farb- und Prozessentwicklung sowie einem breiten Spektrum an Zusatzverfahren z\u00e4hlt HDO zu den marktf\u00fchrenden Anbietern f\u00fcr industrielle Oberfl\u00e4chenveredelung. Unser Team macht aus Metallkomponenten hochwertige, langlebige und markenpr\u00e4gende Oberfl\u00e4chen.<br \/>Profitieren auch Sie schon demn\u00e4chst von unserer technischen Expertise, unserem gestalterischen Feingef\u00fchl und einem klaren Fokus auf Effizienz und Nachhaltigkeit.<\/p><p><a href=\"https:\/\/hdo-gmbh.com\/de\/kontakthdo\/\">Kontaktieren Sie uns heute<\/a> noch!<\/p>\t\t\t\t\t\t\t\t<\/div>\n\t\t\t\t<\/div>\n\t\t\t\t<\/div>\n\t\t\t\t<\/div>\n\t\t<div class=\"elementor-element elementor-element-b0f81b3 e-con-full e-flex e-con e-child\" data-id=\"b0f81b3\" data-element_type=\"container\" data-e-type=\"container\" data-settings=\"{&quot;background_background&quot;:&quot;classic&quot;,&quot;jet_parallax_layout_list&quot;:[]}\">\n\t\t<div class=\"elementor-element elementor-element-90156e9 e-con-full e-flex e-con e-child\" data-id=\"90156e9\" data-element_type=\"container\" data-e-type=\"container\" data-settings=\"{&quot;jet_parallax_layout_list&quot;:[]}\">\n\t\t\t\t<div class=\"elementor-element elementor-element-ffe467b elementor-widget__width-auto heading-strich-hell elementor-widget elementor-widget-heading\" data-id=\"ffe467b\" data-element_type=\"widget\" data-e-type=\"widget\" data-widget_type=\"heading.default\">\n\t\t\t\t<div class=\"elementor-widget-container\">\n\t\t\t\t\t<h2 class=\"elementor-heading-title elementor-size-default\">Galvanotechnik mit System \u2013<br> Made by HDO <\/h2>\t\t\t\t<\/div>\n\t\t\t\t<\/div>\n\t\t\t\t<\/div>\n\t\t\t\t<\/div>\n\t\t\t\t<\/div>\n\t\t\t\t<\/div>\n\t\t","protected":false},"excerpt":{"rendered":"<p>Galvano&shy;technik Profitieren Sie jetzt von der ganzen Erfahrung und Expertise, die HDO Ihrem Unternehmen im Bereich der Galvanotechnik bietet! Als Spezialist f\u00fcr hochwertige Oberfl\u00e4chenveredelung von Druckgussteilen steht HDO europaweit an der Spitze der Galvanotechnik. Wir bieten unseren Auftraggebern Beschichtung\u00a0 auf h\u00f6chstem Niveau und ma\u00dfgeschneiderte L\u00f6sungen f\u00fcr unterschiedlichste Branchenanforderungen. Mit der gr\u00f6\u00dften vollautomatischen Zinkdruckguss-Galvanik Europas und [&hellip;]<\/p>\n","protected":false},"author":17,"featured_media":0,"parent":0,"menu_order":0,"comment_status":"closed","ping_status":"closed","template":"elementor_header_footer","meta":{"footnotes":""},"template-eng":[],"class_list":["post-12347","page","type-page","status-publish","hentry"],"_links":{"self":[{"href":"https:\/\/hdo-gmbh.com\/de\/wp-json\/wp\/v2\/pages\/12347","targetHints":{"allow":["GET"]}}],"collection":[{"href":"https:\/\/hdo-gmbh.com\/de\/wp-json\/wp\/v2\/pages"}],"about":[{"href":"https:\/\/hdo-gmbh.com\/de\/wp-json\/wp\/v2\/types\/page"}],"author":[{"embeddable":true,"href":"https:\/\/hdo-gmbh.com\/de\/wp-json\/wp\/v2\/users\/17"}],"replies":[{"embeddable":true,"href":"https:\/\/hdo-gmbh.com\/de\/wp-json\/wp\/v2\/comments?post=12347"}],"version-history":[{"count":0,"href":"https:\/\/hdo-gmbh.com\/de\/wp-json\/wp\/v2\/pages\/12347\/revisions"}],"wp:attachment":[{"href":"https:\/\/hdo-gmbh.com\/de\/wp-json\/wp\/v2\/media?parent=12347"}],"wp:term":[{"taxonomy":"template-eng","embeddable":true,"href":"https:\/\/hdo-gmbh.com\/de\/wp-json\/wp\/v2\/template-eng?post=12347"}],"curies":[{"name":"wp","href":"https:\/\/api.w.org\/{rel}","templated":true}]}}