{"id":13170,"date":"2025-07-29T11:56:23","date_gmt":"2025-07-29T09:56:23","guid":{"rendered":"https:\/\/hdo-gmbh.com\/elementor\/?page_id=13170"},"modified":"2025-12-15T09:56:38","modified_gmt":"2025-12-15T08:56:38","slug":"imprint","status":"publish","type":"page","link":"https:\/\/hdo-gmbh.com\/en\/imprint\/","title":{"rendered":"Imprint"},"content":{"rendered":"\t\t<div data-elementor-type=\"wp-page\" data-elementor-id=\"13170\" class=\"elementor elementor-13170 elementor-11572\" data-elementor-post-type=\"page\">\n\t\t\t\t<div class=\"elementor-element elementor-element-2266bc4 e-con-full e-flex e-con e-parent\" data-id=\"2266bc4\" data-element_type=\"container\" data-e-type=\"container\" data-settings=\"{&quot;jet_parallax_layout_list&quot;:[],&quot;background_background&quot;:&quot;classic&quot;}\">\n\t\t<div class=\"elementor-element elementor-element-2da1de2 e-con-full e-flex e-con e-child\" data-id=\"2da1de2\" data-element_type=\"container\" data-e-type=\"container\" data-settings=\"{&quot;background_background&quot;:&quot;classic&quot;,&quot;jet_parallax_layout_list&quot;:[]}\">\n\t\t\t\t<div class=\"elementor-element elementor-element-61cfe4d elementor-widget__width-auto heading-strich-dunkel elementor-widget elementor-widget-heading\" data-id=\"61cfe4d\" data-element_type=\"widget\" data-e-type=\"widget\" data-widget_type=\"heading.default\">\n\t\t\t\t<div class=\"elementor-widget-container\">\n\t\t\t\t\t<h2 class=\"elementor-heading-title elementor-size-default\">Imprint<\/h2>\t\t\t\t<\/div>\n\t\t\t\t<\/div>\n\t\t\t\t<div class=\"elementor-element elementor-element-fee5816 elementor-widget elementor-widget-text-editor\" data-id=\"fee5816\" data-element_type=\"widget\" data-e-type=\"widget\" data-widget_type=\"text-editor.default\">\n\t\t\t\t<div class=\"elementor-widget-container\">\n\t\t\t\t\t\t\t\t\t<p><strong>HDO Druckgu\u00df- und Oberfl\u00e4chentechnik GmbH<\/strong><br \/>Halberst\u00e4dter Str. 7-13<br \/>33106 Paderborn, Germany<\/p><p>Tel.\u00a0 +49 (0) 52 51 \/ 7 04-33 00<br \/>Fax\u00a0 +49 (0) 52 51 \/ 7 04-33 01<\/p><p><a href=\"mailto:info@hdo-gmbh.com\">info@hdo-gmbh.com<\/a><br \/><a href=\"https:\/\/www.hdo-gmbh.com\/\">www.hdo-gmbh.com<\/a><\/p><p><strong>partner<\/strong><strong><br \/><\/strong>Mr Werner Beneken<\/p><p><strong>Management board<\/strong><br \/>Ms Martina Gundelach, Christian Leon<\/p><p>Register court: Amtsgericht (district court) Paderborn HRB 3218<br \/>VAT ID No.: DE 197854069<\/p><p><strong>Arbitration<\/strong><strong><br \/><\/strong>We are neither willing nor obligated to participate in arbitration proceedings before a consumer arbitration board.<\/p><p><strong>Liability for content<\/strong><br \/>The content of our pages was created with the utmost care. However, we cannot accept any liability for the correctness, completeness and topicality of the content. We are, as service provider, in accordance with \u00a7 7 Par. 1 German Telemedia Act (TMG \u2013 Telemediengesetz) responsible for our own content on these pages in accordance with applicable law. However, in accordance with \u00a7\u00a7 8 to 10 TMG, we are not required to monitor information transmitted or stored by others nor to search for circumstances that would indicate an unlawful activity. The requirement to remove or block the usage of information in accordance with applicable law remains untouched by this. However, liability regarding this is only possible from the point in time on that knowledge of a specific violation of the law was obtained. Upon obtaining knowledge of respective violations of the law, we will immediately remove such content.<\/p><p><strong>Liability for links<\/strong><br \/>Our presence contains links to external web pages of third parties on whose content we do not have any influence. We therefore also cannot accept any liability for such foreign content. The content of the linked pages is always the responsibility of the provider or operator of the respective pages. The linked pages were inspected for potential violations of the law at the time they were linked to. No illegal content was apparent at the time they were linked to. However, a continuous inspection of the content of the linked pages is not reasonable without specific evidence of a violation of the law. Upon obtaining knowledge of violations of the law, we will immediately remove such links.<\/p><p><strong>Copyright<\/strong><br \/>The content and work on these pages created by the site operator is subject to German copyright. The reproduction, adaptation, distribution and any form of use outside the limits of copyright law requires the written approval of the respective author and\/or creator. Downloads and copies of these pages are only permitted for private, non-commercial use. To the extent that the content of this site was not created by the operator, the copyright of third parties has been adhered to. In particular, all content by third parties is labelled accordingly. In case you nevertheless observe a copyright violation, please let us know. Upon obtaining knowledge of violations of the law, we will immediately remove such content.<\/p><p><strong>Picture credits<\/strong><br \/>\u00a9mibPhoto, nito, WunderBild, Photocreo Bednarek, Zerbor, Alexander Rath \u00a0\u2013 adobe.stock.com<br \/>\u00a9istock.com\/ Nastco, BIHAIBO, Cecilie Arcurs, FernandoAH, ThomasVogel, bagi1998<\/p><p><strong>Point of contact<\/strong><br \/>In case of questions regarding the contents of this website, please contact HDO at the address stated above.<\/p>\t\t\t\t\t\t\t\t<\/div>\n\t\t\t\t<\/div>\n\t\t\t\t<\/div>\n\t\t\t\t<\/div>\n\t\t\t\t<\/div>\n\t\t","protected":false},"excerpt":{"rendered":"<p>Imprint HDO Druckgu\u00df- und Oberfl\u00e4chentechnik GmbHHalberst\u00e4dter Str. 7-1333106 Paderborn, Germany Tel.\u00a0 +49 (0) 52 51 \/ 7 04-33 00Fax\u00a0 +49 (0) 52 51 \/ 7 04-33 01 info@hdo-gmbh.comwww.hdo-gmbh.com partnerMr Werner Beneken Management boardMs Martina Gundelach, Christian Leon Register court: Amtsgericht (district court) Paderborn HRB 3218VAT ID No.: DE 197854069 ArbitrationWe are neither willing nor obligated [&hellip;]<\/p>\n","protected":false},"author":17,"featured_media":0,"parent":0,"menu_order":0,"comment_status":"closed","ping_status":"closed","template":"elementor_header_footer","meta":{"footnotes":""},"template-eng":[],"class_list":["post-13170","page","type-page","status-publish","hentry"],"_links":{"self":[{"href":"https:\/\/hdo-gmbh.com\/en\/wp-json\/wp\/v2\/pages\/13170","targetHints":{"allow":["GET"]}}],"collection":[{"href":"https:\/\/hdo-gmbh.com\/en\/wp-json\/wp\/v2\/pages"}],"about":[{"href":"https:\/\/hdo-gmbh.com\/en\/wp-json\/wp\/v2\/types\/page"}],"author":[{"embeddable":true,"href":"https:\/\/hdo-gmbh.com\/en\/wp-json\/wp\/v2\/users\/17"}],"replies":[{"embeddable":true,"href":"https:\/\/hdo-gmbh.com\/en\/wp-json\/wp\/v2\/comments?post=13170"}],"version-history":[{"count":0,"href":"https:\/\/hdo-gmbh.com\/en\/wp-json\/wp\/v2\/pages\/13170\/revisions"}],"wp:attachment":[{"href":"https:\/\/hdo-gmbh.com\/en\/wp-json\/wp\/v2\/media?parent=13170"}],"wp:term":[{"taxonomy":"template-eng","embeddable":true,"href":"https:\/\/hdo-gmbh.com\/en\/wp-json\/wp\/v2\/template-eng?post=13170"}],"curies":[{"name":"wp","href":"https:\/\/api.w.org\/{rel}","templated":true}]}}